{"id":1467,"date":"2023-10-07T14:15:28","date_gmt":"2023-10-07T15:15:28","guid":{"rendered":"https:\/\/www.kristensen-skjern.dk\/?page_id=1467"},"modified":"2023-10-24T14:32:33","modified_gmt":"2023-10-24T15:32:33","slug":"erik","status":"publish","type":"page","link":"https:\/\/www.kristensen-skjern.dk\/","title":{"rendered":"Forside"},"content":{"rendered":"\n<h5 class=\"wp-block-heading\"><strong>Velkommen til min hjemmesiden<\/strong><\/h5>\n\n\n<div class='photonic-wp-stream photonic-stream ' id='photonic-wp-stream-1'>\n<div id='photonic-slideshow-wp-1' class='photonic-slideshow splide no-strip title-display-tooltip photonic-slideshow-adapt-height-width' data-splide='{&quot;type&quot;:&quot;fade&quot;,&quot;perPage&quot;:&quot;1&quot;,&quot;autoplay&quot;:true,&quot;interval&quot;:&quot;5000&quot;,&quot;speed&quot;:&quot;1000&quot;,&quot;drag&quot;:true,&quot;pauseOnHover&quot;:true,&quot;pagination&quot;:false,&quot;slideFocus&quot;:false,&quot;arrows&quot;:true,&quot;direction&quot;:&quot;ltr&quot;,&quot;breakpoints&quot;:{&quot;480&quot;:{&quot;perPage&quot;:1}}}'>\n\t<div class='splide__track'>\n\t\t<ul class='photonic-slideshow-content splide__list'>\n\t\t\t<li class='photonic-slideshow-img splide__slide'>\n\t\t\t\t<div class='splide__slide__container'>\n\t\t\t\t<img src='https:\/\/www.kristensen-skjern.dk\/wp-content\/uploads\/2022\/02\/DSC_4547.jpg' alt='DSC_4547' title='DSC_4547' data-photonic-tooltip=\"DSC_4547\" id='photonic-slideshow-wp-1-1085' \/>\n\t\t\t\t<\/div>\n\t\t\t<\/li>\n\t\t\t<li class='photonic-slideshow-img splide__slide'>\n\t\t\t\t<div class='splide__slide__container'>\n\t\t\t\t<img src='https:\/\/www.kristensen-skjern.dk\/wp-content\/uploads\/2023\/09\/DSC8463.jpg' alt='_DSC8463' title='_DSC8463' data-photonic-tooltip=\"_DSC8463\" id='photonic-slideshow-wp-1-1123' \/>\n\t\t\t\t<\/div>\n\t\t\t<\/li>\n\t\t\t<li class='photonic-slideshow-img splide__slide'>\n\t\t\t\t<div class='splide__slide__container'>\n\t\t\t\t<img src='https:\/\/www.kristensen-skjern.dk\/wp-content\/uploads\/2022\/02\/DSC_9171.jpg' alt='DSC_9171' title='DSC_9171' data-photonic-tooltip=\"DSC_9171\" id='photonic-slideshow-wp-1-1066' \/>\n\t\t\t\t<\/div>\n\t\t\t<\/li>\n\t\t\t<li class='photonic-slideshow-img splide__slide'>\n\t\t\t\t<div class='splide__slide__container'>\n\t\t\t\t<img src='https:\/\/www.kristensen-skjern.dk\/wp-content\/uploads\/2022\/02\/DSC0303.jpg' alt='_DSC0303' title='_DSC0303' data-photonic-tooltip=\"_DSC0303\" id='photonic-slideshow-wp-1-992' \/>\n\t\t\t\t<\/div>\n\t\t\t<\/li>\n\t\t\t<li class='photonic-slideshow-img splide__slide'>\n\t\t\t\t<div class='splide__slide__container'>\n\t\t\t\t<img src='https:\/\/www.kristensen-skjern.dk\/wp-content\/uploads\/2022\/02\/DSC_0133.jpg' alt='DSC_0133' title='DSC_0133' data-photonic-tooltip=\"DSC_0133\" id='photonic-slideshow-wp-1-1024' \/>\n\t\t\t\t<\/div>\n\t\t\t<\/li>\n\t\t\t<li class='photonic-slideshow-img splide__slide'>\n\t\t\t\t<div class='splide__slide__container'>\n\t\t\t\t<img src='https:\/\/www.kristensen-skjern.dk\/wp-content\/uploads\/2022\/02\/DSC4562.jpg' alt='_DSC4562' title='_DSC4562' data-photonic-tooltip=\"_DSC4562\" id='photonic-slideshow-wp-1-955' \/>\n\t\t\t\t<\/div>\n\t\t\t<\/li>\n\t\t\t<li class='photonic-slideshow-img splide__slide'>\n\t\t\t\t<div class='splide__slide__container'>\n\t\t\t\t<img src='https:\/\/www.kristensen-skjern.dk\/wp-content\/uploads\/2022\/02\/DSC_4714-1.jpg' alt='DSC_4714' title='DSC_4714' data-photonic-tooltip=\"DSC_4714\" id='photonic-slideshow-wp-1-895' \/>\n\t\t\t\t<\/div>\n\t\t\t<\/li>\n\t\t\t<li class='photonic-slideshow-img splide__slide'>\n\t\t\t\t<div class='splide__slide__container'>\n\t\t\t\t<img src='https:\/\/www.kristensen-skjern.dk\/wp-content\/uploads\/2022\/02\/DSC_3435.jpg' alt='DSC_3435' title='DSC_3435' data-photonic-tooltip=\"DSC_3435\" id='photonic-slideshow-wp-1-922' \/>\n\t\t\t\t<\/div>\n\t\t\t<\/li>\n\t\t\t<li class='photonic-slideshow-img splide__slide'>\n\t\t\t\t<div class='splide__slide__container'>\n\t\t\t\t<img src='https:\/\/www.kristensen-skjern.dk\/wp-content\/uploads\/2022\/02\/DSC_4960.jpg' alt='DSC_4960' title='DSC_4960' data-photonic-tooltip=\"DSC_4960\" id='photonic-slideshow-wp-1-878' \/>\n\t\t\t\t<\/div>\n\t\t\t<\/li>\n\t\t\t<li class='photonic-slideshow-img splide__slide'>\n\t\t\t\t<div class='splide__slide__container'>\n\t\t\t\t<img src='https:\/\/www.kristensen-skjern.dk\/wp-content\/uploads\/2022\/02\/DSC_3996.jpg' alt='DSC_3996' title='DSC_3996' data-photonic-tooltip=\"DSC_3996\" id='photonic-slideshow-wp-1-848' \/>\n\t\t\t\t<\/div>\n\t\t\t<\/li>\n\t\t\t<li class='photonic-slideshow-img splide__slide'>\n\t\t\t\t<div class='splide__slide__container'>\n\t\t\t\t<img src='https:\/\/www.kristensen-skjern.dk\/wp-content\/uploads\/2022\/02\/DSC1838.jpg' alt='_DSC1838' title='_DSC1838' data-photonic-tooltip=\"_DSC1838\" id='photonic-slideshow-wp-1-775' \/>\n\t\t\t\t<\/div>\n\t\t\t<\/li>\n\t\t\t<li class='photonic-slideshow-img splide__slide'>\n\t\t\t\t<div class='splide__slide__container'>\n\t\t\t\t<img src='https:\/\/www.kristensen-skjern.dk\/wp-content\/uploads\/2021\/10\/DSC5456.jpg' alt='_DSC5456' title='_DSC5456' data-photonic-tooltip=\"_DSC5456\" id='photonic-slideshow-wp-1-722' \/>\n\t\t\t\t<\/div>\n\t\t\t<\/li>\n\t\t\t<li class='photonic-slideshow-img splide__slide'>\n\t\t\t\t<div class='splide__slide__container'>\n\t\t\t\t<img src='https:\/\/www.kristensen-skjern.dk\/wp-content\/uploads\/2021\/10\/DSC_8106.jpg' alt='DSC_8106' title='DSC_8106' data-photonic-tooltip=\"DSC_8106\" id='photonic-slideshow-wp-1-711' \/>\n\t\t\t\t<\/div>\n\t\t\t<\/li>\n\t\t\t<li class='photonic-slideshow-img splide__slide'>\n\t\t\t\t<div class='splide__slide__container'>\n\t\t\t\t<img src='https:\/\/www.kristensen-skjern.dk\/wp-content\/uploads\/2021\/10\/DSC_0294-a.jpg' alt='DSC_0294 a' title='DSC_0294 a' data-photonic-tooltip=\"DSC_0294 a\" id='photonic-slideshow-wp-1-692' \/>\n\t\t\t\t<\/div>\n\t\t\t<\/li>\n\t\t\t<li class='photonic-slideshow-img splide__slide'>\n\t\t\t\t<div class='splide__slide__container'>\n\t\t\t\t<img src='https:\/\/www.kristensen-skjern.dk\/wp-content\/uploads\/2021\/10\/DSC_9897.jpg' alt='DSC_9897' title='DSC_9897' data-photonic-tooltip=\"DSC_9897\" id='photonic-slideshow-wp-1-659' \/>\n\t\t\t\t<\/div>\n\t\t\t<\/li>\n\t\t\t<li class='photonic-slideshow-img splide__slide'>\n\t\t\t\t<div class='splide__slide__container'>\n\t\t\t\t<img src='https:\/\/www.kristensen-skjern.dk\/wp-content\/uploads\/2023\/10\/DSC_2546-.jpg' alt='DSC_2546' title='DSC_2546' data-photonic-tooltip=\"DSC_2546\" id='photonic-slideshow-wp-1-1684' \/>\n\t\t\t\t<\/div>\n\t\t\t<\/li>\n\t\t\t<li class='photonic-slideshow-img splide__slide'>\n\t\t\t\t<div class='splide__slide__container'>\n\t\t\t\t<img src='https:\/\/www.kristensen-skjern.dk\/wp-content\/uploads\/2023\/10\/DSC_0098-kopier.jpg' alt='DSC_0098 kopier' title='DSC_0098 kopier' data-photonic-tooltip=\"DSC_0098 kopier\" id='photonic-slideshow-wp-1-1696' \/>\n\t\t\t\t<\/div>\n\t\t\t<\/li>\n\t\t<\/ul>\n\t<\/div><!-- splide__track -->\n<\/div><!-- .photonic-slideshow-->\n\n<\/div><!-- .photonic-stream or .photonic-panel -->\n\n\n\n<h5 class=\"wp-block-heading\"><\/h5>\n\n\n\n<h5 class=\"wp-block-heading\">Fotografering har haft min interesse siden skoletiden, hvor det var analog film, der skulle fremkaldes, og det var relativ dyrt, samtidigt med at man f\u00f8rst kunne se resultatet, n\u00e5r filmen blev fremkaldt.&nbsp;<br>Lavede en del smalfilm uden lyd i 70\u00e9rne, og s\u00e5 kom de f\u00f8rste digitale kameraer sidst i 80\u00e8rne hvor jeg gik i gang med super 8 med b\u00e5nd og senere med HD&nbsp;<br>Men kom f\u00f8rst i gang med digital fotografering midt i 90\u00e9rne, den f\u00f8rste var en med 1,3 Mpixels, som blev brugt mest til kvalitets sikring gennem mit dav\u00e6rende arbejde og hjemmesider, som den gang ikke kr\u00e6vede s\u00e5 meget .<br>Jeg kom egentlig f\u00f8rst rigtigt i gang i 2012 hvor det startede med at tage billeder af modelfly, og nu blev det vanskeligt, de var jo i stor fart, og relativ langt v\u00e6k.<br>Det gik hurtigt op for mig, at nu m\u00e5r jeg i gang med at l\u00e6re noget mere, og meldte mig ind i fotoklubben FotoGruppen MidtWest<\/h5>\n\n\n\n<h5 class=\"wp-block-heading\">Og siden medstifter af Vestjyske Naturfotografer, som kun besk\u00e6ftig sig med naturfotografering i alle den afskygninger.<\/h5>\n","protected":false},"excerpt":{"rendered":"<p>Velkommen til min hjemmesiden Fotografering har haft min interesse siden skoletiden, hvor det var analog film, der skulle fremkaldes, og det var relativ dyrt, samtidigt med at man f\u00f8rst kunne se resultatet, n\u00e5r filmen blev fremkaldt.&nbsp;Lavede en del smalfilm uden lyd i 70\u00e9rne, og s\u00e5 kom de f\u00f8rste digitale kameraer sidst i 80\u00e8rne hvor jeg gik i gang med super 8 med b\u00e5nd og senere med HD&nbsp;Men kom f\u00f8rst i gang med digital fotografering midt i 90\u00e9rne, den f\u00f8rste var en med 1,3 Mpixels, som blev brugt mest til kvalitets sikring gennem mit dav\u00e6rende arbejde og hjemmesider, som den gang ikke kr\u00e6vede s\u00e5 meget .Jeg kom egentlig f\u00f8rst rigtigt i gang i 2012 hvor det startede med at tage billeder af modelfly, og nu blev det vanskeligt, de var jo i stor fart, og relativ langt v\u00e6k.Det gik hurtigt op for mig, at nu m\u00e5r jeg i gang med at l\u00e6re noget mere, og meldte mig ind i fotoklubben FotoGruppen MidtWest Og siden medstifter af Vestjyske Naturfotografer, som kun besk\u00e6ftig sig med naturfotografering i alle den afskygninger.<\/p>\n","protected":false},"author":1,"featured_media":0,"parent":0,"menu_order":0,"comment_status":"closed","ping_status":"closed","template":"","meta":{"ngg_post_thumbnail":0,"footnotes":""},"class_list":["post-1467","page","type-page","status-publish","hentry"],"_links":{"self":[{"href":"https:\/\/www.kristensen-skjern.dk\/index.php\/wp-json\/wp\/v2\/pages\/1467","targetHints":{"allow":["GET"]}}],"collection":[{"href":"https:\/\/www.kristensen-skjern.dk\/index.php\/wp-json\/wp\/v2\/pages"}],"about":[{"href":"https:\/\/www.kristensen-skjern.dk\/index.php\/wp-json\/wp\/v2\/types\/page"}],"author":[{"embeddable":true,"href":"https:\/\/www.kristensen-skjern.dk\/index.php\/wp-json\/wp\/v2\/users\/1"}],"replies":[{"embeddable":true,"href":"https:\/\/www.kristensen-skjern.dk\/index.php\/wp-json\/wp\/v2\/comments?post=1467"}],"version-history":[{"count":11,"href":"https:\/\/www.kristensen-skjern.dk\/index.php\/wp-json\/wp\/v2\/pages\/1467\/revisions"}],"predecessor-version":[{"id":1703,"href":"https:\/\/www.kristensen-skjern.dk\/index.php\/wp-json\/wp\/v2\/pages\/1467\/revisions\/1703"}],"wp:attachment":[{"href":"https:\/\/www.kristensen-skjern.dk\/index.php\/wp-json\/wp\/v2\/media?parent=1467"}],"curies":[{"name":"wp","href":"https:\/\/api.w.org\/{rel}","templated":true}]}}