{"id":1012,"date":"2022-02-17T15:10:46","date_gmt":"2022-02-17T16:10:46","guid":{"rendered":"https:\/\/www.kristensen-skjern.dk\/?page_id=1012"},"modified":"2023-11-18T13:56:19","modified_gmt":"2023-11-18T14:56:19","slug":"kohejre","status":"publish","type":"page","link":"https:\/\/www.kristensen-skjern.dk\/index.php\/kohejre\/","title":{"rendered":"Kohejre"},"content":{"rendered":"\n<h4 class=\"wp-block-heading\" id=\"kohejren-er-en-fugl-i-hejrefamilien-fuglen-er-51-cm-lang-og-vejer-350-g-kohejren-er-en-lille-hejre-med-kort-naeb-og-korte-ben-dens-yngledragt-har-et-gulbrunt-anstrog-pa-issen-brystet-pg-bagryggen-mens-dens-naeb-og-ben-er-rode-om-vinteren-er-den-helt-hvid-med-gult-naeb-og-gulgra-ben\">Kohejren er en fugl i hejrefamilien. Fuglen er 51 cm lang og vejer 350 g. Kohejren er en lille hejre med kort n\u00e6b og korte ben. Dens yngledragt har et gulbrunt anstr\u00f8g p\u00e5 issen, brystet pg bagryggen, mens dens n\u00e6b og ben er r\u00f8de. Om vinteren er den helt hvid med gult n\u00e6b og gulgr\u00e5 ben.<\/h4>\n\n\n<div class='photonic-wp-stream photonic-stream ' id='photonic-wp-stream-1'>\n\n\t<div id='photonic-wp-stream-1-container' class='title-display-tooltip photonic-level-1-container sizes-present photonic-mosaic-layout photonic-thumbnail-effect-zoom' data-photonic-platform=\"wp\" data-photonic-gallery-columns=\"auto\" data-photonic-query=\"order=ASC&amp;orderby=post__in&amp;id=1012&amp;itemtag=figure&amp;icontag=div&amp;captiontag=figcaption&amp;size=thumbnail&amp;include=1013,1014,1015,1016,1017,1018,1868,1869,1870,1871,1872&amp;exclude=&amp;link=&amp;offset=0&amp;layout=mosaic&amp;custom_classes=&amp;alignment=&amp;caption=title&amp;page=1&amp;count=-1&amp;thumb_size=thumbnail&amp;slide_size=large&amp;type=default&amp;style=mosaic&amp;display=local&amp;ids=1013,1014,1015,1016,1017,1018,1868,1869,1870,1871,1872&amp;main_size=full&amp;tile_size=full&amp;show_gallery=Kohejre&amp;columns=auto\">\n\t\t<figure class='photonic-level-1 photonic-thumb'>\n\t\t\t<a href='https:\/\/www.kristensen-skjern.dk\/wp-content\/uploads\/2022\/02\/DSC8579.jpg' title='_DSC8579' rel='lightbox-photonic-wp-stream-1' class='photonic-lb photonic-baguettebox baguettebox' data-photonic-media-type=\"image\" data-content-type=\"image\" data-photonic-deep=\"gallery[photonic-wp-stream-1]\/1013\/\" data-title=\"&lt;a href=&#039;https:\/\/www.kristensen-skjern.dk\/index.php\/kohejre\/_dsc8579\/&#039; &gt;_DSC8579&lt;\/a&gt;\" data-photonic-tooltip=\"_DSC8579\">\n\t\t\t\t<img alt='_DSC8579' class='mosaic' data-src='https:\/\/www.kristensen-skjern.dk\/wp-content\/uploads\/2022\/02\/DSC8579.jpg' loading='lazy' width='2048' height='1366' \/>\n\t\t\t<\/a>\n\t\t<\/figure>\n\t\t<figure class='photonic-level-1 photonic-thumb'>\n\t\t\t<a href='https:\/\/www.kristensen-skjern.dk\/wp-content\/uploads\/2022\/02\/DSC8583.jpg' title='_DSC8583' rel='lightbox-photonic-wp-stream-1' class='photonic-lb photonic-baguettebox baguettebox' data-photonic-media-type=\"image\" data-content-type=\"image\" data-photonic-deep=\"gallery[photonic-wp-stream-1]\/1014\/\" data-title=\"&lt;a href=&#039;https:\/\/www.kristensen-skjern.dk\/index.php\/kohejre\/_dsc8583\/&#039; &gt;_DSC8583&lt;\/a&gt;\" data-photonic-tooltip=\"_DSC8583\">\n\t\t\t\t<img alt='_DSC8583' class='mosaic' data-src='https:\/\/www.kristensen-skjern.dk\/wp-content\/uploads\/2022\/02\/DSC8583.jpg' loading='lazy' width='2048' height='1365' \/>\n\t\t\t<\/a>\n\t\t<\/figure>\n\t\t<figure class='photonic-level-1 photonic-thumb'>\n\t\t\t<a href='https:\/\/www.kristensen-skjern.dk\/wp-content\/uploads\/2022\/02\/DSC8779.jpg' title='_DSC8779' rel='lightbox-photonic-wp-stream-1' class='photonic-lb photonic-baguettebox baguettebox' data-photonic-media-type=\"image\" data-content-type=\"image\" data-photonic-deep=\"gallery[photonic-wp-stream-1]\/1015\/\" data-title=\"&lt;a href=&#039;https:\/\/www.kristensen-skjern.dk\/index.php\/kohejre\/_dsc8779\/&#039; &gt;_DSC8779&lt;\/a&gt;\" data-photonic-tooltip=\"_DSC8779\">\n\t\t\t\t<img alt='_DSC8779' class='mosaic' data-src='https:\/\/www.kristensen-skjern.dk\/wp-content\/uploads\/2022\/02\/DSC8779.jpg' loading='lazy' width='2048' height='1365' \/>\n\t\t\t<\/a>\n\t\t<\/figure>\n\t\t<figure class='photonic-level-1 photonic-thumb'>\n\t\t\t<a href='https:\/\/www.kristensen-skjern.dk\/wp-content\/uploads\/2022\/02\/KoHejre02.jpg' title='KoHejre02' rel='lightbox-photonic-wp-stream-1' class='photonic-lb photonic-baguettebox baguettebox' data-photonic-media-type=\"image\" data-content-type=\"image\" data-photonic-deep=\"gallery[photonic-wp-stream-1]\/1016\/\" data-title=\"&lt;a href=&#039;https:\/\/www.kristensen-skjern.dk\/index.php\/kohejre\/kohejre02\/&#039; &gt;KoHejre02&lt;\/a&gt;\" data-photonic-tooltip=\"KoHejre02\">\n\t\t\t\t<img alt='KoHejre02' class='mosaic' data-src='https:\/\/www.kristensen-skjern.dk\/wp-content\/uploads\/2022\/02\/KoHejre02.jpg' loading='lazy' width='2048' height='1365' \/>\n\t\t\t<\/a>\n\t\t<\/figure>\n\t\t<figure class='photonic-level-1 photonic-thumb'>\n\t\t\t<a href='https:\/\/www.kristensen-skjern.dk\/wp-content\/uploads\/2022\/02\/KoHejre03.jpg' title='KoHejre03' rel='lightbox-photonic-wp-stream-1' class='photonic-lb photonic-baguettebox baguettebox' data-photonic-media-type=\"image\" data-content-type=\"image\" data-photonic-deep=\"gallery[photonic-wp-stream-1]\/1017\/\" data-title=\"&lt;a href=&#039;https:\/\/www.kristensen-skjern.dk\/index.php\/kohejre\/kohejre03\/&#039; &gt;KoHejre03&lt;\/a&gt;\" data-photonic-tooltip=\"KoHejre03\">\n\t\t\t\t<img alt='KoHejre03' class='mosaic' data-src='https:\/\/www.kristensen-skjern.dk\/wp-content\/uploads\/2022\/02\/KoHejre03.jpg' loading='lazy' width='2048' height='1366' \/>\n\t\t\t<\/a>\n\t\t<\/figure>\n\t\t<figure class='photonic-level-1 photonic-thumb'>\n\t\t\t<a href='https:\/\/www.kristensen-skjern.dk\/wp-content\/uploads\/2022\/02\/KoHejre01.jpg' title='KoHejre01' rel='lightbox-photonic-wp-stream-1' class='photonic-lb photonic-baguettebox baguettebox' data-photonic-media-type=\"image\" data-content-type=\"image\" data-photonic-deep=\"gallery[photonic-wp-stream-1]\/1018\/\" data-title=\"&lt;a href=&#039;https:\/\/www.kristensen-skjern.dk\/index.php\/kohejre\/kohejre01\/&#039; &gt;KoHejre01&lt;\/a&gt;\" data-photonic-tooltip=\"KoHejre01\">\n\t\t\t\t<img alt='KoHejre01' class='mosaic' data-src='https:\/\/www.kristensen-skjern.dk\/wp-content\/uploads\/2022\/02\/KoHejre01.jpg' loading='lazy' width='2048' height='1365' \/>\n\t\t\t<\/a>\n\t\t<\/figure>\n\t\t<figure class='photonic-level-1 photonic-thumb'>\n\t\t\t<a href='https:\/\/www.kristensen-skjern.dk\/wp-content\/uploads\/2023\/11\/DSC_5505-.jpg' title='DSC_5505' rel='lightbox-photonic-wp-stream-1' class='photonic-lb photonic-baguettebox baguettebox' data-photonic-media-type=\"image\" data-content-type=\"image\" data-photonic-deep=\"gallery[photonic-wp-stream-1]\/1868\/\" data-title=\"&lt;a href=&#039;https:\/\/www.kristensen-skjern.dk\/index.php\/kohejre\/dsc_5505\/&#039; &gt;DSC_5505&lt;\/a&gt;\" data-photonic-tooltip=\"DSC_5505\">\n\t\t\t\t<img alt='DSC_5505' class='mosaic' data-src='https:\/\/www.kristensen-skjern.dk\/wp-content\/uploads\/2023\/11\/DSC_5505-.jpg' loading='lazy' width='2048' height='1365' \/>\n\t\t\t<\/a>\n\t\t<\/figure>\n\t\t<figure class='photonic-level-1 photonic-thumb'>\n\t\t\t<a href='https:\/\/www.kristensen-skjern.dk\/wp-content\/uploads\/2023\/11\/DSC_5534-.jpg' title='DSC_5534' rel='lightbox-photonic-wp-stream-1' class='photonic-lb photonic-baguettebox baguettebox' data-photonic-media-type=\"image\" data-content-type=\"image\" data-photonic-deep=\"gallery[photonic-wp-stream-1]\/1869\/\" data-title=\"&lt;a href=&#039;https:\/\/www.kristensen-skjern.dk\/index.php\/kohejre\/dsc_5534\/&#039; &gt;DSC_5534&lt;\/a&gt;\" data-photonic-tooltip=\"DSC_5534\">\n\t\t\t\t<img alt='DSC_5534' class='mosaic' data-src='https:\/\/www.kristensen-skjern.dk\/wp-content\/uploads\/2023\/11\/DSC_5534-.jpg' loading='lazy' width='2048' height='1366' \/>\n\t\t\t<\/a>\n\t\t<\/figure>\n\t\t<figure class='photonic-level-1 photonic-thumb'>\n\t\t\t<a href='https:\/\/www.kristensen-skjern.dk\/wp-content\/uploads\/2023\/11\/DSC_5540.jpg' title='DSC_5540' rel='lightbox-photonic-wp-stream-1' class='photonic-lb photonic-baguettebox baguettebox' data-photonic-media-type=\"image\" data-content-type=\"image\" data-photonic-deep=\"gallery[photonic-wp-stream-1]\/1870\/\" data-title=\"&lt;a href=&#039;https:\/\/www.kristensen-skjern.dk\/index.php\/kohejre\/dsc_5540\/&#039; &gt;DSC_5540&lt;\/a&gt;\" data-photonic-tooltip=\"DSC_5540\">\n\t\t\t\t<img alt='DSC_5540' class='mosaic' data-src='https:\/\/www.kristensen-skjern.dk\/wp-content\/uploads\/2023\/11\/DSC_5540.jpg' loading='lazy' width='2048' height='1365' \/>\n\t\t\t<\/a>\n\t\t<\/figure>\n\t\t<figure class='photonic-level-1 photonic-thumb'>\n\t\t\t<a href='https:\/\/www.kristensen-skjern.dk\/wp-content\/uploads\/2023\/11\/DSC_5542.jpg' title='DSC_5542' rel='lightbox-photonic-wp-stream-1' class='photonic-lb photonic-baguettebox baguettebox' data-photonic-media-type=\"image\" data-content-type=\"image\" data-photonic-deep=\"gallery[photonic-wp-stream-1]\/1871\/\" data-title=\"&lt;a href=&#039;https:\/\/www.kristensen-skjern.dk\/index.php\/kohejre\/dsc_5542\/&#039; &gt;DSC_5542&lt;\/a&gt;\" data-photonic-tooltip=\"DSC_5542\">\n\t\t\t\t<img alt='DSC_5542' class='mosaic' data-src='https:\/\/www.kristensen-skjern.dk\/wp-content\/uploads\/2023\/11\/DSC_5542.jpg' loading='lazy' width='2048' height='1365' \/>\n\t\t\t<\/a>\n\t\t<\/figure>\n\t\t<figure class='photonic-level-1 photonic-thumb'>\n\t\t\t<a href='https:\/\/www.kristensen-skjern.dk\/wp-content\/uploads\/2023\/11\/DSC_5545.jpg' title='DSC_5545' rel='lightbox-photonic-wp-stream-1' class='photonic-lb photonic-baguettebox baguettebox' data-photonic-media-type=\"image\" data-content-type=\"image\" data-photonic-deep=\"gallery[photonic-wp-stream-1]\/1872\/\" data-title=\"&lt;a href=&#039;https:\/\/www.kristensen-skjern.dk\/index.php\/kohejre\/dsc_5545-2\/&#039; &gt;DSC_5545&lt;\/a&gt;\" data-photonic-tooltip=\"DSC_5545\">\n\t\t\t\t<img alt='DSC_5545' class='mosaic' data-src='https:\/\/www.kristensen-skjern.dk\/wp-content\/uploads\/2023\/11\/DSC_5545.jpg' loading='lazy' width='2048' height='1365' \/>\n\t\t\t<\/a>\n\t\t<\/figure>\n\n\t<\/div> <!-- .\/photonic-level-1-container -->\n\t<span id='photonic-wp-stream-1-container-end'><\/span>\n<\/div><!-- .photonic-stream or .photonic-panel -->\n","protected":false},"excerpt":{"rendered":"<p>Kohejren er en fugl i hejrefamilien. Fuglen er 51 cm lang og vejer 350 g. Kohejren er en lille hejre med kort n\u00e6b og korte ben. Dens yngledragt har et gulbrunt anstr\u00f8g p\u00e5 issen, brystet pg bagryggen, mens dens n\u00e6b og ben er r\u00f8de. Om vinteren er den helt hvid med gult n\u00e6b og gulgr\u00e5 ben.<\/p>\n","protected":false},"author":1,"featured_media":0,"parent":0,"menu_order":0,"comment_status":"closed","ping_status":"closed","template":"","meta":{"ngg_post_thumbnail":0,"footnotes":""},"class_list":["post-1012","page","type-page","status-publish","hentry"],"_links":{"self":[{"href":"https:\/\/www.kristensen-skjern.dk\/index.php\/wp-json\/wp\/v2\/pages\/1012","targetHints":{"allow":["GET"]}}],"collection":[{"href":"https:\/\/www.kristensen-skjern.dk\/index.php\/wp-json\/wp\/v2\/pages"}],"about":[{"href":"https:\/\/www.kristensen-skjern.dk\/index.php\/wp-json\/wp\/v2\/types\/page"}],"author":[{"embeddable":true,"href":"https:\/\/www.kristensen-skjern.dk\/index.php\/wp-json\/wp\/v2\/users\/1"}],"replies":[{"embeddable":true,"href":"https:\/\/www.kristensen-skjern.dk\/index.php\/wp-json\/wp\/v2\/comments?post=1012"}],"version-history":[{"count":2,"href":"https:\/\/www.kristensen-skjern.dk\/index.php\/wp-json\/wp\/v2\/pages\/1012\/revisions"}],"predecessor-version":[{"id":1873,"href":"https:\/\/www.kristensen-skjern.dk\/index.php\/wp-json\/wp\/v2\/pages\/1012\/revisions\/1873"}],"wp:attachment":[{"href":"https:\/\/www.kristensen-skjern.dk\/index.php\/wp-json\/wp\/v2\/media?parent=1012"}],"curies":[{"name":"wp","href":"https:\/\/api.w.org\/{rel}","templated":true}]}}