{"id":1031,"date":"2022-02-18T08:33:05","date_gmt":"2022-02-18T09:33:05","guid":{"rendered":"https:\/\/www.kristensen-skjern.dk\/?page_id=1031"},"modified":"2023-09-03T13:22:55","modified_gmt":"2023-09-03T14:22:55","slug":"hvepseedderkop","status":"publish","type":"page","link":"https:\/\/www.kristensen-skjern.dk\/index.php\/hvepseedderkop\/","title":{"rendered":"Hvepseedderkop"},"content":{"rendered":"\n<h6 class=\"wp-block-heading\" id=\"hvepseedderkoppen-er-en-edderkop-af-familien-hjulspindere-med-sin-gul-og-sortstribede-bagkrop-er-der-tale-om-en-saerdeles-genkendelig-edderkop-der-ikke-kan-forveksles-med-andre-edderkopper-i-danmark-hvepseedderkoppen-er-en-efter-danske-forhold-stor-edderkop-idet-hunnen-inkl-ben-maler-3-4-cm-nemmest-at-spotte-om-morgenen-hvor-der-stadigt-er-lidt-dug-pa-spindet-findes-pa-enge-i-halv-langt-graes-og-buske\">Hvepseedderkoppen er en edderkop af familien Hjulspindere. Med sin gul- og sortstribede bagkrop er der tale om en s\u00e6rdeles genkendelig edderkop, der ikke kan forveksles med andre edderkopper i Danmark. Hvepseedderkoppen er en \u2013 efter danske forhold \u2013 stor edderkop, idet hunnen inkl. ben m\u00e5ler 3-4 cm.&nbsp;<br>Nemmest at spotte om morgenen hvor der stadigt er lidt dug p\u00e5 spindet, findes p\u00e5 enge i halv langt gr\u00e6s og buske.<\/h6>\n\n\n<div class='photonic-wp-stream photonic-stream ' id='photonic-wp-stream-1'>\n\n\t<div id='photonic-wp-stream-1-container' class='title-display-tooltip photonic-level-1-container sizes-present photonic-mosaic-layout photonic-thumbnail-effect-zoom' data-photonic-platform=\"wp\" data-photonic-gallery-columns=\"auto\" data-photonic-query=\"order=ASC&amp;orderby=post__in&amp;id=1031&amp;itemtag=figure&amp;icontag=div&amp;captiontag=figcaption&amp;size=thumbnail&amp;include=1032,1033,1034,1035,1130,1131,1132&amp;exclude=&amp;link=&amp;offset=0&amp;layout=mosaic&amp;custom_classes=&amp;alignment=&amp;caption=title&amp;page=1&amp;count=-1&amp;thumb_size=thumbnail&amp;slide_size=large&amp;type=default&amp;style=mosaic&amp;display=local&amp;ids=1032,1033,1034,1035,1130,1131,1132&amp;main_size=full&amp;tile_size=full&amp;show_gallery=Hvepseedderkop&amp;columns=auto\">\n\t\t<figure class='photonic-level-1 photonic-thumb'>\n\t\t\t<a href='https:\/\/www.kristensen-skjern.dk\/wp-content\/uploads\/2022\/02\/DSC_3643.jpg' title='DSC_3643' rel='lightbox-photonic-wp-stream-1' class='photonic-lb photonic-baguettebox baguettebox' data-photonic-media-type=\"image\" data-content-type=\"image\" data-photonic-deep=\"gallery[photonic-wp-stream-1]\/1032\/\" data-title=\"&lt;a href=&#039;https:\/\/www.kristensen-skjern.dk\/index.php\/hvepseedderkop\/dsc_3643\/&#039; &gt;DSC_3643&lt;\/a&gt;\" data-photonic-tooltip=\"DSC_3643\">\n\t\t\t\t<img alt='DSC_3643' class='mosaic' data-src='https:\/\/www.kristensen-skjern.dk\/wp-content\/uploads\/2022\/02\/DSC_3643.jpg' loading='lazy' width='2048' height='1365' \/>\n\t\t\t<\/a>\n\t\t<\/figure>\n\t\t<figure class='photonic-level-1 photonic-thumb'>\n\t\t\t<a href='https:\/\/www.kristensen-skjern.dk\/wp-content\/uploads\/2022\/02\/DSC_3657.jpg' title='DSC_3657' rel='lightbox-photonic-wp-stream-1' class='photonic-lb photonic-baguettebox baguettebox' data-photonic-media-type=\"image\" data-content-type=\"image\" data-photonic-deep=\"gallery[photonic-wp-stream-1]\/1033\/\" data-title=\"&lt;a href=&#039;https:\/\/www.kristensen-skjern.dk\/index.php\/hvepseedderkop\/dsc_3657\/&#039; &gt;DSC_3657&lt;\/a&gt;\" data-photonic-tooltip=\"DSC_3657\">\n\t\t\t\t<img alt='DSC_3657' class='mosaic' data-src='https:\/\/www.kristensen-skjern.dk\/wp-content\/uploads\/2022\/02\/DSC_3657.jpg' loading='lazy' width='2048' height='1365' \/>\n\t\t\t<\/a>\n\t\t<\/figure>\n\t\t<figure class='photonic-level-1 photonic-thumb'>\n\t\t\t<a href='https:\/\/www.kristensen-skjern.dk\/wp-content\/uploads\/2022\/02\/DSC_1253.jpg' title='DSC_1253' rel='lightbox-photonic-wp-stream-1' class='photonic-lb photonic-baguettebox baguettebox' data-photonic-media-type=\"image\" data-content-type=\"image\" data-photonic-deep=\"gallery[photonic-wp-stream-1]\/1034\/\" data-title=\"&lt;a href=&#039;https:\/\/www.kristensen-skjern.dk\/index.php\/hvepseedderkop\/dsc_1253\/&#039; &gt;DSC_1253&lt;\/a&gt;\" data-photonic-tooltip=\"DSC_1253\">\n\t\t\t\t<img alt='DSC_1253' class='mosaic' data-src='https:\/\/www.kristensen-skjern.dk\/wp-content\/uploads\/2022\/02\/DSC_1253.jpg' loading='lazy' width='2048' height='1365' \/>\n\t\t\t<\/a>\n\t\t<\/figure>\n\t\t<figure class='photonic-level-1 photonic-thumb'>\n\t\t\t<a href='https:\/\/www.kristensen-skjern.dk\/wp-content\/uploads\/2022\/02\/DSC_1257.jpg' title='DSC_1257' rel='lightbox-photonic-wp-stream-1' class='photonic-lb photonic-baguettebox baguettebox' data-photonic-media-type=\"image\" data-content-type=\"image\" data-photonic-deep=\"gallery[photonic-wp-stream-1]\/1035\/\" data-title=\"&lt;a href=&#039;https:\/\/www.kristensen-skjern.dk\/index.php\/hvepseedderkop\/dsc_1257\/&#039; &gt;DSC_1257&lt;\/a&gt;\" data-photonic-tooltip=\"DSC_1257\">\n\t\t\t\t<img alt='DSC_1257' class='mosaic' data-src='https:\/\/www.kristensen-skjern.dk\/wp-content\/uploads\/2022\/02\/DSC_1257.jpg' loading='lazy' width='2048' height='1366' \/>\n\t\t\t<\/a>\n\t\t<\/figure>\n\t\t<figure class='photonic-level-1 photonic-thumb'>\n\t\t\t<a href='https:\/\/www.kristensen-skjern.dk\/wp-content\/uploads\/2023\/09\/DSC_1644-kopier.jpg' title='DSC_1644 kopier' rel='lightbox-photonic-wp-stream-1' class='photonic-lb photonic-baguettebox baguettebox' data-photonic-media-type=\"image\" data-content-type=\"image\" data-photonic-deep=\"gallery[photonic-wp-stream-1]\/1130\/\" data-title=\"&lt;a href=&#039;https:\/\/www.kristensen-skjern.dk\/index.php\/hvepseedderkop\/dsc_1644-kopier\/&#039; &gt;DSC_1644 kopier&lt;\/a&gt;\" data-photonic-tooltip=\"DSC_1644 kopier\">\n\t\t\t\t<img alt='DSC_1644 kopier' class='mosaic' data-src='https:\/\/www.kristensen-skjern.dk\/wp-content\/uploads\/2023\/09\/DSC_1644-kopier.jpg' loading='lazy' width='1365' height='2048' \/>\n\t\t\t<\/a>\n\t\t<\/figure>\n\t\t<figure class='photonic-level-1 photonic-thumb'>\n\t\t\t<a href='https:\/\/www.kristensen-skjern.dk\/wp-content\/uploads\/2023\/09\/DSC_1519-kopier.jpg' title='DSC_1519 kopier' rel='lightbox-photonic-wp-stream-1' class='photonic-lb photonic-baguettebox baguettebox' data-photonic-media-type=\"image\" data-content-type=\"image\" data-photonic-deep=\"gallery[photonic-wp-stream-1]\/1131\/\" data-title=\"&lt;a href=&#039;https:\/\/www.kristensen-skjern.dk\/index.php\/hvepseedderkop\/dsc_1519-kopier\/&#039; &gt;DSC_1519 kopier&lt;\/a&gt;\" data-photonic-tooltip=\"DSC_1519 kopier\">\n\t\t\t\t<img alt='DSC_1519 kopier' class='mosaic' data-src='https:\/\/www.kristensen-skjern.dk\/wp-content\/uploads\/2023\/09\/DSC_1519-kopier.jpg' loading='lazy' width='1365' height='2048' \/>\n\t\t\t<\/a>\n\t\t<\/figure>\n\t\t<figure class='photonic-level-1 photonic-thumb'>\n\t\t\t<a href='https:\/\/www.kristensen-skjern.dk\/wp-content\/uploads\/2023\/09\/DSC_1554-kopier.jpg' title='DSC_1554 kopier' rel='lightbox-photonic-wp-stream-1' class='photonic-lb photonic-baguettebox baguettebox' data-photonic-media-type=\"image\" data-content-type=\"image\" data-photonic-deep=\"gallery[photonic-wp-stream-1]\/1132\/\" data-title=\"&lt;a href=&#039;https:\/\/www.kristensen-skjern.dk\/index.php\/hvepseedderkop\/dsc_1554-kopier\/&#039; &gt;DSC_1554 kopier&lt;\/a&gt;\" data-photonic-tooltip=\"DSC_1554 kopier\">\n\t\t\t\t<img alt='DSC_1554 kopier' class='mosaic' data-src='https:\/\/www.kristensen-skjern.dk\/wp-content\/uploads\/2023\/09\/DSC_1554-kopier.jpg' loading='lazy' width='1365' height='2048' \/>\n\t\t\t<\/a>\n\t\t<\/figure>\n\n\t<\/div> <!-- .\/photonic-level-1-container -->\n\t<span id='photonic-wp-stream-1-container-end'><\/span>\n<\/div><!-- .photonic-stream or .photonic-panel -->\n","protected":false},"excerpt":{"rendered":"<p>Hvepseedderkoppen er en edderkop af familien Hjulspindere. Med sin gul- og sortstribede bagkrop er der tale om en s\u00e6rdeles genkendelig edderkop, der ikke kan forveksles med andre edderkopper i Danmark. Hvepseedderkoppen er en \u2013 efter danske forhold \u2013 stor edderkop, idet hunnen inkl. ben m\u00e5ler 3-4 cm.&nbsp;Nemmest at spotte om morgenen hvor der stadigt er lidt dug p\u00e5 spindet, findes p\u00e5 enge i halv langt gr\u00e6s og buske.<\/p>\n","protected":false},"author":1,"featured_media":0,"parent":0,"menu_order":0,"comment_status":"closed","ping_status":"closed","template":"","meta":{"ngg_post_thumbnail":0,"footnotes":""},"class_list":["post-1031","page","type-page","status-publish","hentry"],"_links":{"self":[{"href":"https:\/\/www.kristensen-skjern.dk\/index.php\/wp-json\/wp\/v2\/pages\/1031","targetHints":{"allow":["GET"]}}],"collection":[{"href":"https:\/\/www.kristensen-skjern.dk\/index.php\/wp-json\/wp\/v2\/pages"}],"about":[{"href":"https:\/\/www.kristensen-skjern.dk\/index.php\/wp-json\/wp\/v2\/types\/page"}],"author":[{"embeddable":true,"href":"https:\/\/www.kristensen-skjern.dk\/index.php\/wp-json\/wp\/v2\/users\/1"}],"replies":[{"embeddable":true,"href":"https:\/\/www.kristensen-skjern.dk\/index.php\/wp-json\/wp\/v2\/comments?post=1031"}],"version-history":[{"count":3,"href":"https:\/\/www.kristensen-skjern.dk\/index.php\/wp-json\/wp\/v2\/pages\/1031\/revisions"}],"predecessor-version":[{"id":1133,"href":"https:\/\/www.kristensen-skjern.dk\/index.php\/wp-json\/wp\/v2\/pages\/1031\/revisions\/1133"}],"wp:attachment":[{"href":"https:\/\/www.kristensen-skjern.dk\/index.php\/wp-json\/wp\/v2\/media?parent=1031"}],"curies":[{"name":"wp","href":"https:\/\/api.w.org\/{rel}","templated":true}]}}