{"id":1038,"date":"2022-02-18T08:54:43","date_gmt":"2022-02-18T09:54:43","guid":{"rendered":"https:\/\/www.kristensen-skjern.dk\/?page_id=1038"},"modified":"2022-02-18T08:59:34","modified_gmt":"2022-02-18T09:59:34","slug":"groenbenet-roerhoene","status":"publish","type":"page","link":"https:\/\/www.kristensen-skjern.dk\/index.php\/groenbenet-roerhoene\/","title":{"rendered":"Gr\u00f8nbenet r\u00f8rh\u00f8ne"},"content":{"rendered":"\n<h4 class=\"wp-block-heading\" id=\"gronbenet-rorhone-er-en-fugleart-i-familien-vandhons-arten-er-udbredt-over-hele-verden-bortset-fra-australien-den-kan-minde-om-blishonen-men-mangler-blandt-andet-dennes-hvide-blis-ynglebestanden-er-vurderet-som-sarbar-pa-den-danske-rodliste-laengde-30-38-cm-vaegt-340-g\">Gr\u00f8nbenet r\u00f8rh\u00f8ne er en fugleart i familien vandh\u00f8ns. Arten er udbredt over hele verden, bortset fra Australien. Den kan minde om blish\u00f8nen, men mangler blandt andet dennes hvide blis. Ynglebestanden er vurderet som s\u00e5rbar p\u00e5 den danske r\u00f8dliste.<br>L\u00e6ngde:&nbsp;30 \u2013 38&nbsp;cm&nbsp;<br>V\u00e6gt:&nbsp;340&nbsp;g<br><\/h4>\n\n\n<div class='photonic-wp-stream photonic-stream ' id='photonic-wp-stream-1'>\n\n\t<div id='photonic-wp-stream-1-container' class='title-display-tooltip photonic-level-1-container sizes-present photonic-mosaic-layout photonic-thumbnail-effect-zoom' data-photonic-platform=\"wp\" data-photonic-gallery-columns=\"auto\" data-photonic-query=\"order=ASC&amp;orderby=post__in&amp;id=1038&amp;itemtag=figure&amp;icontag=div&amp;captiontag=figcaption&amp;size=thumbnail&amp;include=1039,1040,1041,1044,1045,1046&amp;exclude=&amp;link=&amp;offset=0&amp;layout=mosaic&amp;custom_classes=&amp;alignment=&amp;caption=title&amp;page=1&amp;count=-1&amp;thumb_size=thumbnail&amp;slide_size=large&amp;type=default&amp;style=mosaic&amp;display=local&amp;ids=1039,1040,1041,1044,1045,1046&amp;main_size=full&amp;tile_size=full&amp;show_gallery=Gr\u00f8nbenet r\u00f8rh\u00f8ne&amp;columns=auto\">\n\t\t<figure class='photonic-level-1 photonic-thumb'>\n\t\t\t<a href='https:\/\/www.kristensen-skjern.dk\/wp-content\/uploads\/2022\/02\/DSC_1845.jpg' title='DSC_1845' rel='lightbox-photonic-wp-stream-1' class='photonic-lb photonic-baguettebox baguettebox' data-photonic-media-type=\"image\" data-content-type=\"image\" data-photonic-deep=\"gallery[photonic-wp-stream-1]\/1039\/\" data-title=\"&lt;a href=&#039;https:\/\/www.kristensen-skjern.dk\/index.php\/groenbenet-roerhoene\/dsc_1845\/&#039; &gt;DSC_1845&lt;\/a&gt;\" data-photonic-tooltip=\"DSC_1845\">\n\t\t\t\t<img alt='DSC_1845' class='mosaic' data-src='https:\/\/www.kristensen-skjern.dk\/wp-content\/uploads\/2022\/02\/DSC_1845.jpg' loading='lazy' width='2048' height='1365' \/>\n\t\t\t<\/a>\n\t\t<\/figure>\n\t\t<figure class='photonic-level-1 photonic-thumb'>\n\t\t\t<a href='https:\/\/www.kristensen-skjern.dk\/wp-content\/uploads\/2022\/02\/DSC_1850.jpg' title='DSC_1850' rel='lightbox-photonic-wp-stream-1' class='photonic-lb photonic-baguettebox baguettebox' data-photonic-media-type=\"image\" data-content-type=\"image\" data-photonic-deep=\"gallery[photonic-wp-stream-1]\/1040\/\" data-title=\"&lt;a href=&#039;https:\/\/www.kristensen-skjern.dk\/index.php\/groenbenet-roerhoene\/dsc_1850\/&#039; &gt;DSC_1850&lt;\/a&gt;\" data-photonic-tooltip=\"DSC_1850\">\n\t\t\t\t<img alt='DSC_1850' class='mosaic' data-src='https:\/\/www.kristensen-skjern.dk\/wp-content\/uploads\/2022\/02\/DSC_1850.jpg' loading='lazy' width='2048' height='1365' \/>\n\t\t\t<\/a>\n\t\t<\/figure>\n\t\t<figure class='photonic-level-1 photonic-thumb'>\n\t\t\t<a href='https:\/\/www.kristensen-skjern.dk\/wp-content\/uploads\/2022\/02\/DSC_1853.jpg' title='DSC_1853' rel='lightbox-photonic-wp-stream-1' class='photonic-lb photonic-baguettebox baguettebox' data-photonic-media-type=\"image\" data-content-type=\"image\" data-photonic-deep=\"gallery[photonic-wp-stream-1]\/1041\/\" data-title=\"&lt;a href=&#039;https:\/\/www.kristensen-skjern.dk\/index.php\/groenbenet-roerhoene\/dsc_1853\/&#039; &gt;DSC_1853&lt;\/a&gt;\" data-photonic-tooltip=\"DSC_1853\">\n\t\t\t\t<img alt='DSC_1853' class='mosaic' data-src='https:\/\/www.kristensen-skjern.dk\/wp-content\/uploads\/2022\/02\/DSC_1853.jpg' loading='lazy' width='2048' height='1365' \/>\n\t\t\t<\/a>\n\t\t<\/figure>\n\t\t<figure class='photonic-level-1 photonic-thumb'>\n\t\t\t<a href='https:\/\/www.kristensen-skjern.dk\/wp-content\/uploads\/2022\/02\/DSC_5486a.jpg' title='DSC_5486a' rel='lightbox-photonic-wp-stream-1' class='photonic-lb photonic-baguettebox baguettebox' data-photonic-media-type=\"image\" data-content-type=\"image\" data-photonic-deep=\"gallery[photonic-wp-stream-1]\/1044\/\" data-title=\"&lt;a href=&#039;https:\/\/www.kristensen-skjern.dk\/index.php\/groenbenet-roerhoene\/dsc_5486a\/&#039; &gt;DSC_5486a&lt;\/a&gt;\" data-photonic-tooltip=\"DSC_5486a\">\n\t\t\t\t<img alt='DSC_5486a' class='mosaic' data-src='https:\/\/www.kristensen-skjern.dk\/wp-content\/uploads\/2022\/02\/DSC_5486a.jpg' loading='lazy' width='2325' height='1550' \/>\n\t\t\t<\/a>\n\t\t<\/figure>\n\t\t<figure class='photonic-level-1 photonic-thumb'>\n\t\t\t<a href='https:\/\/www.kristensen-skjern.dk\/wp-content\/uploads\/2022\/02\/DSC_4153a.jpg' title='DSC_4153a' rel='lightbox-photonic-wp-stream-1' class='photonic-lb photonic-baguettebox baguettebox' data-photonic-media-type=\"image\" data-content-type=\"image\" data-photonic-deep=\"gallery[photonic-wp-stream-1]\/1045\/\" data-title=\"&lt;a href=&#039;https:\/\/www.kristensen-skjern.dk\/index.php\/groenbenet-roerhoene\/dsc_4153a\/&#039; &gt;DSC_4153a&lt;\/a&gt;\" data-photonic-tooltip=\"DSC_4153a\">\n\t\t\t\t<img alt='DSC_4153a' class='mosaic' data-src='https:\/\/www.kristensen-skjern.dk\/wp-content\/uploads\/2022\/02\/DSC_4153a.jpg' loading='lazy' width='2048' height='1365' \/>\n\t\t\t<\/a>\n\t\t<\/figure>\n\t\t<figure class='photonic-level-1 photonic-thumb'>\n\t\t\t<a href='https:\/\/www.kristensen-skjern.dk\/wp-content\/uploads\/2022\/02\/DSC_4133a.jpg' title='DSC_4133a' rel='lightbox-photonic-wp-stream-1' class='photonic-lb photonic-baguettebox baguettebox' data-photonic-media-type=\"image\" data-content-type=\"image\" data-photonic-deep=\"gallery[photonic-wp-stream-1]\/1046\/\" data-title=\"&lt;a href=&#039;https:\/\/www.kristensen-skjern.dk\/index.php\/groenbenet-roerhoene\/dsc_4133a\/&#039; &gt;DSC_4133a&lt;\/a&gt;\" data-photonic-tooltip=\"DSC_4133a\">\n\t\t\t\t<img alt='DSC_4133a' class='mosaic' data-src='https:\/\/www.kristensen-skjern.dk\/wp-content\/uploads\/2022\/02\/DSC_4133a.jpg' loading='lazy' width='2523' height='1682' \/>\n\t\t\t<\/a>\n\t\t<\/figure>\n\n\t<\/div> <!-- .\/photonic-level-1-container -->\n\t<span id='photonic-wp-stream-1-container-end'><\/span>\n<\/div><!-- .photonic-stream or .photonic-panel -->\n","protected":false},"excerpt":{"rendered":"<p>Gr\u00f8nbenet r\u00f8rh\u00f8ne er en fugleart i familien vandh\u00f8ns. Arten er udbredt over hele verden, bortset fra Australien. Den kan minde om blish\u00f8nen, men mangler blandt andet dennes hvide blis. Ynglebestanden er vurderet som s\u00e5rbar p\u00e5 den danske r\u00f8dliste.L\u00e6ngde:&nbsp;30 \u2013 38&nbsp;cm&nbsp;V\u00e6gt:&nbsp;340&nbsp;g<\/p>\n","protected":false},"author":1,"featured_media":0,"parent":0,"menu_order":0,"comment_status":"closed","ping_status":"closed","template":"","meta":{"ngg_post_thumbnail":0,"footnotes":""},"class_list":["post-1038","page","type-page","status-publish","hentry"],"_links":{"self":[{"href":"https:\/\/www.kristensen-skjern.dk\/index.php\/wp-json\/wp\/v2\/pages\/1038","targetHints":{"allow":["GET"]}}],"collection":[{"href":"https:\/\/www.kristensen-skjern.dk\/index.php\/wp-json\/wp\/v2\/pages"}],"about":[{"href":"https:\/\/www.kristensen-skjern.dk\/index.php\/wp-json\/wp\/v2\/types\/page"}],"author":[{"embeddable":true,"href":"https:\/\/www.kristensen-skjern.dk\/index.php\/wp-json\/wp\/v2\/users\/1"}],"replies":[{"embeddable":true,"href":"https:\/\/www.kristensen-skjern.dk\/index.php\/wp-json\/wp\/v2\/comments?post=1038"}],"version-history":[{"count":2,"href":"https:\/\/www.kristensen-skjern.dk\/index.php\/wp-json\/wp\/v2\/pages\/1038\/revisions"}],"predecessor-version":[{"id":1047,"href":"https:\/\/www.kristensen-skjern.dk\/index.php\/wp-json\/wp\/v2\/pages\/1038\/revisions\/1047"}],"wp:attachment":[{"href":"https:\/\/www.kristensen-skjern.dk\/index.php\/wp-json\/wp\/v2\/media?parent=1038"}],"curies":[{"name":"wp","href":"https:\/\/api.w.org\/{rel}","templated":true}]}}