{"id":1049,"date":"2022-02-18T09:57:01","date_gmt":"2022-02-18T10:57:01","guid":{"rendered":"https:\/\/www.kristensen-skjern.dk\/?page_id=1049"},"modified":"2022-02-18T09:57:01","modified_gmt":"2022-02-18T10:57:01","slug":"blishoene","status":"publish","type":"page","link":"https:\/\/www.kristensen-skjern.dk\/index.php\/blishoene\/","title":{"rendered":"Blish\u00f8ne"},"content":{"rendered":"\n<h4 class=\"wp-block-heading\" id=\"blishonen-er-en-almindelig-ynglefugl-i-danmark-den-findes-ved-soer-moser-og-vandlob-blishonen-er-udbredt-i-det-meste-af-europa-dog-ikke-det-nordlige-skandinavien-samt-i-asien-og-australien-arten-lever-isaer-af-vandplanter-ynglebestanden-er-vurderet-som-sarbar-pa-den-danske-rodliste-vaegt-720-g\">Blish\u00f8nen er en almindelig ynglefugl i Danmark. Den findes ved s\u00f8er, moser og vandl\u00f8b. Blish\u00f8nen er udbredt i det meste af Europa, dog ikke det nordlige Skandinavien, samt i Asien og Australien. Arten lever is\u00e6r af vandplanter. Ynglebestanden er vurderet som s\u00e5rbar p\u00e5 den danske r\u00f8dliste.<br>V\u00e6gt:\u00a0720\u00a0g<\/h4>\n\n\n<div class='photonic-wp-stream photonic-stream ' id='photonic-wp-stream-1'>\n\n\t<div id='photonic-wp-stream-1-container' class='title-display-tooltip photonic-level-1-container sizes-present photonic-mosaic-layout photonic-thumbnail-effect-zoom' data-photonic-platform=\"wp\" data-photonic-gallery-columns=\"auto\" data-photonic-query=\"order=ASC&amp;orderby=post__in&amp;id=1049&amp;itemtag=figure&amp;icontag=div&amp;captiontag=figcaption&amp;size=thumbnail&amp;include=1050,1051,1052,1053,1054,1055&amp;exclude=&amp;link=&amp;offset=0&amp;layout=mosaic&amp;custom_classes=&amp;alignment=&amp;caption=title&amp;page=1&amp;count=-1&amp;thumb_size=thumbnail&amp;slide_size=large&amp;type=default&amp;style=mosaic&amp;display=local&amp;ids=1050,1051,1052,1053,1054,1055&amp;main_size=full&amp;tile_size=full&amp;show_gallery=Blish\u00f8ne&amp;columns=auto\">\n\t\t<figure class='photonic-level-1 photonic-thumb'>\n\t\t\t<a href='https:\/\/www.kristensen-skjern.dk\/wp-content\/uploads\/2022\/02\/DSC_4300.jpg' title='DSC_4300' rel='lightbox-photonic-wp-stream-1' class='photonic-lb photonic-baguettebox baguettebox' data-photonic-media-type=\"image\" data-content-type=\"image\" data-photonic-deep=\"gallery[photonic-wp-stream-1]\/1050\/\" data-title=\"&lt;a href=&#039;https:\/\/www.kristensen-skjern.dk\/index.php\/blishoene\/dsc_4300\/&#039; &gt;DSC_4300&lt;\/a&gt;\" data-photonic-tooltip=\"DSC_4300\">\n\t\t\t\t<img alt='DSC_4300' class='mosaic' data-src='https:\/\/www.kristensen-skjern.dk\/wp-content\/uploads\/2022\/02\/DSC_4300.jpg' loading='lazy' width='2048' height='1365' \/>\n\t\t\t<\/a>\n\t\t<\/figure>\n\t\t<figure class='photonic-level-1 photonic-thumb'>\n\t\t\t<a href='https:\/\/www.kristensen-skjern.dk\/wp-content\/uploads\/2022\/02\/DSC_4680.jpg' title='DSC_4680' rel='lightbox-photonic-wp-stream-1' class='photonic-lb photonic-baguettebox baguettebox' data-photonic-media-type=\"image\" data-content-type=\"image\" data-photonic-deep=\"gallery[photonic-wp-stream-1]\/1051\/\" data-title=\"&lt;a href=&#039;https:\/\/www.kristensen-skjern.dk\/index.php\/blishoene\/dsc_4680\/&#039; &gt;DSC_4680&lt;\/a&gt;\" data-photonic-tooltip=\"DSC_4680\">\n\t\t\t\t<img alt='DSC_4680' class='mosaic' data-src='https:\/\/www.kristensen-skjern.dk\/wp-content\/uploads\/2022\/02\/DSC_4680.jpg' loading='lazy' width='2048' height='1365' \/>\n\t\t\t<\/a>\n\t\t<\/figure>\n\t\t<figure class='photonic-level-1 photonic-thumb'>\n\t\t\t<a href='https:\/\/www.kristensen-skjern.dk\/wp-content\/uploads\/2022\/02\/DSC_4807.jpg' title='DSC_4807' rel='lightbox-photonic-wp-stream-1' class='photonic-lb photonic-baguettebox baguettebox' data-photonic-media-type=\"image\" data-content-type=\"image\" data-photonic-deep=\"gallery[photonic-wp-stream-1]\/1052\/\" data-title=\"&lt;a href=&#039;https:\/\/www.kristensen-skjern.dk\/index.php\/blishoene\/dsc_4807\/&#039; &gt;DSC_4807&lt;\/a&gt;\" data-photonic-tooltip=\"DSC_4807\">\n\t\t\t\t<img alt='DSC_4807' class='mosaic' data-src='https:\/\/www.kristensen-skjern.dk\/wp-content\/uploads\/2022\/02\/DSC_4807.jpg' loading='lazy' width='2048' height='1366' \/>\n\t\t\t<\/a>\n\t\t<\/figure>\n\t\t<figure class='photonic-level-1 photonic-thumb'>\n\t\t\t<a href='https:\/\/www.kristensen-skjern.dk\/wp-content\/uploads\/2022\/02\/DSC_5548.jpg' title='DSC_5548' rel='lightbox-photonic-wp-stream-1' class='photonic-lb photonic-baguettebox baguettebox' data-photonic-media-type=\"image\" data-content-type=\"image\" data-photonic-deep=\"gallery[photonic-wp-stream-1]\/1053\/\" data-title=\"&lt;a href=&#039;https:\/\/www.kristensen-skjern.dk\/index.php\/blishoene\/dsc_5548-2\/&#039; &gt;DSC_5548&lt;\/a&gt;\" data-photonic-tooltip=\"DSC_5548\">\n\t\t\t\t<img alt='DSC_5548' class='mosaic' data-src='https:\/\/www.kristensen-skjern.dk\/wp-content\/uploads\/2022\/02\/DSC_5548.jpg' loading='lazy' width='2048' height='1365' \/>\n\t\t\t<\/a>\n\t\t<\/figure>\n\t\t<figure class='photonic-level-1 photonic-thumb'>\n\t\t\t<a href='https:\/\/www.kristensen-skjern.dk\/wp-content\/uploads\/2022\/02\/DSC_6431.jpg' title='DSC_6431' rel='lightbox-photonic-wp-stream-1' class='photonic-lb photonic-baguettebox baguettebox' data-photonic-media-type=\"image\" data-content-type=\"image\" data-photonic-deep=\"gallery[photonic-wp-stream-1]\/1054\/\" data-title=\"&lt;a href=&#039;https:\/\/www.kristensen-skjern.dk\/index.php\/blishoene\/dsc_6431\/&#039; &gt;DSC_6431&lt;\/a&gt;\" data-photonic-tooltip=\"DSC_6431\">\n\t\t\t\t<img alt='DSC_6431' class='mosaic' data-src='https:\/\/www.kristensen-skjern.dk\/wp-content\/uploads\/2022\/02\/DSC_6431.jpg' loading='lazy' width='2048' height='1366' \/>\n\t\t\t<\/a>\n\t\t<\/figure>\n\t\t<figure class='photonic-level-1 photonic-thumb'>\n\t\t\t<a href='https:\/\/www.kristensen-skjern.dk\/wp-content\/uploads\/2022\/02\/DSC_7950.jpg' title='DSC_7950' rel='lightbox-photonic-wp-stream-1' class='photonic-lb photonic-baguettebox baguettebox' data-photonic-media-type=\"image\" data-content-type=\"image\" data-photonic-deep=\"gallery[photonic-wp-stream-1]\/1055\/\" data-title=\"&lt;a href=&#039;https:\/\/www.kristensen-skjern.dk\/index.php\/blishoene\/dsc_7950\/&#039; &gt;DSC_7950&lt;\/a&gt;\" data-photonic-tooltip=\"DSC_7950\">\n\t\t\t\t<img alt='DSC_7950' class='mosaic' data-src='https:\/\/www.kristensen-skjern.dk\/wp-content\/uploads\/2022\/02\/DSC_7950.jpg' loading='lazy' width='2048' height='1366' \/>\n\t\t\t<\/a>\n\t\t<\/figure>\n\n\t<\/div> <!-- .\/photonic-level-1-container -->\n\t<span id='photonic-wp-stream-1-container-end'><\/span>\n<\/div><!-- .photonic-stream or .photonic-panel -->\n","protected":false},"excerpt":{"rendered":"<p>Blish\u00f8nen er en almindelig ynglefugl i Danmark. Den findes ved s\u00f8er, moser og vandl\u00f8b. Blish\u00f8nen er udbredt i det meste af Europa, dog ikke det nordlige Skandinavien, samt i Asien og Australien. Arten lever is\u00e6r af vandplanter. Ynglebestanden er vurderet som s\u00e5rbar p\u00e5 den danske r\u00f8dliste.V\u00e6gt:\u00a0720\u00a0g<\/p>\n","protected":false},"author":1,"featured_media":0,"parent":0,"menu_order":0,"comment_status":"closed","ping_status":"closed","template":"","meta":{"ngg_post_thumbnail":0,"footnotes":""},"class_list":["post-1049","page","type-page","status-publish","hentry"],"_links":{"self":[{"href":"https:\/\/www.kristensen-skjern.dk\/index.php\/wp-json\/wp\/v2\/pages\/1049","targetHints":{"allow":["GET"]}}],"collection":[{"href":"https:\/\/www.kristensen-skjern.dk\/index.php\/wp-json\/wp\/v2\/pages"}],"about":[{"href":"https:\/\/www.kristensen-skjern.dk\/index.php\/wp-json\/wp\/v2\/types\/page"}],"author":[{"embeddable":true,"href":"https:\/\/www.kristensen-skjern.dk\/index.php\/wp-json\/wp\/v2\/users\/1"}],"replies":[{"embeddable":true,"href":"https:\/\/www.kristensen-skjern.dk\/index.php\/wp-json\/wp\/v2\/comments?post=1049"}],"version-history":[{"count":1,"href":"https:\/\/www.kristensen-skjern.dk\/index.php\/wp-json\/wp\/v2\/pages\/1049\/revisions"}],"predecessor-version":[{"id":1057,"href":"https:\/\/www.kristensen-skjern.dk\/index.php\/wp-json\/wp\/v2\/pages\/1049\/revisions\/1057"}],"wp:attachment":[{"href":"https:\/\/www.kristensen-skjern.dk\/index.php\/wp-json\/wp\/v2\/media?parent=1049"}],"curies":[{"name":"wp","href":"https:\/\/api.w.org\/{rel}","templated":true}]}}