{"id":1075,"date":"2022-02-21T14:20:59","date_gmt":"2022-02-21T15:20:59","guid":{"rendered":"https:\/\/www.kristensen-skjern.dk\/?page_id=1075"},"modified":"2022-02-21T14:20:59","modified_gmt":"2022-02-21T15:20:59","slug":"roedben","status":"publish","type":"page","link":"https:\/\/www.kristensen-skjern.dk\/index.php\/roedben\/","title":{"rendered":"R\u00f8dben"},"content":{"rendered":"\n<h4 class=\"wp-block-heading\" id=\"rodben-er-en-vadefugl-der-er-ret-almindelig-som-ynglefugl-i-danmark-den-yngler-desuden-i-storstedelen-af-europa-og-asien-nord-for-himalaya-den-har-en-laengde-pa-ca-28-cm-og-er-dermed-tydeligt-mindre-end-hvidklire-men-storre-end-f-eks-svaleklire-vaegt-130-g\">R\u00f8dben er en vadefugl, der er ret almindelig som ynglefugl i Danmark. Den yngler desuden i st\u00f8rstedelen af Europa og Asien nord for Himalaya. Den har en l\u00e6ngde p\u00e5 ca. 28 cm og er dermed tydeligt mindre end hvidklire, men st\u00f8rre end f.eks. svaleklire.<br>V\u00e6gt:\u00a0130\u00a0g<\/h4>\n\n\n<div class='photonic-wp-stream photonic-stream ' id='photonic-wp-stream-1'>\n\n\t<div id='photonic-wp-stream-1-container' class='title-display-tooltip photonic-level-1-container sizes-present photonic-mosaic-layout photonic-thumbnail-effect-zoom' data-photonic-platform=\"wp\" data-photonic-gallery-columns=\"auto\" data-photonic-query=\"order=ASC&amp;orderby=post__in&amp;id=1075&amp;itemtag=figure&amp;icontag=div&amp;captiontag=figcaption&amp;size=thumbnail&amp;include=1080,1079,1078,1077,1076&amp;exclude=&amp;link=&amp;offset=0&amp;layout=mosaic&amp;custom_classes=&amp;alignment=&amp;caption=title&amp;page=1&amp;count=-1&amp;thumb_size=thumbnail&amp;slide_size=large&amp;type=default&amp;style=mosaic&amp;display=local&amp;ids=1080,1079,1078,1077,1076&amp;main_size=full&amp;tile_size=full&amp;show_gallery=R\u00f8dben&amp;columns=auto\">\n\t\t<figure class='photonic-level-1 photonic-thumb'>\n\t\t\t<a href='https:\/\/www.kristensen-skjern.dk\/wp-content\/uploads\/2022\/02\/DSC_8737.jpg' title='DSC_8737' rel='lightbox-photonic-wp-stream-1' class='photonic-lb photonic-baguettebox baguettebox' data-photonic-media-type=\"image\" data-content-type=\"image\" data-photonic-deep=\"gallery[photonic-wp-stream-1]\/1080\/\" data-title=\"&lt;a href=&#039;https:\/\/www.kristensen-skjern.dk\/index.php\/roedben\/dsc_8737\/&#039; &gt;DSC_8737&lt;\/a&gt;\" data-photonic-tooltip=\"DSC_8737\">\n\t\t\t\t<img alt='DSC_8737' class='mosaic' data-src='https:\/\/www.kristensen-skjern.dk\/wp-content\/uploads\/2022\/02\/DSC_8737.jpg' loading='lazy' width='2048' height='1365' \/>\n\t\t\t<\/a>\n\t\t<\/figure>\n\t\t<figure class='photonic-level-1 photonic-thumb'>\n\t\t\t<a href='https:\/\/www.kristensen-skjern.dk\/wp-content\/uploads\/2022\/02\/DSC_4103.jpg' title='DSC_4103' rel='lightbox-photonic-wp-stream-1' class='photonic-lb photonic-baguettebox baguettebox' data-photonic-media-type=\"image\" data-content-type=\"image\" data-photonic-deep=\"gallery[photonic-wp-stream-1]\/1079\/\" data-title=\"&lt;a href=&#039;https:\/\/www.kristensen-skjern.dk\/index.php\/roedben\/dsc_4103\/&#039; &gt;DSC_4103&lt;\/a&gt;\" data-photonic-tooltip=\"DSC_4103\">\n\t\t\t\t<img alt='DSC_4103' class='mosaic' data-src='https:\/\/www.kristensen-skjern.dk\/wp-content\/uploads\/2022\/02\/DSC_4103.jpg' loading='lazy' width='2048' height='1366' \/>\n\t\t\t<\/a>\n\t\t<\/figure>\n\t\t<figure class='photonic-level-1 photonic-thumb'>\n\t\t\t<a href='https:\/\/www.kristensen-skjern.dk\/wp-content\/uploads\/2022\/02\/DSC_0648.jpg' title='DSC_0648' rel='lightbox-photonic-wp-stream-1' class='photonic-lb photonic-baguettebox baguettebox' data-photonic-media-type=\"image\" data-content-type=\"image\" data-photonic-deep=\"gallery[photonic-wp-stream-1]\/1078\/\" data-title=\"&lt;a href=&#039;https:\/\/www.kristensen-skjern.dk\/index.php\/roedben\/dsc_0648\/&#039; &gt;DSC_0648&lt;\/a&gt;\" data-photonic-tooltip=\"DSC_0648\">\n\t\t\t\t<img alt='DSC_0648' class='mosaic' data-src='https:\/\/www.kristensen-skjern.dk\/wp-content\/uploads\/2022\/02\/DSC_0648.jpg' loading='lazy' width='2048' height='1365' \/>\n\t\t\t<\/a>\n\t\t<\/figure>\n\t\t<figure class='photonic-level-1 photonic-thumb'>\n\t\t\t<a href='https:\/\/www.kristensen-skjern.dk\/wp-content\/uploads\/2022\/02\/DSC_0645.jpg' title='DSC_0645' rel='lightbox-photonic-wp-stream-1' class='photonic-lb photonic-baguettebox baguettebox' data-photonic-media-type=\"image\" data-content-type=\"image\" data-photonic-deep=\"gallery[photonic-wp-stream-1]\/1077\/\" data-title=\"&lt;a href=&#039;https:\/\/www.kristensen-skjern.dk\/index.php\/roedben\/dsc_0645\/&#039; &gt;DSC_0645&lt;\/a&gt;\" data-photonic-tooltip=\"DSC_0645\">\n\t\t\t\t<img alt='DSC_0645' class='mosaic' data-src='https:\/\/www.kristensen-skjern.dk\/wp-content\/uploads\/2022\/02\/DSC_0645.jpg' loading='lazy' width='2048' height='1366' \/>\n\t\t\t<\/a>\n\t\t<\/figure>\n\t\t<figure class='photonic-level-1 photonic-thumb'>\n\t\t\t<a href='https:\/\/www.kristensen-skjern.dk\/wp-content\/uploads\/2022\/02\/DSC_0641.jpg' title='DSC_0641' rel='lightbox-photonic-wp-stream-1' class='photonic-lb photonic-baguettebox baguettebox' data-photonic-media-type=\"image\" data-content-type=\"image\" data-photonic-deep=\"gallery[photonic-wp-stream-1]\/1076\/\" data-title=\"&lt;a href=&#039;https:\/\/www.kristensen-skjern.dk\/index.php\/roedben\/dsc_0641\/&#039; &gt;DSC_0641&lt;\/a&gt;\" data-photonic-tooltip=\"DSC_0641\">\n\t\t\t\t<img alt='DSC_0641' class='mosaic' data-src='https:\/\/www.kristensen-skjern.dk\/wp-content\/uploads\/2022\/02\/DSC_0641.jpg' loading='lazy' width='2048' height='1365' \/>\n\t\t\t<\/a>\n\t\t<\/figure>\n\n\t<\/div> <!-- .\/photonic-level-1-container -->\n\t<span id='photonic-wp-stream-1-container-end'><\/span>\n<\/div><!-- .photonic-stream or .photonic-panel -->\n","protected":false},"excerpt":{"rendered":"<p>R\u00f8dben er en vadefugl, der er ret almindelig som ynglefugl i Danmark. Den yngler desuden i st\u00f8rstedelen af Europa og Asien nord for Himalaya. Den har en l\u00e6ngde p\u00e5 ca. 28 cm og er dermed tydeligt mindre end hvidklire, men st\u00f8rre end f.eks. svaleklire.V\u00e6gt:\u00a0130\u00a0g<\/p>\n","protected":false},"author":1,"featured_media":0,"parent":0,"menu_order":0,"comment_status":"closed","ping_status":"closed","template":"","meta":{"ngg_post_thumbnail":0,"footnotes":""},"class_list":["post-1075","page","type-page","status-publish","hentry"],"_links":{"self":[{"href":"https:\/\/www.kristensen-skjern.dk\/index.php\/wp-json\/wp\/v2\/pages\/1075","targetHints":{"allow":["GET"]}}],"collection":[{"href":"https:\/\/www.kristensen-skjern.dk\/index.php\/wp-json\/wp\/v2\/pages"}],"about":[{"href":"https:\/\/www.kristensen-skjern.dk\/index.php\/wp-json\/wp\/v2\/types\/page"}],"author":[{"embeddable":true,"href":"https:\/\/www.kristensen-skjern.dk\/index.php\/wp-json\/wp\/v2\/users\/1"}],"replies":[{"embeddable":true,"href":"https:\/\/www.kristensen-skjern.dk\/index.php\/wp-json\/wp\/v2\/comments?post=1075"}],"version-history":[{"count":1,"href":"https:\/\/www.kristensen-skjern.dk\/index.php\/wp-json\/wp\/v2\/pages\/1075\/revisions"}],"predecessor-version":[{"id":1082,"href":"https:\/\/www.kristensen-skjern.dk\/index.php\/wp-json\/wp\/v2\/pages\/1075\/revisions\/1082"}],"wp:attachment":[{"href":"https:\/\/www.kristensen-skjern.dk\/index.php\/wp-json\/wp\/v2\/media?parent=1075"}],"curies":[{"name":"wp","href":"https:\/\/api.w.org\/{rel}","templated":true}]}}