{"id":1084,"date":"2022-02-21T14:49:00","date_gmt":"2022-02-21T15:49:00","guid":{"rendered":"https:\/\/www.kristensen-skjern.dk\/?page_id=1084"},"modified":"2022-02-21T14:51:11","modified_gmt":"2022-02-21T15:51:11","slug":"skovhornugle","status":"publish","type":"page","link":"https:\/\/www.kristensen-skjern.dk\/index.php\/skovhornugle\/","title":{"rendered":"Skovhornugle"},"content":{"rendered":"\n<h5 class=\"wp-block-heading\" id=\"skovhornugle-har-en-hojde-pa-35-37-centimeter-og-et-vingefang-pa-84-95-centimeter-skovhornuglen-har-orangerode-ojne-og-lange-fjerhorn-den-er-standfugl-i-store-dele-af-europa-og-traekfugl-i-det-nordlige-skandinavien-og-finland-laengde-35-40-cm-vaegt-250-g\">Skovhornugle har en h\u00f8jde p\u00e5 35-37 centimeter og et vingefang p\u00e5 84-95 centimeter. Skovhornuglen har oranger\u00f8de \u00f8jne og lange fjerhorn. Den er standfugl i store dele af Europa og tr\u00e6kfugl i det nordlige Skandinavien og Finland.<br>L\u00e6ngde:&nbsp;35 \u2013 40&nbsp;cm&nbsp;<br>V\u00e6gt:&nbsp;250&nbsp;g<br><\/h5>\n\n\n<div class='photonic-wp-stream photonic-stream ' id='photonic-wp-stream-1'>\n\n\t<div id='photonic-wp-stream-1-container' class='title-display-tooltip photonic-level-1-container sizes-present photonic-mosaic-layout photonic-thumbnail-effect-zoom' data-photonic-platform=\"wp\" data-photonic-gallery-columns=\"auto\" data-photonic-query=\"order=ASC&amp;orderby=post__in&amp;id=1084&amp;itemtag=figure&amp;icontag=div&amp;captiontag=figcaption&amp;size=thumbnail&amp;include=1085,1086,1087&amp;exclude=&amp;link=&amp;offset=0&amp;layout=mosaic&amp;custom_classes=&amp;alignment=&amp;caption=title&amp;page=1&amp;count=-1&amp;thumb_size=thumbnail&amp;slide_size=large&amp;type=default&amp;style=mosaic&amp;display=local&amp;ids=1085,1086,1087&amp;main_size=full&amp;tile_size=full&amp;show_gallery=Skovhornugle&amp;columns=auto\">\n\t\t<figure class='photonic-level-1 photonic-thumb'>\n\t\t\t<a href='https:\/\/www.kristensen-skjern.dk\/wp-content\/uploads\/2022\/02\/DSC_4547.jpg' title='DSC_4547' rel='lightbox-photonic-wp-stream-1' class='photonic-lb photonic-baguettebox baguettebox' data-photonic-media-type=\"image\" data-content-type=\"image\" data-photonic-deep=\"gallery[photonic-wp-stream-1]\/1085\/\" data-title=\"&lt;a href=&#039;https:\/\/www.kristensen-skjern.dk\/index.php\/skovhornugle\/dsc_4547-2\/&#039; &gt;DSC_4547&lt;\/a&gt;\" data-photonic-tooltip=\"DSC_4547\">\n\t\t\t\t<img alt='DSC_4547' class='mosaic' data-src='https:\/\/www.kristensen-skjern.dk\/wp-content\/uploads\/2022\/02\/DSC_4547.jpg' loading='lazy' width='2048' height='1365' \/>\n\t\t\t<\/a>\n\t\t<\/figure>\n\t\t<figure class='photonic-level-1 photonic-thumb'>\n\t\t\t<a href='https:\/\/www.kristensen-skjern.dk\/wp-content\/uploads\/2022\/02\/DSC_4543.jpg' title='DSC_4543' rel='lightbox-photonic-wp-stream-1' class='photonic-lb photonic-baguettebox baguettebox' data-photonic-media-type=\"image\" data-content-type=\"image\" data-photonic-deep=\"gallery[photonic-wp-stream-1]\/1086\/\" data-title=\"&lt;a href=&#039;https:\/\/www.kristensen-skjern.dk\/index.php\/skovhornugle\/dsc_4543\/&#039; &gt;DSC_4543&lt;\/a&gt;\" data-photonic-tooltip=\"DSC_4543\">\n\t\t\t\t<img alt='DSC_4543' class='mosaic' data-src='https:\/\/www.kristensen-skjern.dk\/wp-content\/uploads\/2022\/02\/DSC_4543.jpg' loading='lazy' width='2048' height='1365' \/>\n\t\t\t<\/a>\n\t\t<\/figure>\n\t\t<figure class='photonic-level-1 photonic-thumb'>\n\t\t\t<a href='https:\/\/www.kristensen-skjern.dk\/wp-content\/uploads\/2022\/02\/DSC_4558.jpg' title='DSC_4558' rel='lightbox-photonic-wp-stream-1' class='photonic-lb photonic-baguettebox baguettebox' data-photonic-media-type=\"image\" data-content-type=\"image\" data-photonic-deep=\"gallery[photonic-wp-stream-1]\/1087\/\" data-title=\"&lt;a href=&#039;https:\/\/www.kristensen-skjern.dk\/index.php\/skovhornugle\/dsc_4558\/&#039; &gt;DSC_4558&lt;\/a&gt;\" data-photonic-tooltip=\"DSC_4558\">\n\t\t\t\t<img alt='DSC_4558' class='mosaic' data-src='https:\/\/www.kristensen-skjern.dk\/wp-content\/uploads\/2022\/02\/DSC_4558.jpg' loading='lazy' width='2048' height='1366' \/>\n\t\t\t<\/a>\n\t\t<\/figure>\n\n\t<\/div> <!-- .\/photonic-level-1-container -->\n\t<span id='photonic-wp-stream-1-container-end'><\/span>\n<\/div><!-- .photonic-stream or .photonic-panel -->\n","protected":false},"excerpt":{"rendered":"<p>Skovhornugle har en h\u00f8jde p\u00e5 35-37 centimeter og et vingefang p\u00e5 84-95 centimeter. Skovhornuglen har oranger\u00f8de \u00f8jne og lange fjerhorn. Den er standfugl i store dele af Europa og tr\u00e6kfugl i det nordlige Skandinavien og Finland.L\u00e6ngde:&nbsp;35 \u2013 40&nbsp;cm&nbsp;V\u00e6gt:&nbsp;250&nbsp;g<\/p>\n","protected":false},"author":1,"featured_media":0,"parent":0,"menu_order":0,"comment_status":"closed","ping_status":"closed","template":"","meta":{"ngg_post_thumbnail":0,"footnotes":""},"class_list":["post-1084","page","type-page","status-publish","hentry"],"_links":{"self":[{"href":"https:\/\/www.kristensen-skjern.dk\/index.php\/wp-json\/wp\/v2\/pages\/1084","targetHints":{"allow":["GET"]}}],"collection":[{"href":"https:\/\/www.kristensen-skjern.dk\/index.php\/wp-json\/wp\/v2\/pages"}],"about":[{"href":"https:\/\/www.kristensen-skjern.dk\/index.php\/wp-json\/wp\/v2\/types\/page"}],"author":[{"embeddable":true,"href":"https:\/\/www.kristensen-skjern.dk\/index.php\/wp-json\/wp\/v2\/users\/1"}],"replies":[{"embeddable":true,"href":"https:\/\/www.kristensen-skjern.dk\/index.php\/wp-json\/wp\/v2\/comments?post=1084"}],"version-history":[{"count":2,"href":"https:\/\/www.kristensen-skjern.dk\/index.php\/wp-json\/wp\/v2\/pages\/1084\/revisions"}],"predecessor-version":[{"id":1090,"href":"https:\/\/www.kristensen-skjern.dk\/index.php\/wp-json\/wp\/v2\/pages\/1084\/revisions\/1090"}],"wp:attachment":[{"href":"https:\/\/www.kristensen-skjern.dk\/index.php\/wp-json\/wp\/v2\/media?parent=1084"}],"curies":[{"name":"wp","href":"https:\/\/api.w.org\/{rel}","templated":true}]}}