{"id":139,"date":"2021-08-31T19:42:24","date_gmt":"2021-08-31T20:42:24","guid":{"rendered":"https:\/\/www.kristensen-skjern.dk\/?page_id=139"},"modified":"2025-10-10T14:12:18","modified_gmt":"2025-10-10T15:12:18","slug":"om-mig","status":"publish","type":"page","link":"https:\/\/www.kristensen-skjern.dk\/index.php\/om-mig\/","title":{"rendered":"Erik Kristensen"},"content":{"rendered":"\t\t<div data-elementor-type=\"wp-page\" data-elementor-id=\"139\" class=\"elementor elementor-139\">\n\t\t\t\t\t\t<section class=\"elementor-section elementor-top-section elementor-element elementor-element-d1f0753 elementor-section-boxed elementor-section-height-default elementor-section-height-default wpr-particle-no wpr-jarallax-no wpr-parallax-no wpr-sticky-section-no\" data-id=\"d1f0753\" data-element_type=\"section\" data-e-type=\"section\">\n\t\t\t\t\t\t<div class=\"elementor-container elementor-column-gap-default\">\n\t\t\t\t\t<div class=\"elementor-column elementor-col-100 elementor-top-column elementor-element elementor-element-a23010b\" data-id=\"a23010b\" data-element_type=\"column\" data-e-type=\"column\">\n\t\t\t<div class=\"elementor-widget-wrap elementor-element-populated\">\n\t\t\t\t\t\t<section class=\"elementor-section elementor-inner-section elementor-element elementor-element-6fcfde3 elementor-section-boxed elementor-section-height-default elementor-section-height-default wpr-particle-no wpr-jarallax-no wpr-parallax-no wpr-sticky-section-no\" data-id=\"6fcfde3\" data-element_type=\"section\" data-e-type=\"section\">\n\t\t\t\t\t\t<div class=\"elementor-container elementor-column-gap-default\">\n\t\t\t\t\t<div class=\"elementor-column elementor-col-50 elementor-inner-column elementor-element elementor-element-5009c33\" data-id=\"5009c33\" data-element_type=\"column\" data-e-type=\"column\">\n\t\t\t<div class=\"elementor-widget-wrap elementor-element-populated\">\n\t\t\t\t\t\t<div class=\"elementor-element elementor-element-e86aea8 elementor-widget elementor-widget-text-editor\" data-id=\"e86aea8\" data-element_type=\"widget\" data-e-type=\"widget\" data-widget_type=\"text-editor.default\">\n\t\t\t\t<div class=\"elementor-widget-container\">\n\t\t\t\t\t\t\t\t\t<h5>Har altid haft interesse for elektronik og mekanik, selv om der ikke var s\u00e5 meget af det i 60 sene hvor jeg gik i Flade skole, og siden Nykk\u00f8bing Folke &amp; Realskole.<br>Bygede min f\u00f8rst FM sender i 6 klasse, med god hj\u00e6lp fra min klassel\u00e6rer Riis Vestergaard.<br>Ville gerne i l\u00e6re som radiomekanikker, men det var ikke muligt at f\u00e5 en l\u00e6replads p\u00e5 det tidspunkt.<br>Kom i stedet i l\u00e6re som smed i Flade ved S\u00f8ren Nielsen, som fornylig havde overtaget det lokale smede.<br>Han var en ung og driftig mand, som hurtigt udvidede det til en mekanikker og bilsalgs forretning, han begyndte at s\u00e6lge Toyota biler som var relativ ny i Danmark p\u00e5 det tidspunkt. S\u00e5 jeg var s\u00e5dan lidt en blanding af smed \/ mekaniker da l\u00e6retiden var overst\u00e5et. <br>Nu var det tid til at f\u00e5 vernepligten afviklet, som foregik p\u00e5 Hvorup kaserne ved \u00c5lborg.<\/h5>\n<h5>Vendte til bage til S\u00f8ren Nielsen efter soldatertiden, men nu var der energikrise i Danmark, og der var for lidt at laver p\u00e5 v\u00e6rkstedet.<br>S\u00e5 jeg s\u00f8gte ud p\u00e5 Mors\u00f8 Jernst\u00f8beri, og blev lovet 3 mdr. arbejde der ude, noget m\u00e5 jo v\u00e6ret g\u00e5et helt galt for jeg var der fra 1973 &#8211; 1990.<\/h5>\n<p><\/p>\t\t\t\t\t\t\t\t<\/div>\n\t\t\t\t<\/div>\n\t\t\t\t\t<\/div>\n\t\t<\/div>\n\t\t\t\t<div class=\"elementor-column elementor-col-50 elementor-inner-column elementor-element elementor-element-7b69ee8\" data-id=\"7b69ee8\" data-element_type=\"column\" data-e-type=\"column\">\n\t\t\t<div class=\"elementor-widget-wrap elementor-element-populated\">\n\t\t\t\t\t\t<div class=\"elementor-element elementor-element-695ecde elementor-widget elementor-widget-image\" data-id=\"695ecde\" data-element_type=\"widget\" data-e-type=\"widget\" data-widget_type=\"image.default\">\n\t\t\t\t<div class=\"elementor-widget-container\">\n\t\t\t\t\t\t\t\t\t\t\t\t\t\t\t<img fetchpriority=\"high\" decoding=\"async\" width=\"960\" height=\"960\" src=\"https:\/\/www.kristensen-skjern.dk\/wp-content\/uploads\/2021\/09\/Erik70-1-1024x1024.jpg\" class=\"attachment-large size-large wp-image-215\" alt=\"\" srcset=\"https:\/\/www.kristensen-skjern.dk\/wp-content\/uploads\/2021\/09\/Erik70-1-1024x1024.jpg 1024w, https:\/\/www.kristensen-skjern.dk\/wp-content\/uploads\/2021\/09\/Erik70-1-300x300.jpg 300w, https:\/\/www.kristensen-skjern.dk\/wp-content\/uploads\/2021\/09\/Erik70-1-150x150.jpg 150w, https:\/\/www.kristensen-skjern.dk\/wp-content\/uploads\/2021\/09\/Erik70-1-768x768.jpg 768w, https:\/\/www.kristensen-skjern.dk\/wp-content\/uploads\/2021\/09\/Erik70-1-1536x1536.jpg 1536w, https:\/\/www.kristensen-skjern.dk\/wp-content\/uploads\/2021\/09\/Erik70-1-2048x2048.jpg 2048w, https:\/\/www.kristensen-skjern.dk\/wp-content\/uploads\/2021\/09\/Erik70-1-1140x1141.jpg 1140w, https:\/\/www.kristensen-skjern.dk\/wp-content\/uploads\/2021\/09\/Erik70-1-75x75.jpg 75w\" sizes=\"(max-width: 960px) 100vw, 960px\" \/>\t\t\t\t\t\t\t\t\t\t\t\t\t\t\t<\/div>\n\t\t\t\t<\/div>\n\t\t\t\t<div class=\"elementor-element elementor-element-f03ff3d elementor-widget elementor-widget-text-editor\" data-id=\"f03ff3d\" data-element_type=\"widget\" data-e-type=\"widget\" data-widget_type=\"text-editor.default\">\n\t\t\t\t<div class=\"elementor-widget-container\">\n\t\t\t\t\t\t\t\t\t<h5>Hvor vi flyttede til Skjern, da jeg havde f\u00e5et arbejde p\u00e5 det endnu ikke bygget jernst\u00f8beri Ferrodan.<br>I 2010 flyttede jeg ud til Benno Gosvig.<br>Gik p\u00e5 pension i 2016.<br>Sidel\u00f8bende har jeg lavet nogle hjemmesider.<br>Passet regnskab for.<br>Ejerforeningen M\u00f8llen Skjern<br>Grundejerforening Skovtoften Skjern<br>Vestjyske Naturfotografer.<\/h5>\n<p style=\"margin-bottom: 7.5pt; line-height: normal; mso-outline-level: 5; background: white;\">\n<\/p>\t\t\t\t\t\t\t\t<\/div>\n\t\t\t\t<\/div>\n\t\t\t\t\t<\/div>\n\t\t<\/div>\n\t\t\t\t\t<\/div>\n\t\t<\/section>\n\t\t\t\t\t<\/div>\n\t\t<\/div>\n\t\t\t\t\t<\/div>\n\t\t<\/section>\n\t\t\t\t<section class=\"elementor-section elementor-top-section elementor-element elementor-element-62ad42b elementor-section-boxed elementor-section-height-default elementor-section-height-default wpr-particle-no wpr-jarallax-no wpr-parallax-no wpr-sticky-section-no\" data-id=\"62ad42b\" data-element_type=\"section\" data-e-type=\"section\">\n\t\t\t\t\t\t<div class=\"elementor-container elementor-column-gap-default\">\n\t\t\t\t\t<div class=\"elementor-column elementor-col-100 elementor-top-column elementor-element elementor-element-c013b29\" data-id=\"c013b29\" data-element_type=\"column\" data-e-type=\"column\">\n\t\t\t<div class=\"elementor-widget-wrap elementor-element-populated\">\n\t\t\t\t\t\t<div class=\"elementor-element elementor-element-c984ead elementor-widget elementor-widget-google_maps\" data-id=\"c984ead\" data-element_type=\"widget\" data-e-type=\"widget\" data-widget_type=\"google_maps.default\">\n\t\t\t\t<div class=\"elementor-widget-container\">\n\t\t\t\t\t\t\t<div class=\"elementor-custom-embed\">\n\t\t\t<iframe loading=\"lazy\"\n\t\t\t\t\tsrc=\"https:\/\/maps.google.com\/maps?q=Skovtoften%206%206900%20Skjern&#038;t=m&#038;z=17&#038;output=embed&#038;iwloc=near\"\n\t\t\t\t\ttitle=\"Skovtoften 6 6900 Skjern\"\n\t\t\t\t\taria-label=\"Skovtoften 6 6900 Skjern\"\n\t\t\t><\/iframe>\n\t\t<\/div>\n\t\t\t\t\t\t<\/div>\n\t\t\t\t<\/div>\n\t\t\t\t\t<\/div>\n\t\t<\/div>\n\t\t\t\t\t<\/div>\n\t\t<\/section>\n\t\t\t\t<section class=\"elementor-section elementor-top-section elementor-element elementor-element-de5868d elementor-section-boxed elementor-section-height-default elementor-section-height-default wpr-particle-no wpr-jarallax-no wpr-parallax-no wpr-sticky-section-no\" data-id=\"de5868d\" data-element_type=\"section\" data-e-type=\"section\">\n\t\t\t\t\t\t<div class=\"elementor-container elementor-column-gap-default\">\n\t\t\t\t\t<div class=\"elementor-column elementor-col-100 elementor-top-column elementor-element elementor-element-6a2de94\" data-id=\"6a2de94\" data-element_type=\"column\" data-e-type=\"column\">\n\t\t\t<div class=\"elementor-widget-wrap elementor-element-populated\">\n\t\t\t\t\t\t<div class=\"elementor-element elementor-element-82b7586 elementor-widget elementor-widget-text-editor\" data-id=\"82b7586\" data-element_type=\"widget\" data-e-type=\"widget\" data-widget_type=\"text-editor.default\">\n\t\t\t\t<div class=\"elementor-widget-container\">\n\t\t\t\t\t\t\t\t\t<ul>\n<li>Med venlig hilsen<\/li>\n<li>Erik Kristensen<\/li>\n<li>Skovtoften 6<\/li>\n<li>6900 Skjern<\/li>\n<li><span style=\"font-family: 'Segoe UI Emoji',sans-serif; mso-fareast-font-family: 'Times New Roman'; mso-fareast-theme-font: minor-fareast; mso-bidi-font-family: 'Segoe UI Emoji'; mso-fareast-language: DA; mso-no-proof: yes;\"><img decoding=\"async\" class=\"emoji\" role=\"img\" draggable=\"false\" src=\"https:\/\/s.w.org\/images\/core\/emoji\/13.1.0\/svg\/1f4de.svg\" alt=\"\ud83d\udcde\">&nbsp;<\/span>31100364<\/li>\n<li>erik@kristensen-skjern.dk<\/li>\n<\/ul>\t\t\t\t\t\t\t\t<\/div>\n\t\t\t\t<\/div>\n\t\t\t\t\t<\/div>\n\t\t<\/div>\n\t\t\t\t\t<\/div>\n\t\t<\/section>\n\t\t\t\t<section class=\"elementor-section elementor-top-section elementor-element elementor-element-a2e9ab9 elementor-section-boxed elementor-section-height-default elementor-section-height-default wpr-particle-no wpr-jarallax-no wpr-parallax-no wpr-sticky-section-no\" data-id=\"a2e9ab9\" data-element_type=\"section\" data-e-type=\"section\">\n\t\t\t\t\t\t<div class=\"elementor-container elementor-column-gap-default\">\n\t\t\t\t\t<div class=\"elementor-column elementor-col-100 elementor-top-column elementor-element elementor-element-7217987\" data-id=\"7217987\" data-element_type=\"column\" data-e-type=\"column\">\n\t\t\t<div class=\"elementor-widget-wrap elementor-element-populated\">\n\t\t\t\t\t\t<div class=\"elementor-element elementor-element-6fea100 elementor-widget elementor-widget-heading\" data-id=\"6fea100\" data-element_type=\"widget\" data-e-type=\"widget\" data-widget_type=\"heading.default\">\n\t\t\t\t<div class=\"elementor-widget-container\">\n\t\t\t\t\t<h2 class=\"elementor-heading-title elementor-size-default\"><span style=\", sans-serif;font-size: 13px;font-weight: 400\"><style id=\"wpforms-css-vars-2039\">\n\t\t\t\t#wpforms-2039 {\n\t\t\t\t--wpforms-container-padding: 0px;\n--wpforms-container-border-width: 1px;\n--wpforms-container-border-radius: 3px;\n--wpforms-background-color: rgba(0, 0, 0, 0);\n--wpforms-field-size-input-height: 43px;\n--wpforms-field-size-input-spacing: 15px;\n--wpforms-field-size-font-size: 16px;\n--wpforms-field-size-line-height: 19px;\n--wpforms-field-size-padding-h: 14px;\n--wpforms-field-size-checkbox-size: 16px;\n--wpforms-field-size-sublabel-spacing: 5px;\n--wpforms-field-size-icon-size: 1;\n--wpforms-label-size-font-size: 16px;\n--wpforms-label-size-line-height: 19px;\n--wpforms-label-size-sublabel-font-size: 14px;\n--wpforms-label-size-sublabel-line-height: 17px;\n--wpforms-button-size-font-size: 17px;\n--wpforms-button-size-height: 41px;\n--wpforms-button-size-padding-h: 15px;\n--wpforms-button-size-margin-top: 10px;\n--wpforms-container-shadow-size-box-shadow: none;\n\t\t\t}\n\t\t\t<\/style><div class=\"wpforms-container wpforms-container-full wpforms-render-modern\" id=\"wpforms-2039\"><form id=\"wpforms-form-2039\" class=\"wpforms-validate wpforms-form wpforms-ajax-form\" data-formid=\"2039\" method=\"post\" enctype=\"multipart\/form-data\" action=\"\/index.php\/wp-json\/wp\/v2\/pages\/139\" data-token=\"cfc0f5a937d694928243d4536697b28c\" data-token-time=\"1777106558\"><noscript class=\"wpforms-error-noscript\">Please enable JavaScript in your browser to complete this form.<\/noscript><div id=\"wpforms-error-noscript\" style=\"display: none;\">Please enable JavaScript in your browser to complete this form.<\/div><div class=\"wpforms-field-container\"><div id=\"wpforms-2039-field_1-container\" class=\"wpforms-field wpforms-field-name\" data-field-id=\"1\"><fieldset><legend class=\"wpforms-field-label\">Dit navn <span class=\"wpforms-required-label\" aria-hidden=\"true\">*<\/span><\/legend><div class=\"wpforms-field-row wpforms-field-medium\"><div class=\"wpforms-field-row-block wpforms-first wpforms-one-half\"><input type=\"text\" id=\"wpforms-2039-field_1\" class=\"wpforms-field-name-first wpforms-field-required\" name=\"wpforms[fields][1][first]\" aria-errormessage=\"wpforms-2039-field_1-error\" required><label for=\"wpforms-2039-field_1\" class=\"wpforms-field-sublabel after\">First<\/label><\/div><div class=\"wpforms-field-row-block wpforms-one-half\"><input type=\"text\" id=\"wpforms-2039-field_1-last\" class=\"wpforms-field-name-last wpforms-field-required\" name=\"wpforms[fields][1][last]\" aria-errormessage=\"wpforms-2039-field_1-last-error\" required><label for=\"wpforms-2039-field_1-last\" class=\"wpforms-field-sublabel after\">Last<\/label><\/div><\/div><\/fieldset><\/div><div id=\"wpforms-2039-field_2-container\" class=\"wpforms-field wpforms-field-email\" data-field-id=\"2\"><label class=\"wpforms-field-label\" for=\"wpforms-2039-field_2\">Email <span class=\"wpforms-required-label\" aria-hidden=\"true\">*<\/span><\/label><input type=\"email\" id=\"wpforms-2039-field_2\" class=\"wpforms-field-medium wpforms-field-required\" name=\"wpforms[fields][2]\" spellcheck=\"false\" aria-errormessage=\"wpforms-2039-field_2-error\" required><\/div><div id=\"wpforms-2039-field_4-container\" class=\"wpforms-field wpforms-field-number\" data-field-id=\"4\"><label class=\"wpforms-field-label\" for=\"wpforms-2039-field_4\">Telefonnummer: <span class=\"wpforms-required-label\" aria-hidden=\"true\">*<\/span><\/label><input type=\"number\" id=\"wpforms-2039-field_4\" class=\"wpforms-field-small wpforms-field-required\" name=\"wpforms[fields][4]\" value=\"0045-\" step=\"any\" aria-errormessage=\"wpforms-2039-field_4-error\" required><\/div>\t\t<div id=\"wpforms-2039-field_5-container\"\n\t\t\tclass=\"wpforms-field wpforms-field-text\"\n\t\t\tdata-field-type=\"text\"\n\t\t\tdata-field-id=\"5\"\n\t\t\t>\n\t\t\t<label class=\"wpforms-field-label\" for=\"wpforms-2039-field_5\" >Skriv navn Dit<\/label>\n\t\t\t<input type=\"text\" id=\"wpforms-2039-field_5\" class=\"wpforms-field-medium\" name=\"wpforms[fields][5]\" >\n\t\t<\/div>\n\t\t<div id=\"wpforms-2039-field_3-container\" class=\"wpforms-field wpforms-field-textarea\" data-field-id=\"3\"><label class=\"wpforms-field-label\" for=\"wpforms-2039-field_3\">Skriv i rubrikken her under.<\/label><textarea id=\"wpforms-2039-field_3\" class=\"wpforms-field-medium\" name=\"wpforms[fields][3]\" aria-errormessage=\"wpforms-2039-field_3-error\" ><\/textarea><\/div><script>\n\t\t\t\t( function() {\n\t\t\t\t\tconst style = document.createElement( 'style' );\n\t\t\t\t\tstyle.appendChild( document.createTextNode( '#wpforms-2039-field_5-container { position: absolute !important; overflow: hidden !important; display: inline !important; height: 1px !important; width: 1px !important; z-index: -1000 !important; padding: 0 !important; } #wpforms-2039-field_5-container input { visibility: hidden; } #wpforms-conversational-form-page #wpforms-2039-field_5-container label { counter-increment: none; }' ) );\n\t\t\t\t\tdocument.head.appendChild( style );\n\t\t\t\t\tdocument.currentScript?.remove();\n\t\t\t\t} )();\n\t\t\t<\/script><\/div><!-- .wpforms-field-container --><div class=\"wpforms-submit-container\" ><input type=\"hidden\" name=\"wpforms[id]\" value=\"2039\"><input type=\"hidden\" name=\"page_title\" value=\"\"><input type=\"hidden\" name=\"page_url\" value=\"https:\/\/www.kristensen-skjern.dk\/index.php\/wp-json\/wp\/v2\/pages\/139\"><input type=\"hidden\" name=\"url_referer\" value=\"\"><button type=\"submit\" name=\"wpforms[submit]\" id=\"wpforms-submit-2039\" class=\"wpforms-submit\" data-alt-text=\"Sender\" data-submit-text=\"Send\" aria-live=\"assertive\" value=\"wpforms-submit\">Send<\/button><img decoding=\"async\" src=\"https:\/\/www.kristensen-skjern.dk\/wp-content\/plugins\/wpforms-lite\/assets\/images\/submit-spin.svg\" class=\"wpforms-submit-spinner\" style=\"display: none;\" width=\"26\" height=\"26\" alt=\"Loading\"><\/div><\/form><\/div>  <!-- .wpforms-container --><\/span><\/h2>\t\t\t\t<\/div>\n\t\t\t\t<\/div>\n\t\t\t\t\t<\/div>\n\t\t<\/div>\n\t\t\t\t\t<\/div>\n\t\t<\/section>\n\t\t\t\t<\/div>\n\t\t","protected":false},"excerpt":{"rendered":"<p>Har altid haft interesse for elektronik og mekanik, selv om der ikke var s\u00e5 meget af det i 60 sene hvor jeg gik i Flade skole, og siden Nykk\u00f8bing Folke &amp; Realskole.Bygede min f\u00f8rst FM sender i 6 klasse, med god hj\u00e6lp fra min klassel\u00e6rer Riis Vestergaard.Ville gerne i l\u00e6re som radiomekanikker, men det var ikke muligt at f\u00e5 en l\u00e6replads p\u00e5 det tidspunkt.Kom i stedet i l\u00e6re som smed i Flade ved S\u00f8ren Nielsen, som fornylig havde overtaget det lokale smede.Han var en ung og driftig mand, som hurtigt udvidede det til en mekanikker og bilsalgs forretning, han begyndte at s\u00e6lge Toyota biler som var relativ ny i Danmark p\u00e5 det tidspunkt. S\u00e5 jeg var s\u00e5dan lidt en blanding af smed \/ mekaniker da l\u00e6retiden var overst\u00e5et. Nu var det tid til at f\u00e5 vernepligten afviklet, som foregik p\u00e5 Hvorup kaserne ved \u00c5lborg. Vendte til bage til S\u00f8ren Nielsen efter soldatertiden, men nu var der energikrise i Danmark, og der var for lidt at laver p\u00e5 v\u00e6rkstedet.S\u00e5 jeg s\u00f8gte ud p\u00e5 Mors\u00f8 Jernst\u00f8beri, og blev lovet 3 mdr. arbejde der ude, noget m\u00e5 jo v\u00e6ret g\u00e5et helt galt for jeg var der fra 1973 &#8211; 1990. Hvor vi flyttede til Skjern, da jeg havde f\u00e5et arbejde p\u00e5 det endnu ikke bygget jernst\u00f8beri Ferrodan.I 2010 flyttede jeg ud til Benno Gosvig.Gik p\u00e5 pension i 2016.Sidel\u00f8bende har jeg lavet nogle hjemmesider.Passet regnskab for.Ejerforeningen M\u00f8llen SkjernGrundejerforening Skovtoften SkjernVestjyske Naturfotografer. Med venlig hilsen Erik Kristensen Skovtoften 6 6900 Skjern &nbsp;31100364 erik@kristensen-skjern.dk<\/p>\n","protected":false},"author":1,"featured_media":0,"parent":0,"menu_order":0,"comment_status":"closed","ping_status":"closed","template":"","meta":{"ngg_post_thumbnail":0,"footnotes":""},"class_list":["post-139","page","type-page","status-publish","hentry"],"_links":{"self":[{"href":"https:\/\/www.kristensen-skjern.dk\/index.php\/wp-json\/wp\/v2\/pages\/139","targetHints":{"allow":["GET"]}}],"collection":[{"href":"https:\/\/www.kristensen-skjern.dk\/index.php\/wp-json\/wp\/v2\/pages"}],"about":[{"href":"https:\/\/www.kristensen-skjern.dk\/index.php\/wp-json\/wp\/v2\/types\/page"}],"author":[{"embeddable":true,"href":"https:\/\/www.kristensen-skjern.dk\/index.php\/wp-json\/wp\/v2\/users\/1"}],"replies":[{"embeddable":true,"href":"https:\/\/www.kristensen-skjern.dk\/index.php\/wp-json\/wp\/v2\/comments?post=139"}],"version-history":[{"count":97,"href":"https:\/\/www.kristensen-skjern.dk\/index.php\/wp-json\/wp\/v2\/pages\/139\/revisions"}],"predecessor-version":[{"id":2044,"href":"https:\/\/www.kristensen-skjern.dk\/index.php\/wp-json\/wp\/v2\/pages\/139\/revisions\/2044"}],"wp:attachment":[{"href":"https:\/\/www.kristensen-skjern.dk\/index.php\/wp-json\/wp\/v2\/media?parent=139"}],"curies":[{"name":"wp","href":"https:\/\/api.w.org\/{rel}","templated":true}]}}