{"id":1497,"date":"2023-10-22T16:32:06","date_gmt":"2023-10-22T17:32:06","guid":{"rendered":"https:\/\/www.kristensen-skjern.dk\/?page_id=1497"},"modified":"2023-10-22T16:53:53","modified_gmt":"2023-10-22T17:53:53","slug":"kvadratedderkop","status":"publish","type":"page","link":"https:\/\/www.kristensen-skjern.dk\/index.php\/kvadratedderkop\/","title":{"rendered":"Kvadratedderkop"},"content":{"rendered":"\n<h6 class=\"wp-block-heading\" id=\"hvepseedderkoppen-er-en-edderkop-af-familien-hjulspindere-med-sin-gul-og-sortstribede-bagkrop-er-der-tale-om-en-saerdeles-genkendelig-edderkop-der-ikke-kan-forveksles-med-andre-edderkopper-i-danmark-hvepseedderkoppen-er-en-efter-danske-forhold-stor-edderkop-idet-hunnen-inkl-ben-maler-3-4-cm-nemmest-at-spotte-om-morgenen-hvor-der-stadigt-er-lidt-dug-pa-spindet-findes-pa-enge-i-halv-langt-graes-og-buske\">Kvadratedderkoppen er en stor edderkop. Den er almindelig overalt i Danmark, men den foretr\u00e6kker t\u00f8rre lokaliteter, fx heder og marker. Den tr\u00e6ffes ogs\u00e5 ofte i lysninger i skovene, hvor den har bygget sit hjulspind mellem sm\u00e5buske og tr\u00e6er i ca. 80 cm h\u00f8jde.<br>Kendetegn<br>Kvadratedderkoppen kendes p\u00e5 sin st\u00f8rrelse og p\u00e5 de fire hvide pletter p\u00e5 overkroppen. Kropsfarven kan variere i gule, r\u00f8de brune, gr\u00f8nne og sorte nuancer.<br>F\u00f8de<br>Kvadratedderkoppen er et rovdyr. Den fanger flyvende og springende insekter og sm\u00e5dyr i sit store hjulspind.<\/h6>\n\n\n<div class='photonic-wp-stream photonic-stream ' id='photonic-wp-stream-1'>\n\n\t<div id='photonic-wp-stream-1-container' class='title-display-tooltip photonic-level-1-container sizes-present photonic-mosaic-layout photonic-thumbnail-effect-zoom' data-photonic-platform=\"wp\" data-photonic-gallery-columns=\"auto\" data-photonic-query=\"order=ASC&amp;orderby=post__in&amp;id=1497&amp;itemtag=figure&amp;icontag=div&amp;captiontag=figcaption&amp;size=thumbnail&amp;include=1501,1502,1503,1504,1505,1506&amp;exclude=&amp;link=&amp;offset=0&amp;layout=mosaic&amp;custom_classes=&amp;alignment=&amp;caption=title&amp;page=1&amp;count=-1&amp;thumb_size=thumbnail&amp;slide_size=large&amp;type=default&amp;style=mosaic&amp;display=local&amp;ids=1501,1502,1503,1504,1505,1506&amp;main_size=full&amp;tile_size=full&amp;show_gallery=Kvadratedderkop&amp;columns=auto\">\n\t\t<figure class='photonic-level-1 photonic-thumb'>\n\t\t\t<a href='https:\/\/www.kristensen-skjern.dk\/wp-content\/uploads\/2023\/10\/DSC_1522-.jpg' title='DSC_1522' rel='lightbox-photonic-wp-stream-1' class='photonic-lb photonic-baguettebox baguettebox' data-photonic-media-type=\"image\" data-content-type=\"image\" data-photonic-deep=\"gallery[photonic-wp-stream-1]\/1501\/\" data-title=\"&lt;a href=&#039;https:\/\/www.kristensen-skjern.dk\/index.php\/kvadratedderkop\/dsc_1522\/&#039; &gt;DSC_1522&lt;\/a&gt;\" data-photonic-tooltip=\"DSC_1522\">\n\t\t\t\t<img alt='DSC_1522' class='mosaic' data-src='https:\/\/www.kristensen-skjern.dk\/wp-content\/uploads\/2023\/10\/DSC_1522-.jpg' loading='lazy' width='2048' height='1365' \/>\n\t\t\t<\/a>\n\t\t<\/figure>\n\t\t<figure class='photonic-level-1 photonic-thumb'>\n\t\t\t<a href='https:\/\/www.kristensen-skjern.dk\/wp-content\/uploads\/2023\/10\/DSC_1916.jpg' title='DSC_1916' rel='lightbox-photonic-wp-stream-1' class='photonic-lb photonic-baguettebox baguettebox' data-photonic-media-type=\"image\" data-content-type=\"image\" data-photonic-deep=\"gallery[photonic-wp-stream-1]\/1502\/\" data-title=\"&lt;a href=&#039;https:\/\/www.kristensen-skjern.dk\/index.php\/kvadratedderkop\/dsc_1916\/&#039; &gt;DSC_1916&lt;\/a&gt;\" data-photonic-tooltip=\"DSC_1916\">\n\t\t\t\t<img alt='DSC_1916' class='mosaic' data-src='https:\/\/www.kristensen-skjern.dk\/wp-content\/uploads\/2023\/10\/DSC_1916.jpg' loading='lazy' width='2048' height='1365' \/>\n\t\t\t<\/a>\n\t\t<\/figure>\n\t\t<figure class='photonic-level-1 photonic-thumb'>\n\t\t\t<a href='https:\/\/www.kristensen-skjern.dk\/wp-content\/uploads\/2023\/10\/DSC_2017.jpg' title='DSC_2017' rel='lightbox-photonic-wp-stream-1' class='photonic-lb photonic-baguettebox baguettebox' data-photonic-media-type=\"image\" data-content-type=\"image\" data-photonic-deep=\"gallery[photonic-wp-stream-1]\/1503\/\" data-title=\"&lt;a href=&#039;https:\/\/www.kristensen-skjern.dk\/index.php\/kvadratedderkop\/dsc_2017\/&#039; &gt;DSC_2017&lt;\/a&gt;\" data-photonic-tooltip=\"DSC_2017\">\n\t\t\t\t<img alt='DSC_2017' class='mosaic' data-src='https:\/\/www.kristensen-skjern.dk\/wp-content\/uploads\/2023\/10\/DSC_2017.jpg' loading='lazy' width='2048' height='1365' \/>\n\t\t\t<\/a>\n\t\t<\/figure>\n\t\t<figure class='photonic-level-1 photonic-thumb'>\n\t\t\t<a href='https:\/\/www.kristensen-skjern.dk\/wp-content\/uploads\/2023\/10\/DSC_2044.jpg' title='DSC_2044' rel='lightbox-photonic-wp-stream-1' class='photonic-lb photonic-baguettebox baguettebox' data-photonic-media-type=\"image\" data-content-type=\"image\" data-photonic-deep=\"gallery[photonic-wp-stream-1]\/1504\/\" data-title=\"&lt;a href=&#039;https:\/\/www.kristensen-skjern.dk\/index.php\/kvadratedderkop\/dsc_2044\/&#039; &gt;DSC_2044&lt;\/a&gt;\" data-photonic-tooltip=\"DSC_2044\">\n\t\t\t\t<img alt='DSC_2044' class='mosaic' data-src='https:\/\/www.kristensen-skjern.dk\/wp-content\/uploads\/2023\/10\/DSC_2044.jpg' loading='lazy' width='1365' height='2048' \/>\n\t\t\t<\/a>\n\t\t<\/figure>\n\t\t<figure class='photonic-level-1 photonic-thumb'>\n\t\t\t<a href='https:\/\/www.kristensen-skjern.dk\/wp-content\/uploads\/2023\/10\/DSC_3948.jpg' title='DSC_3948' rel='lightbox-photonic-wp-stream-1' class='photonic-lb photonic-baguettebox baguettebox' data-photonic-media-type=\"image\" data-content-type=\"image\" data-photonic-deep=\"gallery[photonic-wp-stream-1]\/1505\/\" data-title=\"&lt;a href=&#039;https:\/\/www.kristensen-skjern.dk\/index.php\/kvadratedderkop\/dsc_3948\/&#039; &gt;DSC_3948&lt;\/a&gt;\" data-photonic-tooltip=\"DSC_3948\">\n\t\t\t\t<img alt='DSC_3948' class='mosaic' data-src='https:\/\/www.kristensen-skjern.dk\/wp-content\/uploads\/2023\/10\/DSC_3948.jpg' loading='lazy' width='2048' height='1365' \/>\n\t\t\t<\/a>\n\t\t<\/figure>\n\t\t<figure class='photonic-level-1 photonic-thumb'>\n\t\t\t<a href='https:\/\/www.kristensen-skjern.dk\/wp-content\/uploads\/2023\/10\/DSC_3959.jpg' title='DSC_3959' rel='lightbox-photonic-wp-stream-1' class='photonic-lb photonic-baguettebox baguettebox' data-photonic-media-type=\"image\" data-content-type=\"image\" data-photonic-deep=\"gallery[photonic-wp-stream-1]\/1506\/\" data-title=\"&lt;a href=&#039;https:\/\/www.kristensen-skjern.dk\/index.php\/kvadratedderkop\/dsc_3959\/&#039; &gt;DSC_3959&lt;\/a&gt;\" data-photonic-tooltip=\"DSC_3959\">\n\t\t\t\t<img alt='DSC_3959' class='mosaic' data-src='https:\/\/www.kristensen-skjern.dk\/wp-content\/uploads\/2023\/10\/DSC_3959.jpg' loading='lazy' width='2048' height='1365' \/>\n\t\t\t<\/a>\n\t\t<\/figure>\n\n\t<\/div> <!-- .\/photonic-level-1-container -->\n\t<span id='photonic-wp-stream-1-container-end'><\/span>\n<\/div><!-- .photonic-stream or .photonic-panel -->\n","protected":false},"excerpt":{"rendered":"<p>Kvadratedderkoppen er en stor edderkop. Den er almindelig overalt i Danmark, men den foretr\u00e6kker t\u00f8rre lokaliteter, fx heder og marker. Den tr\u00e6ffes ogs\u00e5 ofte i lysninger i skovene, hvor den har bygget sit hjulspind mellem sm\u00e5buske og tr\u00e6er i ca. 80 cm h\u00f8jde.KendetegnKvadratedderkoppen kendes p\u00e5 sin st\u00f8rrelse og p\u00e5 de fire hvide pletter p\u00e5 overkroppen. Kropsfarven kan variere i gule, r\u00f8de brune, gr\u00f8nne og sorte nuancer.F\u00f8deKvadratedderkoppen er et rovdyr. Den fanger flyvende og springende insekter og sm\u00e5dyr i sit store hjulspind.<\/p>\n","protected":false},"author":1,"featured_media":0,"parent":0,"menu_order":0,"comment_status":"closed","ping_status":"closed","template":"","meta":{"ngg_post_thumbnail":0,"footnotes":""},"class_list":["post-1497","page","type-page","status-publish","hentry"],"_links":{"self":[{"href":"https:\/\/www.kristensen-skjern.dk\/index.php\/wp-json\/wp\/v2\/pages\/1497","targetHints":{"allow":["GET"]}}],"collection":[{"href":"https:\/\/www.kristensen-skjern.dk\/index.php\/wp-json\/wp\/v2\/pages"}],"about":[{"href":"https:\/\/www.kristensen-skjern.dk\/index.php\/wp-json\/wp\/v2\/types\/page"}],"author":[{"embeddable":true,"href":"https:\/\/www.kristensen-skjern.dk\/index.php\/wp-json\/wp\/v2\/users\/1"}],"replies":[{"embeddable":true,"href":"https:\/\/www.kristensen-skjern.dk\/index.php\/wp-json\/wp\/v2\/comments?post=1497"}],"version-history":[{"count":12,"href":"https:\/\/www.kristensen-skjern.dk\/index.php\/wp-json\/wp\/v2\/pages\/1497\/revisions"}],"predecessor-version":[{"id":1519,"href":"https:\/\/www.kristensen-skjern.dk\/index.php\/wp-json\/wp\/v2\/pages\/1497\/revisions\/1519"}],"wp:attachment":[{"href":"https:\/\/www.kristensen-skjern.dk\/index.php\/wp-json\/wp\/v2\/media?parent=1497"}],"curies":[{"name":"wp","href":"https:\/\/api.w.org\/{rel}","templated":true}]}}