{"id":1652,"date":"2023-10-24T14:04:20","date_gmt":"2023-10-24T15:04:20","guid":{"rendered":"https:\/\/www.kristensen-skjern.dk\/?page_id=1652"},"modified":"2023-10-24T14:04:20","modified_gmt":"2023-10-24T15:04:20","slug":"soelvhejre","status":"publish","type":"page","link":"https:\/\/www.kristensen-skjern.dk\/index.php\/soelvhejre\/","title":{"rendered":"S\u00f8lvhejre"},"content":{"rendered":"\n<h6 class=\"wp-block-heading\">S\u00f8lvhejren er p\u00e5 st\u00f8rrelse med fiskehejren, men har en helt hvid fjerdragt. N\u00e6bbet er m\u00f8rkt i yngleperioden, men gult resten af \u00e5ret. Den har meget lange ben, der i flugten stikker langt uden for halefjerene. Ligesom den mindre silkehejre, der ogs\u00e5 har helt hvid fjerdragt, har den i sommerdragten lange prydfjer p\u00e5 brystet og bagest p\u00e5 ryggen, men mangler silkehejrens prydfjer i nakken.<\/h6>\n\n\n<div class='photonic-wp-stream photonic-stream ' id='photonic-wp-stream-1'>\n\n\t<div id='photonic-wp-stream-1-container' class='title-display-tooltip photonic-level-1-container sizes-present photonic-mosaic-layout photonic-thumbnail-effect-zoom' data-photonic-platform=\"wp\" data-photonic-gallery-columns=\"auto\" data-photonic-query=\"order=ASC&amp;orderby=post__in&amp;id=1652&amp;itemtag=figure&amp;icontag=div&amp;captiontag=figcaption&amp;size=thumbnail&amp;include=1653,1654,1655,1656,1657,1659,1661,1662,1663,1664,1668,1669,1670,1671,1672,1673,1674,1675,1676,1677,1678,1658&amp;exclude=&amp;link=&amp;offset=0&amp;layout=mosaic&amp;custom_classes=&amp;alignment=&amp;caption=title&amp;page=1&amp;count=-1&amp;thumb_size=thumbnail&amp;slide_size=large&amp;type=default&amp;style=mosaic&amp;display=local&amp;ids=1653,1654,1655,1656,1657,1659,1661,1662,1663,1664,1668,1669,1670,1671,1672,1673,1674,1675,1676,1677,1678,1658&amp;main_size=full&amp;tile_size=full&amp;show_gallery=S\u00f8lvhejren&amp;columns=auto\">\n\t\t<figure class='photonic-level-1 photonic-thumb'>\n\t\t\t<a href='https:\/\/www.kristensen-skjern.dk\/wp-content\/uploads\/2023\/10\/DSC1511.jpg' title='_DSC1511' rel='lightbox-photonic-wp-stream-1' class='photonic-lb photonic-baguettebox baguettebox' data-photonic-media-type=\"image\" data-content-type=\"image\" data-photonic-deep=\"gallery[photonic-wp-stream-1]\/1653\/\" data-title=\"&lt;a href=&#039;https:\/\/www.kristensen-skjern.dk\/index.php\/soelvhejre\/_dsc1511\/&#039; &gt;_DSC1511&lt;\/a&gt;\" data-photonic-tooltip=\"_DSC1511\">\n\t\t\t\t<img alt='_DSC1511' class='mosaic' data-src='https:\/\/www.kristensen-skjern.dk\/wp-content\/uploads\/2023\/10\/DSC1511.jpg' loading='lazy' width='2048' height='1365' \/>\n\t\t\t<\/a>\n\t\t<\/figure>\n\t\t<figure class='photonic-level-1 photonic-thumb'>\n\t\t\t<a href='https:\/\/www.kristensen-skjern.dk\/wp-content\/uploads\/2023\/10\/DSC1516.jpg' title='_DSC1516' rel='lightbox-photonic-wp-stream-1' class='photonic-lb photonic-baguettebox baguettebox' data-photonic-media-type=\"image\" data-content-type=\"image\" data-photonic-deep=\"gallery[photonic-wp-stream-1]\/1654\/\" data-title=\"&lt;a href=&#039;https:\/\/www.kristensen-skjern.dk\/index.php\/soelvhejre\/_dsc1516\/&#039; &gt;_DSC1516&lt;\/a&gt;\" data-photonic-tooltip=\"_DSC1516\">\n\t\t\t\t<img alt='_DSC1516' class='mosaic' data-src='https:\/\/www.kristensen-skjern.dk\/wp-content\/uploads\/2023\/10\/DSC1516.jpg' loading='lazy' width='2048' height='1366' \/>\n\t\t\t<\/a>\n\t\t<\/figure>\n\t\t<figure class='photonic-level-1 photonic-thumb'>\n\t\t\t<a href='https:\/\/www.kristensen-skjern.dk\/wp-content\/uploads\/2023\/10\/DSC1765.jpg' title='_DSC1765' rel='lightbox-photonic-wp-stream-1' class='photonic-lb photonic-baguettebox baguettebox' data-photonic-media-type=\"image\" data-content-type=\"image\" data-photonic-deep=\"gallery[photonic-wp-stream-1]\/1655\/\" data-title=\"&lt;a href=&#039;https:\/\/www.kristensen-skjern.dk\/index.php\/soelvhejre\/_dsc1765\/&#039; &gt;_DSC1765&lt;\/a&gt;\" data-photonic-tooltip=\"_DSC1765\">\n\t\t\t\t<img alt='_DSC1765' class='mosaic' data-src='https:\/\/www.kristensen-skjern.dk\/wp-content\/uploads\/2023\/10\/DSC1765.jpg' loading='lazy' width='2048' height='1365' \/>\n\t\t\t<\/a>\n\t\t<\/figure>\n\t\t<figure class='photonic-level-1 photonic-thumb'>\n\t\t\t<a href='https:\/\/www.kristensen-skjern.dk\/wp-content\/uploads\/2023\/10\/DSC1767.jpg' title='_DSC1767' rel='lightbox-photonic-wp-stream-1' class='photonic-lb photonic-baguettebox baguettebox' data-photonic-media-type=\"image\" data-content-type=\"image\" data-photonic-deep=\"gallery[photonic-wp-stream-1]\/1656\/\" data-title=\"&lt;a href=&#039;https:\/\/www.kristensen-skjern.dk\/index.php\/soelvhejre\/_dsc1767\/&#039; &gt;_DSC1767&lt;\/a&gt;\" data-photonic-tooltip=\"_DSC1767\">\n\t\t\t\t<img alt='_DSC1767' class='mosaic' data-src='https:\/\/www.kristensen-skjern.dk\/wp-content\/uploads\/2023\/10\/DSC1767.jpg' loading='lazy' width='2048' height='1365' \/>\n\t\t\t<\/a>\n\t\t<\/figure>\n\t\t<figure class='photonic-level-1 photonic-thumb'>\n\t\t\t<a href='https:\/\/www.kristensen-skjern.dk\/wp-content\/uploads\/2023\/10\/DSC1772.jpg' title='_DSC1772' rel='lightbox-photonic-wp-stream-1' class='photonic-lb photonic-baguettebox baguettebox' data-photonic-media-type=\"image\" data-content-type=\"image\" data-photonic-deep=\"gallery[photonic-wp-stream-1]\/1657\/\" data-title=\"&lt;a href=&#039;https:\/\/www.kristensen-skjern.dk\/index.php\/soelvhejre\/_dsc1772\/&#039; &gt;_DSC1772&lt;\/a&gt;\" data-photonic-tooltip=\"_DSC1772\">\n\t\t\t\t<img alt='_DSC1772' class='mosaic' data-src='https:\/\/www.kristensen-skjern.dk\/wp-content\/uploads\/2023\/10\/DSC1772.jpg' loading='lazy' width='2048' height='1365' \/>\n\t\t\t<\/a>\n\t\t<\/figure>\n\t\t<figure class='photonic-level-1 photonic-thumb'>\n\t\t\t<a href='https:\/\/www.kristensen-skjern.dk\/wp-content\/uploads\/2023\/10\/DSC1820.jpg' title='_DSC1820' rel='lightbox-photonic-wp-stream-1' class='photonic-lb photonic-baguettebox baguettebox' data-photonic-media-type=\"image\" data-content-type=\"image\" data-photonic-deep=\"gallery[photonic-wp-stream-1]\/1659\/\" data-title=\"&lt;a href=&#039;https:\/\/www.kristensen-skjern.dk\/index.php\/soelvhejre\/_dsc1820\/&#039; &gt;_DSC1820&lt;\/a&gt;\" data-photonic-tooltip=\"_DSC1820\">\n\t\t\t\t<img alt='_DSC1820' class='mosaic' data-src='https:\/\/www.kristensen-skjern.dk\/wp-content\/uploads\/2023\/10\/DSC1820.jpg' loading='lazy' width='2048' height='1366' \/>\n\t\t\t<\/a>\n\t\t<\/figure>\n\t\t<figure class='photonic-level-1 photonic-thumb'>\n\t\t\t<a href='https:\/\/www.kristensen-skjern.dk\/wp-content\/uploads\/2023\/10\/DSC2042.jpg' title='_DSC2042' rel='lightbox-photonic-wp-stream-1' class='photonic-lb photonic-baguettebox baguettebox' data-photonic-media-type=\"image\" data-content-type=\"image\" data-photonic-deep=\"gallery[photonic-wp-stream-1]\/1661\/\" data-title=\"&lt;a href=&#039;https:\/\/www.kristensen-skjern.dk\/index.php\/soelvhejre\/_dsc2042\/&#039; &gt;_DSC2042&lt;\/a&gt;\" data-photonic-tooltip=\"_DSC2042\">\n\t\t\t\t<img alt='_DSC2042' class='mosaic' data-src='https:\/\/www.kristensen-skjern.dk\/wp-content\/uploads\/2023\/10\/DSC2042.jpg' loading='lazy' width='2048' height='1365' \/>\n\t\t\t<\/a>\n\t\t<\/figure>\n\t\t<figure class='photonic-level-1 photonic-thumb'>\n\t\t\t<a href='https:\/\/www.kristensen-skjern.dk\/wp-content\/uploads\/2023\/10\/DSC2048-scaled.jpg' title='_DSC2048' rel='lightbox-photonic-wp-stream-1' class='photonic-lb photonic-baguettebox baguettebox' data-photonic-media-type=\"image\" data-content-type=\"image\" data-photonic-deep=\"gallery[photonic-wp-stream-1]\/1662\/\" data-title=\"&lt;a href=&#039;https:\/\/www.kristensen-skjern.dk\/index.php\/soelvhejre\/_dsc2048\/&#039; &gt;_DSC2048&lt;\/a&gt;\" data-photonic-tooltip=\"_DSC2048\">\n\t\t\t\t<img alt='_DSC2048' class='mosaic' data-src='https:\/\/www.kristensen-skjern.dk\/wp-content\/uploads\/2023\/10\/DSC2048-scaled.jpg' loading='lazy' width='2560' height='1707' \/>\n\t\t\t<\/a>\n\t\t<\/figure>\n\t\t<figure class='photonic-level-1 photonic-thumb'>\n\t\t\t<a href='https:\/\/www.kristensen-skjern.dk\/wp-content\/uploads\/2023\/10\/DSC2119.jpg' title='_DSC2119' rel='lightbox-photonic-wp-stream-1' class='photonic-lb photonic-baguettebox baguettebox' data-photonic-media-type=\"image\" data-content-type=\"image\" data-photonic-deep=\"gallery[photonic-wp-stream-1]\/1663\/\" data-title=\"&lt;a href=&#039;https:\/\/www.kristensen-skjern.dk\/index.php\/soelvhejre\/_dsc2119\/&#039; &gt;_DSC2119&lt;\/a&gt;\" data-photonic-tooltip=\"_DSC2119\">\n\t\t\t\t<img alt='_DSC2119' class='mosaic' data-src='https:\/\/www.kristensen-skjern.dk\/wp-content\/uploads\/2023\/10\/DSC2119.jpg' loading='lazy' width='2048' height='1365' \/>\n\t\t\t<\/a>\n\t\t<\/figure>\n\t\t<figure class='photonic-level-1 photonic-thumb'>\n\t\t\t<a href='https:\/\/www.kristensen-skjern.dk\/wp-content\/uploads\/2023\/10\/DSC2120.jpg' title='_DSC2120' rel='lightbox-photonic-wp-stream-1' class='photonic-lb photonic-baguettebox baguettebox' data-photonic-media-type=\"image\" data-content-type=\"image\" data-photonic-deep=\"gallery[photonic-wp-stream-1]\/1664\/\" data-title=\"&lt;a href=&#039;https:\/\/www.kristensen-skjern.dk\/index.php\/soelvhejre\/_dsc2120\/&#039; &gt;_DSC2120&lt;\/a&gt;\" data-photonic-tooltip=\"_DSC2120\">\n\t\t\t\t<img alt='_DSC2120' class='mosaic' data-src='https:\/\/www.kristensen-skjern.dk\/wp-content\/uploads\/2023\/10\/DSC2120.jpg' loading='lazy' width='2048' height='1365' \/>\n\t\t\t<\/a>\n\t\t<\/figure>\n\t\t<figure class='photonic-level-1 photonic-thumb'>\n\t\t\t<a href='https:\/\/www.kristensen-skjern.dk\/wp-content\/uploads\/2023\/10\/DSC2125.jpg' title='_DSC2125' rel='lightbox-photonic-wp-stream-1' class='photonic-lb photonic-baguettebox baguettebox' data-photonic-media-type=\"image\" data-content-type=\"image\" data-photonic-deep=\"gallery[photonic-wp-stream-1]\/1668\/\" data-title=\"&lt;a href=&#039;https:\/\/www.kristensen-skjern.dk\/index.php\/soelvhejre\/_dsc2125\/&#039; &gt;_DSC2125&lt;\/a&gt;\" data-photonic-tooltip=\"_DSC2125\">\n\t\t\t\t<img alt='_DSC2125' class='mosaic' data-src='https:\/\/www.kristensen-skjern.dk\/wp-content\/uploads\/2023\/10\/DSC2125.jpg' loading='lazy' width='2048' height='1366' \/>\n\t\t\t<\/a>\n\t\t<\/figure>\n\t\t<figure class='photonic-level-1 photonic-thumb'>\n\t\t\t<a href='https:\/\/www.kristensen-skjern.dk\/wp-content\/uploads\/2023\/10\/DSC2167.jpg' title='_DSC2167' rel='lightbox-photonic-wp-stream-1' class='photonic-lb photonic-baguettebox baguettebox' data-photonic-media-type=\"image\" data-content-type=\"image\" data-photonic-deep=\"gallery[photonic-wp-stream-1]\/1669\/\" data-title=\"&lt;a href=&#039;https:\/\/www.kristensen-skjern.dk\/index.php\/soelvhejre\/_dsc2167\/&#039; &gt;_DSC2167&lt;\/a&gt;\" data-photonic-tooltip=\"_DSC2167\">\n\t\t\t\t<img alt='_DSC2167' class='mosaic' data-src='https:\/\/www.kristensen-skjern.dk\/wp-content\/uploads\/2023\/10\/DSC2167.jpg' loading='lazy' width='2048' height='1365' \/>\n\t\t\t<\/a>\n\t\t<\/figure>\n\t\t<figure class='photonic-level-1 photonic-thumb'>\n\t\t\t<a href='https:\/\/www.kristensen-skjern.dk\/wp-content\/uploads\/2023\/10\/DSC2170.jpg' title='_DSC2170' rel='lightbox-photonic-wp-stream-1' class='photonic-lb photonic-baguettebox baguettebox' data-photonic-media-type=\"image\" data-content-type=\"image\" data-photonic-deep=\"gallery[photonic-wp-stream-1]\/1670\/\" data-title=\"&lt;a href=&#039;https:\/\/www.kristensen-skjern.dk\/index.php\/soelvhejre\/_dsc2170\/&#039; &gt;_DSC2170&lt;\/a&gt;\" data-photonic-tooltip=\"_DSC2170\">\n\t\t\t\t<img alt='_DSC2170' class='mosaic' data-src='https:\/\/www.kristensen-skjern.dk\/wp-content\/uploads\/2023\/10\/DSC2170.jpg' loading='lazy' width='2048' height='1365' \/>\n\t\t\t<\/a>\n\t\t<\/figure>\n\t\t<figure class='photonic-level-1 photonic-thumb'>\n\t\t\t<a href='https:\/\/www.kristensen-skjern.dk\/wp-content\/uploads\/2023\/10\/DSC2182.jpg' title='_DSC2182' rel='lightbox-photonic-wp-stream-1' class='photonic-lb photonic-baguettebox baguettebox' data-photonic-media-type=\"image\" data-content-type=\"image\" data-photonic-deep=\"gallery[photonic-wp-stream-1]\/1671\/\" data-title=\"&lt;a href=&#039;https:\/\/www.kristensen-skjern.dk\/index.php\/soelvhejre\/_dsc2182\/&#039; &gt;_DSC2182&lt;\/a&gt;\" data-photonic-tooltip=\"_DSC2182\">\n\t\t\t\t<img alt='_DSC2182' class='mosaic' data-src='https:\/\/www.kristensen-skjern.dk\/wp-content\/uploads\/2023\/10\/DSC2182.jpg' loading='lazy' width='2048' height='1365' \/>\n\t\t\t<\/a>\n\t\t<\/figure>\n\t\t<figure class='photonic-level-1 photonic-thumb'>\n\t\t\t<a href='https:\/\/www.kristensen-skjern.dk\/wp-content\/uploads\/2023\/10\/DSC2183.jpg' title='_DSC2183' rel='lightbox-photonic-wp-stream-1' class='photonic-lb photonic-baguettebox baguettebox' data-photonic-media-type=\"image\" data-content-type=\"image\" data-photonic-deep=\"gallery[photonic-wp-stream-1]\/1672\/\" data-title=\"&lt;a href=&#039;https:\/\/www.kristensen-skjern.dk\/index.php\/soelvhejre\/_dsc2183\/&#039; &gt;_DSC2183&lt;\/a&gt;\" data-photonic-tooltip=\"_DSC2183\">\n\t\t\t\t<img alt='_DSC2183' class='mosaic' data-src='https:\/\/www.kristensen-skjern.dk\/wp-content\/uploads\/2023\/10\/DSC2183.jpg' loading='lazy' width='2048' height='1365' \/>\n\t\t\t<\/a>\n\t\t<\/figure>\n\t\t<figure class='photonic-level-1 photonic-thumb'>\n\t\t\t<a href='https:\/\/www.kristensen-skjern.dk\/wp-content\/uploads\/2023\/10\/DSC2193.jpg' title='_DSC2193' rel='lightbox-photonic-wp-stream-1' class='photonic-lb photonic-baguettebox baguettebox' data-photonic-media-type=\"image\" data-content-type=\"image\" data-photonic-deep=\"gallery[photonic-wp-stream-1]\/1673\/\" data-title=\"&lt;a href=&#039;https:\/\/www.kristensen-skjern.dk\/index.php\/soelvhejre\/_dsc2193\/&#039; &gt;_DSC2193&lt;\/a&gt;\" data-photonic-tooltip=\"_DSC2193\">\n\t\t\t\t<img alt='_DSC2193' class='mosaic' data-src='https:\/\/www.kristensen-skjern.dk\/wp-content\/uploads\/2023\/10\/DSC2193.jpg' loading='lazy' width='2048' height='1365' \/>\n\t\t\t<\/a>\n\t\t<\/figure>\n\t\t<figure class='photonic-level-1 photonic-thumb'>\n\t\t\t<a href='https:\/\/www.kristensen-skjern.dk\/wp-content\/uploads\/2023\/10\/DSC2195.jpg' title='_DSC2195' rel='lightbox-photonic-wp-stream-1' class='photonic-lb photonic-baguettebox baguettebox' data-photonic-media-type=\"image\" data-content-type=\"image\" data-photonic-deep=\"gallery[photonic-wp-stream-1]\/1674\/\" data-title=\"&lt;a href=&#039;https:\/\/www.kristensen-skjern.dk\/index.php\/soelvhejre\/_dsc2195\/&#039; &gt;_DSC2195&lt;\/a&gt;\" data-photonic-tooltip=\"_DSC2195\">\n\t\t\t\t<img alt='_DSC2195' class='mosaic' data-src='https:\/\/www.kristensen-skjern.dk\/wp-content\/uploads\/2023\/10\/DSC2195.jpg' loading='lazy' width='2048' height='1365' \/>\n\t\t\t<\/a>\n\t\t<\/figure>\n\t\t<figure class='photonic-level-1 photonic-thumb'>\n\t\t\t<a href='https:\/\/www.kristensen-skjern.dk\/wp-content\/uploads\/2023\/10\/DSC2220.jpg' title='_DSC2220' rel='lightbox-photonic-wp-stream-1' class='photonic-lb photonic-baguettebox baguettebox' data-photonic-media-type=\"image\" data-content-type=\"image\" data-photonic-deep=\"gallery[photonic-wp-stream-1]\/1675\/\" data-title=\"&lt;a href=&#039;https:\/\/www.kristensen-skjern.dk\/index.php\/soelvhejre\/_dsc2220\/&#039; &gt;_DSC2220&lt;\/a&gt;\" data-photonic-tooltip=\"_DSC2220\">\n\t\t\t\t<img alt='_DSC2220' class='mosaic' data-src='https:\/\/www.kristensen-skjern.dk\/wp-content\/uploads\/2023\/10\/DSC2220.jpg' loading='lazy' width='2048' height='1366' \/>\n\t\t\t<\/a>\n\t\t<\/figure>\n\t\t<figure class='photonic-level-1 photonic-thumb'>\n\t\t\t<a href='https:\/\/www.kristensen-skjern.dk\/wp-content\/uploads\/2023\/10\/DSC2221.jpg' title='_DSC2221' rel='lightbox-photonic-wp-stream-1' class='photonic-lb photonic-baguettebox baguettebox' data-photonic-media-type=\"image\" data-content-type=\"image\" data-photonic-deep=\"gallery[photonic-wp-stream-1]\/1676\/\" data-title=\"&lt;a href=&#039;https:\/\/www.kristensen-skjern.dk\/index.php\/soelvhejre\/_dsc2221\/&#039; &gt;_DSC2221&lt;\/a&gt;\" data-photonic-tooltip=\"_DSC2221\">\n\t\t\t\t<img alt='_DSC2221' class='mosaic' data-src='https:\/\/www.kristensen-skjern.dk\/wp-content\/uploads\/2023\/10\/DSC2221.jpg' loading='lazy' width='2048' height='1365' \/>\n\t\t\t<\/a>\n\t\t<\/figure>\n\t\t<figure class='photonic-level-1 photonic-thumb'>\n\t\t\t<a href='https:\/\/www.kristensen-skjern.dk\/wp-content\/uploads\/2023\/10\/DSC2222.jpg' title='_DSC2222' rel='lightbox-photonic-wp-stream-1' class='photonic-lb photonic-baguettebox baguettebox' data-photonic-media-type=\"image\" data-content-type=\"image\" data-photonic-deep=\"gallery[photonic-wp-stream-1]\/1677\/\" data-title=\"&lt;a href=&#039;https:\/\/www.kristensen-skjern.dk\/index.php\/soelvhejre\/_dsc2222\/&#039; &gt;_DSC2222&lt;\/a&gt;\" data-photonic-tooltip=\"_DSC2222\">\n\t\t\t\t<img alt='_DSC2222' class='mosaic' data-src='https:\/\/www.kristensen-skjern.dk\/wp-content\/uploads\/2023\/10\/DSC2222.jpg' loading='lazy' width='2048' height='1366' \/>\n\t\t\t<\/a>\n\t\t<\/figure>\n\t\t<figure class='photonic-level-1 photonic-thumb'>\n\t\t\t<a href='https:\/\/www.kristensen-skjern.dk\/wp-content\/uploads\/2023\/10\/DSC2225.jpg' title='_DSC2225' rel='lightbox-photonic-wp-stream-1' class='photonic-lb photonic-baguettebox baguettebox' data-photonic-media-type=\"image\" data-content-type=\"image\" data-photonic-deep=\"gallery[photonic-wp-stream-1]\/1678\/\" data-title=\"&lt;a href=&#039;https:\/\/www.kristensen-skjern.dk\/index.php\/soelvhejre\/_dsc2225\/&#039; &gt;_DSC2225&lt;\/a&gt;\" data-photonic-tooltip=\"_DSC2225\">\n\t\t\t\t<img alt='_DSC2225' class='mosaic' data-src='https:\/\/www.kristensen-skjern.dk\/wp-content\/uploads\/2023\/10\/DSC2225.jpg' loading='lazy' width='2048' height='1365' \/>\n\t\t\t<\/a>\n\t\t<\/figure>\n\t\t<figure class='photonic-level-1 photonic-thumb'>\n\t\t\t<a href='https:\/\/www.kristensen-skjern.dk\/wp-content\/uploads\/2023\/10\/DSC1816.jpg' title='_DSC1816' rel='lightbox-photonic-wp-stream-1' class='photonic-lb photonic-baguettebox baguettebox' data-photonic-media-type=\"image\" data-content-type=\"image\" data-photonic-deep=\"gallery[photonic-wp-stream-1]\/1658\/\" data-title=\"&lt;a href=&#039;https:\/\/www.kristensen-skjern.dk\/index.php\/soelvhejre\/_dsc1816\/&#039; &gt;_DSC1816&lt;\/a&gt;\" data-photonic-tooltip=\"_DSC1816\">\n\t\t\t\t<img alt='_DSC1816' class='mosaic' data-src='https:\/\/www.kristensen-skjern.dk\/wp-content\/uploads\/2023\/10\/DSC1816.jpg' loading='lazy' width='2048' height='1365' \/>\n\t\t\t<\/a>\n\t\t<\/figure>\n\n\t<\/div> <!-- .\/photonic-level-1-container -->\n\t<span id='photonic-wp-stream-1-container-end'><\/span>\n<\/div><!-- .photonic-stream or .photonic-panel -->\n","protected":false},"excerpt":{"rendered":"<p>S\u00f8lvhejren er p\u00e5 st\u00f8rrelse med fiskehejren, men har en helt hvid fjerdragt. N\u00e6bbet er m\u00f8rkt i yngleperioden, men gult resten af \u00e5ret. Den har meget lange ben, der i flugten stikker langt uden for halefjerene. Ligesom den mindre silkehejre, der ogs\u00e5 har helt hvid fjerdragt, har den i sommerdragten lange prydfjer p\u00e5 brystet og bagest p\u00e5 ryggen, men mangler silkehejrens prydfjer i nakken.<\/p>\n","protected":false},"author":1,"featured_media":0,"parent":0,"menu_order":0,"comment_status":"closed","ping_status":"closed","template":"","meta":{"ngg_post_thumbnail":0,"footnotes":""},"class_list":["post-1652","page","type-page","status-publish","hentry"],"_links":{"self":[{"href":"https:\/\/www.kristensen-skjern.dk\/index.php\/wp-json\/wp\/v2\/pages\/1652","targetHints":{"allow":["GET"]}}],"collection":[{"href":"https:\/\/www.kristensen-skjern.dk\/index.php\/wp-json\/wp\/v2\/pages"}],"about":[{"href":"https:\/\/www.kristensen-skjern.dk\/index.php\/wp-json\/wp\/v2\/types\/page"}],"author":[{"embeddable":true,"href":"https:\/\/www.kristensen-skjern.dk\/index.php\/wp-json\/wp\/v2\/users\/1"}],"replies":[{"embeddable":true,"href":"https:\/\/www.kristensen-skjern.dk\/index.php\/wp-json\/wp\/v2\/comments?post=1652"}],"version-history":[{"count":1,"href":"https:\/\/www.kristensen-skjern.dk\/index.php\/wp-json\/wp\/v2\/pages\/1652\/revisions"}],"predecessor-version":[{"id":1680,"href":"https:\/\/www.kristensen-skjern.dk\/index.php\/wp-json\/wp\/v2\/pages\/1652\/revisions\/1680"}],"wp:attachment":[{"href":"https:\/\/www.kristensen-skjern.dk\/index.php\/wp-json\/wp\/v2\/media?parent=1652"}],"curies":[{"name":"wp","href":"https:\/\/api.w.org\/{rel}","templated":true}]}}