{"id":1747,"date":"2023-10-29T20:58:49","date_gmt":"2023-10-29T21:58:49","guid":{"rendered":"https:\/\/www.kristensen-skjern.dk\/?page_id=1747"},"modified":"2023-10-29T20:58:49","modified_gmt":"2023-10-29T21:58:49","slug":"dvaergryle","status":"publish","type":"page","link":"https:\/\/www.kristensen-skjern.dk\/index.php\/dvaergryle\/","title":{"rendered":"Dv\u00e6rgryle"},"content":{"rendered":"\n<h6 class=\"wp-block-heading\">L\u00e6ngde 14-15 cm, vingefang 27-30 cm. Den mindste af vore vadere (2\/3 af Almindelig Ryle) med ret kort, lige n\u00e6b og sorte ben. Kendes i sommerdragt p\u00e5 en broget overside i sort, gulbrunt og r\u00f8dbrunt samt, i varierende udstr\u00e6kning, r\u00f8dbrunt p\u00e5 hovedet og siderne af brystet.<\/h6>\n\n\n<div class='photonic-wp-stream photonic-stream ' id='photonic-wp-stream-1'>\n\n\t<div id='photonic-wp-stream-1-container' class='title-display-tooltip photonic-level-1-container sizes-present photonic-mosaic-layout photonic-thumbnail-effect-zoom' data-photonic-platform=\"wp\" data-photonic-gallery-columns=\"auto\" data-photonic-query=\"order=ASC&amp;orderby=post__in&amp;id=1747&amp;itemtag=figure&amp;icontag=div&amp;captiontag=figcaption&amp;size=thumbnail&amp;include=1748,1749,1750,1751&amp;exclude=&amp;link=&amp;offset=0&amp;layout=mosaic&amp;custom_classes=&amp;alignment=&amp;caption=title&amp;page=1&amp;count=-1&amp;thumb_size=thumbnail&amp;slide_size=large&amp;type=default&amp;style=mosaic&amp;display=local&amp;ids=1748,1749,1750,1751&amp;main_size=full&amp;tile_size=full&amp;show_gallery=Dv\u00e6rgryle&amp;columns=auto\">\n\t\t<figure class='photonic-level-1 photonic-thumb'>\n\t\t\t<a href='https:\/\/www.kristensen-skjern.dk\/wp-content\/uploads\/2023\/10\/DSC_0370-kopier.jpg' title='DSC_0370 kopier' rel='lightbox-photonic-wp-stream-1' class='photonic-lb photonic-baguettebox baguettebox' data-photonic-media-type=\"image\" data-content-type=\"image\" data-photonic-deep=\"gallery[photonic-wp-stream-1]\/1748\/\" data-title=\"&lt;a href=&#039;https:\/\/www.kristensen-skjern.dk\/index.php\/dvaergryle\/dsc_0370-kopier\/&#039; &gt;DSC_0370 kopier&lt;\/a&gt;\" data-photonic-tooltip=\"DSC_0370 kopier\">\n\t\t\t\t<img alt='DSC_0370 kopier' class='mosaic' data-src='https:\/\/www.kristensen-skjern.dk\/wp-content\/uploads\/2023\/10\/DSC_0370-kopier.jpg' loading='lazy' width='2048' height='1365' \/>\n\t\t\t<\/a>\n\t\t<\/figure>\n\t\t<figure class='photonic-level-1 photonic-thumb'>\n\t\t\t<a href='https:\/\/www.kristensen-skjern.dk\/wp-content\/uploads\/2023\/10\/DSC_0385-kopier.jpg' title='DSC_0385 kopier' rel='lightbox-photonic-wp-stream-1' class='photonic-lb photonic-baguettebox baguettebox' data-photonic-media-type=\"image\" data-content-type=\"image\" data-photonic-deep=\"gallery[photonic-wp-stream-1]\/1749\/\" data-title=\"&lt;a href=&#039;https:\/\/www.kristensen-skjern.dk\/index.php\/dvaergryle\/dsc_0385-kopier\/&#039; &gt;DSC_0385 kopier&lt;\/a&gt;\" data-photonic-tooltip=\"DSC_0385 kopier\">\n\t\t\t\t<img alt='DSC_0385 kopier' class='mosaic' data-src='https:\/\/www.kristensen-skjern.dk\/wp-content\/uploads\/2023\/10\/DSC_0385-kopier.jpg' loading='lazy' width='2048' height='1365' \/>\n\t\t\t<\/a>\n\t\t<\/figure>\n\t\t<figure class='photonic-level-1 photonic-thumb'>\n\t\t\t<a href='https:\/\/www.kristensen-skjern.dk\/wp-content\/uploads\/2023\/10\/DSC_0386-kopier.jpg' title='DSC_0386 kopier' rel='lightbox-photonic-wp-stream-1' class='photonic-lb photonic-baguettebox baguettebox' data-photonic-media-type=\"image\" data-content-type=\"image\" data-photonic-deep=\"gallery[photonic-wp-stream-1]\/1750\/\" data-title=\"&lt;a href=&#039;https:\/\/www.kristensen-skjern.dk\/index.php\/dvaergryle\/dsc_0386-kopier\/&#039; &gt;DSC_0386 kopier&lt;\/a&gt;\" data-photonic-tooltip=\"DSC_0386 kopier\">\n\t\t\t\t<img alt='DSC_0386 kopier' class='mosaic' data-src='https:\/\/www.kristensen-skjern.dk\/wp-content\/uploads\/2023\/10\/DSC_0386-kopier.jpg' loading='lazy' width='2048' height='1365' \/>\n\t\t\t<\/a>\n\t\t<\/figure>\n\t\t<figure class='photonic-level-1 photonic-thumb'>\n\t\t\t<a href='https:\/\/www.kristensen-skjern.dk\/wp-content\/uploads\/2023\/10\/DSC_0399-kopier.jpg' title='DSC_0399 kopier' rel='lightbox-photonic-wp-stream-1' class='photonic-lb photonic-baguettebox baguettebox' data-photonic-media-type=\"image\" data-content-type=\"image\" data-photonic-deep=\"gallery[photonic-wp-stream-1]\/1751\/\" data-title=\"&lt;a href=&#039;https:\/\/www.kristensen-skjern.dk\/index.php\/dvaergryle\/dsc_0399-kopier\/&#039; &gt;DSC_0399 kopier&lt;\/a&gt;\" data-photonic-tooltip=\"DSC_0399 kopier\">\n\t\t\t\t<img alt='DSC_0399 kopier' class='mosaic' data-src='https:\/\/www.kristensen-skjern.dk\/wp-content\/uploads\/2023\/10\/DSC_0399-kopier.jpg' loading='lazy' width='2048' height='1365' \/>\n\t\t\t<\/a>\n\t\t<\/figure>\n\n\t<\/div> <!-- .\/photonic-level-1-container -->\n\t<span id='photonic-wp-stream-1-container-end'><\/span>\n<\/div><!-- .photonic-stream or .photonic-panel -->\n","protected":false},"excerpt":{"rendered":"<p>L\u00e6ngde 14-15 cm, vingefang 27-30 cm. Den mindste af vore vadere (2\/3 af Almindelig Ryle) med ret kort, lige n\u00e6b og sorte ben. Kendes i sommerdragt p\u00e5 en broget overside i sort, gulbrunt og r\u00f8dbrunt samt, i varierende udstr\u00e6kning, r\u00f8dbrunt p\u00e5 hovedet og siderne af brystet.<\/p>\n","protected":false},"author":1,"featured_media":0,"parent":0,"menu_order":0,"comment_status":"closed","ping_status":"closed","template":"","meta":{"ngg_post_thumbnail":0,"footnotes":""},"class_list":["post-1747","page","type-page","status-publish","hentry"],"_links":{"self":[{"href":"https:\/\/www.kristensen-skjern.dk\/index.php\/wp-json\/wp\/v2\/pages\/1747","targetHints":{"allow":["GET"]}}],"collection":[{"href":"https:\/\/www.kristensen-skjern.dk\/index.php\/wp-json\/wp\/v2\/pages"}],"about":[{"href":"https:\/\/www.kristensen-skjern.dk\/index.php\/wp-json\/wp\/v2\/types\/page"}],"author":[{"embeddable":true,"href":"https:\/\/www.kristensen-skjern.dk\/index.php\/wp-json\/wp\/v2\/users\/1"}],"replies":[{"embeddable":true,"href":"https:\/\/www.kristensen-skjern.dk\/index.php\/wp-json\/wp\/v2\/comments?post=1747"}],"version-history":[{"count":1,"href":"https:\/\/www.kristensen-skjern.dk\/index.php\/wp-json\/wp\/v2\/pages\/1747\/revisions"}],"predecessor-version":[{"id":1753,"href":"https:\/\/www.kristensen-skjern.dk\/index.php\/wp-json\/wp\/v2\/pages\/1747\/revisions\/1753"}],"wp:attachment":[{"href":"https:\/\/www.kristensen-skjern.dk\/index.php\/wp-json\/wp\/v2\/media?parent=1747"}],"curies":[{"name":"wp","href":"https:\/\/api.w.org\/{rel}","templated":true}]}}