{"id":1824,"date":"2023-11-18T12:54:49","date_gmt":"2023-11-18T13:54:49","guid":{"rendered":"https:\/\/www.kristensen-skjern.dk\/?page_id=1824"},"modified":"2023-11-18T12:56:48","modified_gmt":"2023-11-18T13:56:48","slug":"bramgaasen","status":"publish","type":"page","link":"https:\/\/www.kristensen-skjern.dk\/index.php\/bramgaasen\/","title":{"rendered":"Bramg\u00e5sen"},"content":{"rendered":"\n<p><\/p>\n\n\n\n<h6 class=\"wp-block-heading\">Bramg\u00e5sen er en meget kontrastrig lille g\u00e5s, som kendes p\u00e5 det hvide ansigt, den sorte hals og bryst, den gr\u00e5 ryg og den lyse bug. N\u00e6b og ben er m\u00f8rke. P\u00e5 lang afstand kan arten forveksles med knorteg\u00e5sen, men denne har en m\u00f8rkere fjerdragt og mangler den hvide ansigtsmaske. Canadag\u00e5sen har ogs\u00e5 en meget kontrastrig sort-hvid fjerdragt, men er markant st\u00f8rre, har mindre hvidt i ansigtet og har lyst bryst under den sorte hals. Stemmen er som en h\u00f8jlydt bj\u00e6ffen, som man ofte kan opdage fuglene p\u00e5.<br>Fredet i Danmark<br><\/h6>\n\n\n<div class='photonic-wp-stream photonic-stream ' id='photonic-wp-stream-1'>\n\n\t<div id='photonic-wp-stream-1-container' class='title-display-tooltip photonic-level-1-container sizes-present photonic-mosaic-layout photonic-thumbnail-effect-zoom' data-photonic-platform=\"wp\" data-photonic-gallery-columns=\"auto\" data-photonic-query=\"order=ASC&amp;orderby=post__in&amp;id=1824&amp;itemtag=figure&amp;icontag=div&amp;captiontag=figcaption&amp;size=thumbnail&amp;include=1825,1826,1827,1828,1829,1830&amp;exclude=&amp;link=&amp;offset=0&amp;layout=mosaic&amp;custom_classes=&amp;alignment=&amp;caption=title&amp;page=1&amp;count=-1&amp;thumb_size=thumbnail&amp;slide_size=large&amp;type=default&amp;style=mosaic&amp;display=local&amp;ids=1825,1826,1827,1828,1829,1830&amp;main_size=full&amp;tile_size=full&amp;show_gallery=Bramg\u00e5sen&amp;columns=auto\">\n\t\t<figure class='photonic-level-1 photonic-thumb'>\n\t\t\t<a href='https:\/\/www.kristensen-skjern.dk\/wp-content\/uploads\/2023\/11\/DSC2963.jpg' title='_DSC2963' rel='lightbox-photonic-wp-stream-1' class='photonic-lb photonic-baguettebox baguettebox' data-photonic-media-type=\"image\" data-content-type=\"image\" data-photonic-deep=\"gallery[photonic-wp-stream-1]\/1825\/\" data-title=\"&lt;a href=&#039;https:\/\/www.kristensen-skjern.dk\/index.php\/bramgaasen\/_dsc2963\/&#039; &gt;_DSC2963&lt;\/a&gt;\" data-photonic-tooltip=\"_DSC2963\">\n\t\t\t\t<img alt='_DSC2963' class='mosaic' data-src='https:\/\/www.kristensen-skjern.dk\/wp-content\/uploads\/2023\/11\/DSC2963.jpg' loading='lazy' width='2048' height='1365' \/>\n\t\t\t<\/a>\n\t\t<\/figure>\n\t\t<figure class='photonic-level-1 photonic-thumb'>\n\t\t\t<a href='https:\/\/www.kristensen-skjern.dk\/wp-content\/uploads\/2023\/11\/DSC3540.jpg' title='_DSC3540' rel='lightbox-photonic-wp-stream-1' class='photonic-lb photonic-baguettebox baguettebox' data-photonic-media-type=\"image\" data-content-type=\"image\" data-photonic-deep=\"gallery[photonic-wp-stream-1]\/1826\/\" data-title=\"&lt;a href=&#039;https:\/\/www.kristensen-skjern.dk\/index.php\/bramgaasen\/_dsc3540-2\/&#039; &gt;_DSC3540&lt;\/a&gt;\" data-photonic-tooltip=\"_DSC3540\">\n\t\t\t\t<img alt='_DSC3540' class='mosaic' data-src='https:\/\/www.kristensen-skjern.dk\/wp-content\/uploads\/2023\/11\/DSC3540.jpg' loading='lazy' width='2048' height='1366' \/>\n\t\t\t<\/a>\n\t\t<\/figure>\n\t\t<figure class='photonic-level-1 photonic-thumb'>\n\t\t\t<a href='https:\/\/www.kristensen-skjern.dk\/wp-content\/uploads\/2023\/11\/DSC3541.jpg' title='_DSC3541' rel='lightbox-photonic-wp-stream-1' class='photonic-lb photonic-baguettebox baguettebox' data-photonic-media-type=\"image\" data-content-type=\"image\" data-photonic-deep=\"gallery[photonic-wp-stream-1]\/1827\/\" data-title=\"&lt;a href=&#039;https:\/\/www.kristensen-skjern.dk\/index.php\/bramgaasen\/_dsc3541\/&#039; &gt;_DSC3541&lt;\/a&gt;\" data-photonic-tooltip=\"_DSC3541\">\n\t\t\t\t<img alt='_DSC3541' class='mosaic' data-src='https:\/\/www.kristensen-skjern.dk\/wp-content\/uploads\/2023\/11\/DSC3541.jpg' loading='lazy' width='2048' height='1365' \/>\n\t\t\t<\/a>\n\t\t<\/figure>\n\t\t<figure class='photonic-level-1 photonic-thumb'>\n\t\t\t<a href='https:\/\/www.kristensen-skjern.dk\/wp-content\/uploads\/2023\/11\/DSC4670.jpg' title='_DSC4670' rel='lightbox-photonic-wp-stream-1' class='photonic-lb photonic-baguettebox baguettebox' data-photonic-media-type=\"image\" data-content-type=\"image\" data-photonic-deep=\"gallery[photonic-wp-stream-1]\/1828\/\" data-title=\"&lt;a href=&#039;https:\/\/www.kristensen-skjern.dk\/index.php\/bramgaasen\/_dsc4670\/&#039; &gt;_DSC4670&lt;\/a&gt;\" data-photonic-tooltip=\"_DSC4670\">\n\t\t\t\t<img alt='_DSC4670' class='mosaic' data-src='https:\/\/www.kristensen-skjern.dk\/wp-content\/uploads\/2023\/11\/DSC4670.jpg' loading='lazy' width='2048' height='1365' \/>\n\t\t\t<\/a>\n\t\t<\/figure>\n\t\t<figure class='photonic-level-1 photonic-thumb'>\n\t\t\t<a href='https:\/\/www.kristensen-skjern.dk\/wp-content\/uploads\/2023\/11\/DSC4678.jpg' title='_DSC4678' rel='lightbox-photonic-wp-stream-1' class='photonic-lb photonic-baguettebox baguettebox' data-photonic-media-type=\"image\" data-content-type=\"image\" data-photonic-deep=\"gallery[photonic-wp-stream-1]\/1829\/\" data-title=\"&lt;a href=&#039;https:\/\/www.kristensen-skjern.dk\/index.php\/bramgaasen\/_dsc4678\/&#039; &gt;_DSC4678&lt;\/a&gt;\" data-photonic-tooltip=\"_DSC4678\">\n\t\t\t\t<img alt='_DSC4678' class='mosaic' data-src='https:\/\/www.kristensen-skjern.dk\/wp-content\/uploads\/2023\/11\/DSC4678.jpg' loading='lazy' width='2048' height='1366' \/>\n\t\t\t<\/a>\n\t\t<\/figure>\n\t\t<figure class='photonic-level-1 photonic-thumb'>\n\t\t\t<a href='https:\/\/www.kristensen-skjern.dk\/wp-content\/uploads\/2023\/11\/DSC4688.jpg' title='_DSC4688' rel='lightbox-photonic-wp-stream-1' class='photonic-lb photonic-baguettebox baguettebox' data-photonic-media-type=\"image\" data-content-type=\"image\" data-photonic-deep=\"gallery[photonic-wp-stream-1]\/1830\/\" data-title=\"&lt;a href=&#039;https:\/\/www.kristensen-skjern.dk\/index.php\/bramgaasen\/_dsc4688\/&#039; &gt;_DSC4688&lt;\/a&gt;\" data-photonic-tooltip=\"_DSC4688\">\n\t\t\t\t<img alt='_DSC4688' class='mosaic' data-src='https:\/\/www.kristensen-skjern.dk\/wp-content\/uploads\/2023\/11\/DSC4688.jpg' loading='lazy' width='2048' height='1365' \/>\n\t\t\t<\/a>\n\t\t<\/figure>\n\n\t<\/div> <!-- .\/photonic-level-1-container -->\n\t<span id='photonic-wp-stream-1-container-end'><\/span>\n<\/div><!-- .photonic-stream or .photonic-panel -->\n","protected":false},"excerpt":{"rendered":"<p>Bramg\u00e5sen er en meget kontrastrig lille g\u00e5s, som kendes p\u00e5 det hvide ansigt, den sorte hals og bryst, den gr\u00e5 ryg og den lyse bug. N\u00e6b og ben er m\u00f8rke. P\u00e5 lang afstand kan arten forveksles med knorteg\u00e5sen, men denne har en m\u00f8rkere fjerdragt og mangler den hvide ansigtsmaske. Canadag\u00e5sen har ogs\u00e5 en meget kontrastrig sort-hvid fjerdragt, men er markant st\u00f8rre, har mindre hvidt i ansigtet og har lyst bryst under den sorte hals. Stemmen er som en h\u00f8jlydt bj\u00e6ffen, som man ofte kan opdage fuglene p\u00e5.Fredet i Danmark<\/p>\n","protected":false},"author":1,"featured_media":0,"parent":0,"menu_order":0,"comment_status":"closed","ping_status":"closed","template":"","meta":{"ngg_post_thumbnail":0,"footnotes":""},"class_list":["post-1824","page","type-page","status-publish","hentry"],"_links":{"self":[{"href":"https:\/\/www.kristensen-skjern.dk\/index.php\/wp-json\/wp\/v2\/pages\/1824","targetHints":{"allow":["GET"]}}],"collection":[{"href":"https:\/\/www.kristensen-skjern.dk\/index.php\/wp-json\/wp\/v2\/pages"}],"about":[{"href":"https:\/\/www.kristensen-skjern.dk\/index.php\/wp-json\/wp\/v2\/types\/page"}],"author":[{"embeddable":true,"href":"https:\/\/www.kristensen-skjern.dk\/index.php\/wp-json\/wp\/v2\/users\/1"}],"replies":[{"embeddable":true,"href":"https:\/\/www.kristensen-skjern.dk\/index.php\/wp-json\/wp\/v2\/comments?post=1824"}],"version-history":[{"count":2,"href":"https:\/\/www.kristensen-skjern.dk\/index.php\/wp-json\/wp\/v2\/pages\/1824\/revisions"}],"predecessor-version":[{"id":1834,"href":"https:\/\/www.kristensen-skjern.dk\/index.php\/wp-json\/wp\/v2\/pages\/1824\/revisions\/1834"}],"wp:attachment":[{"href":"https:\/\/www.kristensen-skjern.dk\/index.php\/wp-json\/wp\/v2\/media?parent=1824"}],"curies":[{"name":"wp","href":"https:\/\/api.w.org\/{rel}","templated":true}]}}