{"id":1862,"date":"2023-11-18T13:46:27","date_gmt":"2023-11-18T14:46:27","guid":{"rendered":"https:\/\/www.kristensen-skjern.dk\/?page_id=1862"},"modified":"2023-11-18T13:46:27","modified_gmt":"2023-11-18T14:46:27","slug":"blisgaas","status":"publish","type":"page","link":"https:\/\/www.kristensen-skjern.dk\/index.php\/blisgaas\/","title":{"rendered":"Blisg\u00e5s"},"content":{"rendered":"\n<h6 class=\"wp-block-heading\">Blisg\u00e5sen er en mellemstor g\u00e5s med gr\u00e5 fjerdragt, orange ben og lyser\u00f8dt n\u00e6b. Den voksne fugl kan kendes p\u00e5 de m\u00f8rke tv\u00e6rstriber p\u00e5 bugen og den hvide pandeblis, der har givet anledning til b\u00e5de dens danske og dens videnskabelige navn. Den gr\u00f8nlandske race adskiller sig ved at have en m\u00f8rkere ryg og hals samt orange n\u00e6b. Blisg\u00e5sen er sv\u00e6r at skelne fra dv\u00e6rgg\u00e5sen, som dog kun forekommer sj\u00e6ldent i Danmark.<\/h6>\n\n\n<div class='photonic-wp-stream photonic-stream ' id='photonic-wp-stream-1'>\n\n\t<div id='photonic-wp-stream-1-container' class='title-display-tooltip photonic-level-1-container sizes-present photonic-mosaic-layout photonic-thumbnail-effect-zoom' data-photonic-platform=\"wp\" data-photonic-gallery-columns=\"auto\" data-photonic-query=\"order=ASC&amp;orderby=post__in&amp;id=1862&amp;itemtag=figure&amp;icontag=div&amp;captiontag=figcaption&amp;size=thumbnail&amp;include=1863,1864,1865&amp;exclude=&amp;link=&amp;offset=0&amp;layout=mosaic&amp;custom_classes=&amp;alignment=&amp;caption=title&amp;page=1&amp;count=-1&amp;thumb_size=thumbnail&amp;slide_size=large&amp;type=default&amp;style=mosaic&amp;display=local&amp;ids=1863,1864,1865&amp;main_size=full&amp;tile_size=full&amp;show_gallery=Blisg\u00e5s&amp;columns=auto\">\n\t\t<figure class='photonic-level-1 photonic-thumb'>\n\t\t\t<a href='https:\/\/www.kristensen-skjern.dk\/wp-content\/uploads\/2023\/11\/DSC3499.jpg' title='_DSC3499' rel='lightbox-photonic-wp-stream-1' class='photonic-lb photonic-baguettebox baguettebox' data-photonic-media-type=\"image\" data-content-type=\"image\" data-photonic-deep=\"gallery[photonic-wp-stream-1]\/1863\/\" data-title=\"&lt;a href=&#039;https:\/\/www.kristensen-skjern.dk\/index.php\/blisgaas\/_dsc3499-2\/&#039; &gt;_DSC3499&lt;\/a&gt;\" data-photonic-tooltip=\"_DSC3499\">\n\t\t\t\t<img alt='_DSC3499' class='mosaic' data-src='https:\/\/www.kristensen-skjern.dk\/wp-content\/uploads\/2023\/11\/DSC3499.jpg' loading='lazy' width='2048' height='1365' \/>\n\t\t\t<\/a>\n\t\t<\/figure>\n\t\t<figure class='photonic-level-1 photonic-thumb'>\n\t\t\t<a href='https:\/\/www.kristensen-skjern.dk\/wp-content\/uploads\/2023\/11\/DSC3502.jpg' title='_DSC3502' rel='lightbox-photonic-wp-stream-1' class='photonic-lb photonic-baguettebox baguettebox' data-photonic-media-type=\"image\" data-content-type=\"image\" data-photonic-deep=\"gallery[photonic-wp-stream-1]\/1864\/\" data-title=\"&lt;a href=&#039;https:\/\/www.kristensen-skjern.dk\/index.php\/blisgaas\/_dsc3502\/&#039; &gt;_DSC3502&lt;\/a&gt;\" data-photonic-tooltip=\"_DSC3502\">\n\t\t\t\t<img alt='_DSC3502' class='mosaic' data-src='https:\/\/www.kristensen-skjern.dk\/wp-content\/uploads\/2023\/11\/DSC3502.jpg' loading='lazy' width='2048' height='1366' \/>\n\t\t\t<\/a>\n\t\t<\/figure>\n\t\t<figure class='photonic-level-1 photonic-thumb'>\n\t\t\t<a href='https:\/\/www.kristensen-skjern.dk\/wp-content\/uploads\/2023\/11\/DSC3505.jpg' title='_DSC3505' rel='lightbox-photonic-wp-stream-1' class='photonic-lb photonic-baguettebox baguettebox' data-photonic-media-type=\"image\" data-content-type=\"image\" data-photonic-deep=\"gallery[photonic-wp-stream-1]\/1865\/\" data-title=\"&lt;a href=&#039;https:\/\/www.kristensen-skjern.dk\/index.php\/blisgaas\/_dsc3505\/&#039; &gt;_DSC3505&lt;\/a&gt;\" data-photonic-tooltip=\"_DSC3505\">\n\t\t\t\t<img alt='_DSC3505' class='mosaic' data-src='https:\/\/www.kristensen-skjern.dk\/wp-content\/uploads\/2023\/11\/DSC3505.jpg' loading='lazy' width='2048' height='1366' \/>\n\t\t\t<\/a>\n\t\t<\/figure>\n\n\t<\/div> <!-- .\/photonic-level-1-container -->\n\t<span id='photonic-wp-stream-1-container-end'><\/span>\n<\/div><!-- .photonic-stream or .photonic-panel -->\n","protected":false},"excerpt":{"rendered":"<p>Blisg\u00e5sen er en mellemstor g\u00e5s med gr\u00e5 fjerdragt, orange ben og lyser\u00f8dt n\u00e6b. Den voksne fugl kan kendes p\u00e5 de m\u00f8rke tv\u00e6rstriber p\u00e5 bugen og den hvide pandeblis, der har givet anledning til b\u00e5de dens danske og dens videnskabelige navn. Den gr\u00f8nlandske race adskiller sig ved at have en m\u00f8rkere ryg og hals samt orange n\u00e6b. Blisg\u00e5sen er sv\u00e6r at skelne fra dv\u00e6rgg\u00e5sen, som dog kun forekommer sj\u00e6ldent i Danmark.<\/p>\n","protected":false},"author":1,"featured_media":0,"parent":0,"menu_order":0,"comment_status":"closed","ping_status":"closed","template":"","meta":{"ngg_post_thumbnail":0,"footnotes":""},"class_list":["post-1862","page","type-page","status-publish","hentry"],"_links":{"self":[{"href":"https:\/\/www.kristensen-skjern.dk\/index.php\/wp-json\/wp\/v2\/pages\/1862","targetHints":{"allow":["GET"]}}],"collection":[{"href":"https:\/\/www.kristensen-skjern.dk\/index.php\/wp-json\/wp\/v2\/pages"}],"about":[{"href":"https:\/\/www.kristensen-skjern.dk\/index.php\/wp-json\/wp\/v2\/types\/page"}],"author":[{"embeddable":true,"href":"https:\/\/www.kristensen-skjern.dk\/index.php\/wp-json\/wp\/v2\/users\/1"}],"replies":[{"embeddable":true,"href":"https:\/\/www.kristensen-skjern.dk\/index.php\/wp-json\/wp\/v2\/comments?post=1862"}],"version-history":[{"count":1,"href":"https:\/\/www.kristensen-skjern.dk\/index.php\/wp-json\/wp\/v2\/pages\/1862\/revisions"}],"predecessor-version":[{"id":1867,"href":"https:\/\/www.kristensen-skjern.dk\/index.php\/wp-json\/wp\/v2\/pages\/1862\/revisions\/1867"}],"wp:attachment":[{"href":"https:\/\/www.kristensen-skjern.dk\/index.php\/wp-json\/wp\/v2\/media?parent=1862"}],"curies":[{"name":"wp","href":"https:\/\/api.w.org\/{rel}","templated":true}]}}