{"id":1875,"date":"2024-03-11T08:07:05","date_gmt":"2024-03-11T09:07:05","guid":{"rendered":"https:\/\/www.kristensen-skjern.dk\/?page_id=1875"},"modified":"2024-03-11T08:18:15","modified_gmt":"2024-03-11T09:18:15","slug":"vandstaer-3","status":"publish","type":"page","link":"https:\/\/www.kristensen-skjern.dk\/index.php\/vandstaer-3\/","title":{"rendered":"Vandst\u00e6r"},"content":{"rendered":"\n<h5 class=\"wp-block-heading\">Vandst\u00e6ren er trods navnet ikke en st\u00e6r, men tilh\u00f8rer sin egen familie med fem arter, hvoraf kun en er repr\u00e6senteret i Europa. Vandst\u00e6ren er dog p\u00e5 st\u00f8rrelse med en st\u00e6r. Den er en buttet, m\u00f8rkebrun fugl med karakteristisk hvidt bryst og kort hale. Den ses typisk siddende p\u00e5 en sten eller gren ved vandl\u00f8b, mens den nerv\u00f8st vipper gumpen op og ned. Denne \u2019kniksende\u2019 adf\u00e6rd g\u00f8r arten let genkendelig. Ofte vil man, selv om vinteren, kunne h\u00f8re vandst\u00e6rens stille sang af varierende, knitrende toner.<\/h5>\n\n\n<div class='photonic-wp-stream photonic-stream ' id='photonic-wp-stream-1'>\n\n\t<div id='photonic-wp-stream-1-container' class='title-display-tooltip photonic-level-1-container sizes-present photonic-mosaic-layout photonic-thumbnail-effect-zoom' data-photonic-platform=\"wp\" data-photonic-gallery-columns=\"auto\" data-photonic-query=\"order=ASC&amp;orderby=post__in&amp;id=1875&amp;itemtag=figure&amp;icontag=div&amp;captiontag=figcaption&amp;size=thumbnail&amp;include=1876,1877,1878,1879,1880,1881,1882,1883,1884,1885,1886,1887,1888,1889,1890,1891,1892,1893&amp;exclude=&amp;link=&amp;offset=0&amp;layout=mosaic&amp;custom_classes=&amp;alignment=&amp;caption=title&amp;page=1&amp;count=-1&amp;thumb_size=thumbnail&amp;slide_size=large&amp;type=default&amp;style=mosaic&amp;display=local&amp;ids=1876,1877,1878,1879,1880,1881,1882,1883,1884,1885,1886,1887,1888,1889,1890,1891,1892,1893&amp;more=Vandst\u00e6r&amp;main_size=full&amp;tile_size=full&amp;show_gallery=Vandst\u00e6r&amp;columns=auto\">\n\t\t<figure class='photonic-level-1 photonic-thumb'>\n\t\t\t<a href='https:\/\/www.kristensen-skjern.dk\/wp-content\/uploads\/2024\/03\/DSC0906-.jpg' title='_DSC0906' rel='lightbox-photonic-wp-stream-1' class='photonic-lb photonic-baguettebox baguettebox' data-photonic-media-type=\"image\" data-content-type=\"image\" data-photonic-deep=\"gallery[photonic-wp-stream-1]\/1876\/\" data-title=\"&lt;a href=&#039;https:\/\/www.kristensen-skjern.dk\/index.php\/vandstaer-3\/_dsc0906\/&#039; &gt;_DSC0906&lt;\/a&gt;\" data-photonic-tooltip=\"_DSC0906\">\n\t\t\t\t<img alt='_DSC0906' class='mosaic' data-src='https:\/\/www.kristensen-skjern.dk\/wp-content\/uploads\/2024\/03\/DSC0906-.jpg' loading='lazy' width='2048' height='1365' \/>\n\t\t\t<\/a>\n\t\t<\/figure>\n\t\t<figure class='photonic-level-1 photonic-thumb'>\n\t\t\t<a href='https:\/\/www.kristensen-skjern.dk\/wp-content\/uploads\/2024\/03\/DSC0931-.jpg' title='_DSC0931' rel='lightbox-photonic-wp-stream-1' class='photonic-lb photonic-baguettebox baguettebox' data-photonic-media-type=\"image\" data-content-type=\"image\" data-photonic-deep=\"gallery[photonic-wp-stream-1]\/1877\/\" data-title=\"&lt;a href=&#039;https:\/\/www.kristensen-skjern.dk\/index.php\/vandstaer-3\/_dsc0931\/&#039; &gt;_DSC0931&lt;\/a&gt;\" data-photonic-tooltip=\"_DSC0931\">\n\t\t\t\t<img alt='_DSC0931' class='mosaic' data-src='https:\/\/www.kristensen-skjern.dk\/wp-content\/uploads\/2024\/03\/DSC0931-.jpg' loading='lazy' width='2048' height='1365' \/>\n\t\t\t<\/a>\n\t\t<\/figure>\n\t\t<figure class='photonic-level-1 photonic-thumb'>\n\t\t\t<a href='https:\/\/www.kristensen-skjern.dk\/wp-content\/uploads\/2024\/03\/DSC0989-.jpg' title='_DSC0989' rel='lightbox-photonic-wp-stream-1' class='photonic-lb photonic-baguettebox baguettebox' data-photonic-media-type=\"image\" data-content-type=\"image\" data-photonic-deep=\"gallery[photonic-wp-stream-1]\/1878\/\" data-title=\"&lt;a href=&#039;https:\/\/www.kristensen-skjern.dk\/index.php\/vandstaer-3\/_dsc0989\/&#039; &gt;_DSC0989&lt;\/a&gt;\" data-photonic-tooltip=\"_DSC0989\">\n\t\t\t\t<img alt='_DSC0989' class='mosaic' data-src='https:\/\/www.kristensen-skjern.dk\/wp-content\/uploads\/2024\/03\/DSC0989-.jpg' loading='lazy' width='2048' height='1365' \/>\n\t\t\t<\/a>\n\t\t<\/figure>\n\t\t<figure class='photonic-level-1 photonic-thumb'>\n\t\t\t<a href='https:\/\/www.kristensen-skjern.dk\/wp-content\/uploads\/2024\/03\/DSC1018.jpg' title='_DSC1018' rel='lightbox-photonic-wp-stream-1' class='photonic-lb photonic-baguettebox baguettebox' data-photonic-media-type=\"image\" data-content-type=\"image\" data-photonic-deep=\"gallery[photonic-wp-stream-1]\/1879\/\" data-title=\"&lt;a href=&#039;https:\/\/www.kristensen-skjern.dk\/index.php\/vandstaer-3\/_dsc1018\/&#039; &gt;_DSC1018&lt;\/a&gt;\" data-photonic-tooltip=\"_DSC1018\">\n\t\t\t\t<img alt='_DSC1018' class='mosaic' data-src='https:\/\/www.kristensen-skjern.dk\/wp-content\/uploads\/2024\/03\/DSC1018.jpg' loading='lazy' width='2048' height='1365' \/>\n\t\t\t<\/a>\n\t\t<\/figure>\n\t\t<figure class='photonic-level-1 photonic-thumb'>\n\t\t\t<a href='https:\/\/www.kristensen-skjern.dk\/wp-content\/uploads\/2024\/03\/DSC2325-.jpg' title='_DSC2325' rel='lightbox-photonic-wp-stream-1' class='photonic-lb photonic-baguettebox baguettebox' data-photonic-media-type=\"image\" data-content-type=\"image\" data-photonic-deep=\"gallery[photonic-wp-stream-1]\/1880\/\" data-title=\"&lt;a href=&#039;https:\/\/www.kristensen-skjern.dk\/index.php\/vandstaer-3\/_dsc2325\/&#039; &gt;_DSC2325&lt;\/a&gt;\" data-photonic-tooltip=\"_DSC2325\">\n\t\t\t\t<img alt='_DSC2325' class='mosaic' data-src='https:\/\/www.kristensen-skjern.dk\/wp-content\/uploads\/2024\/03\/DSC2325-.jpg' loading='lazy' width='2267' height='1413' \/>\n\t\t\t<\/a>\n\t\t<\/figure>\n\t\t<figure class='photonic-level-1 photonic-thumb'>\n\t\t\t<a href='https:\/\/www.kristensen-skjern.dk\/wp-content\/uploads\/2024\/03\/DSC2355-.jpg' title='_DSC2355' rel='lightbox-photonic-wp-stream-1' class='photonic-lb photonic-baguettebox baguettebox' data-photonic-media-type=\"image\" data-content-type=\"image\" data-photonic-deep=\"gallery[photonic-wp-stream-1]\/1881\/\" data-title=\"&lt;a href=&#039;https:\/\/www.kristensen-skjern.dk\/index.php\/vandstaer-3\/_dsc2355\/&#039; &gt;_DSC2355&lt;\/a&gt;\" data-photonic-tooltip=\"_DSC2355\">\n\t\t\t\t<img alt='_DSC2355' class='mosaic' data-src='https:\/\/www.kristensen-skjern.dk\/wp-content\/uploads\/2024\/03\/DSC2355-.jpg' loading='lazy' width='2048' height='1365' \/>\n\t\t\t<\/a>\n\t\t<\/figure>\n\t\t<figure class='photonic-level-1 photonic-thumb'>\n\t\t\t<a href='https:\/\/www.kristensen-skjern.dk\/wp-content\/uploads\/2024\/03\/DSC2392-.jpg' title='_DSC2392' rel='lightbox-photonic-wp-stream-1' class='photonic-lb photonic-baguettebox baguettebox' data-photonic-media-type=\"image\" data-content-type=\"image\" data-photonic-deep=\"gallery[photonic-wp-stream-1]\/1882\/\" data-title=\"&lt;a href=&#039;https:\/\/www.kristensen-skjern.dk\/index.php\/vandstaer-3\/_dsc2392\/&#039; &gt;_DSC2392&lt;\/a&gt;\" data-photonic-tooltip=\"_DSC2392\">\n\t\t\t\t<img alt='_DSC2392' class='mosaic' data-src='https:\/\/www.kristensen-skjern.dk\/wp-content\/uploads\/2024\/03\/DSC2392-.jpg' loading='lazy' width='2265' height='1510' \/>\n\t\t\t<\/a>\n\t\t<\/figure>\n\t\t<figure class='photonic-level-1 photonic-thumb'>\n\t\t\t<a href='https:\/\/www.kristensen-skjern.dk\/wp-content\/uploads\/2024\/03\/DSC2406-.jpg' title='_DSC2406' rel='lightbox-photonic-wp-stream-1' class='photonic-lb photonic-baguettebox baguettebox' data-photonic-media-type=\"image\" data-content-type=\"image\" data-photonic-deep=\"gallery[photonic-wp-stream-1]\/1883\/\" data-title=\"&lt;a href=&#039;https:\/\/www.kristensen-skjern.dk\/index.php\/vandstaer-3\/_dsc2406\/&#039; &gt;_DSC2406&lt;\/a&gt;\" data-photonic-tooltip=\"_DSC2406\">\n\t\t\t\t<img alt='_DSC2406' class='mosaic' data-src='https:\/\/www.kristensen-skjern.dk\/wp-content\/uploads\/2024\/03\/DSC2406-.jpg' loading='lazy' width='2048' height='1365' \/>\n\t\t\t<\/a>\n\t\t<\/figure>\n\t\t<figure class='photonic-level-1 photonic-thumb'>\n\t\t\t<a href='https:\/\/www.kristensen-skjern.dk\/wp-content\/uploads\/2024\/03\/DSC2429-.jpg' title='_DSC2429' rel='lightbox-photonic-wp-stream-1' class='photonic-lb photonic-baguettebox baguettebox' data-photonic-media-type=\"image\" data-content-type=\"image\" data-photonic-deep=\"gallery[photonic-wp-stream-1]\/1884\/\" data-title=\"&lt;a href=&#039;https:\/\/www.kristensen-skjern.dk\/index.php\/vandstaer-3\/_dsc2429\/&#039; &gt;_DSC2429&lt;\/a&gt;\" data-photonic-tooltip=\"_DSC2429\">\n\t\t\t\t<img alt='_DSC2429' class='mosaic' data-src='https:\/\/www.kristensen-skjern.dk\/wp-content\/uploads\/2024\/03\/DSC2429-.jpg' loading='lazy' width='2048' height='1365' \/>\n\t\t\t<\/a>\n\t\t<\/figure>\n\t\t<figure class='photonic-level-1 photonic-thumb'>\n\t\t\t<a href='https:\/\/www.kristensen-skjern.dk\/wp-content\/uploads\/2024\/03\/DSC2431.jpg' title='_DSC2431' rel='lightbox-photonic-wp-stream-1' class='photonic-lb photonic-baguettebox baguettebox' data-photonic-media-type=\"image\" data-content-type=\"image\" data-photonic-deep=\"gallery[photonic-wp-stream-1]\/1885\/\" data-title=\"&lt;a href=&#039;https:\/\/www.kristensen-skjern.dk\/index.php\/vandstaer-3\/_dsc2431\/&#039; &gt;_DSC2431&lt;\/a&gt;\" data-photonic-tooltip=\"_DSC2431\">\n\t\t\t\t<img alt='_DSC2431' class='mosaic' data-src='https:\/\/www.kristensen-skjern.dk\/wp-content\/uploads\/2024\/03\/DSC2431.jpg' loading='lazy' width='2048' height='1365' \/>\n\t\t\t<\/a>\n\t\t<\/figure>\n\t\t<figure class='photonic-level-1 photonic-thumb'>\n\t\t\t<a href='https:\/\/www.kristensen-skjern.dk\/wp-content\/uploads\/2024\/03\/DSC3988-.jpg' title='_DSC3988' rel='lightbox-photonic-wp-stream-1' class='photonic-lb photonic-baguettebox baguettebox' data-photonic-media-type=\"image\" data-content-type=\"image\" data-photonic-deep=\"gallery[photonic-wp-stream-1]\/1886\/\" data-title=\"&lt;a href=&#039;https:\/\/www.kristensen-skjern.dk\/index.php\/vandstaer-3\/_dsc3988\/&#039; &gt;_DSC3988&lt;\/a&gt;\" data-photonic-tooltip=\"_DSC3988\">\n\t\t\t\t<img alt='_DSC3988' class='mosaic' data-src='https:\/\/www.kristensen-skjern.dk\/wp-content\/uploads\/2024\/03\/DSC3988-.jpg' loading='lazy' width='2048' height='1365' \/>\n\t\t\t<\/a>\n\t\t<\/figure>\n\t\t<figure class='photonic-level-1 photonic-thumb'>\n\t\t\t<a href='https:\/\/www.kristensen-skjern.dk\/wp-content\/uploads\/2024\/03\/DSC4002.jpg' title='_DSC4002' rel='lightbox-photonic-wp-stream-1' class='photonic-lb photonic-baguettebox baguettebox' data-photonic-media-type=\"image\" data-content-type=\"image\" data-photonic-deep=\"gallery[photonic-wp-stream-1]\/1887\/\" data-title=\"&lt;a href=&#039;https:\/\/www.kristensen-skjern.dk\/index.php\/vandstaer-3\/_dsc4002\/&#039; &gt;_DSC4002&lt;\/a&gt;\" data-photonic-tooltip=\"_DSC4002\">\n\t\t\t\t<img alt='_DSC4002' class='mosaic' data-src='https:\/\/www.kristensen-skjern.dk\/wp-content\/uploads\/2024\/03\/DSC4002.jpg' loading='lazy' width='2048' height='1365' \/>\n\t\t\t<\/a>\n\t\t<\/figure>\n\t\t<figure class='photonic-level-1 photonic-thumb'>\n\t\t\t<a href='https:\/\/www.kristensen-skjern.dk\/wp-content\/uploads\/2024\/03\/DSC4021.jpg' title='_DSC4021' rel='lightbox-photonic-wp-stream-1' class='photonic-lb photonic-baguettebox baguettebox' data-photonic-media-type=\"image\" data-content-type=\"image\" data-photonic-deep=\"gallery[photonic-wp-stream-1]\/1888\/\" data-title=\"&lt;a href=&#039;https:\/\/www.kristensen-skjern.dk\/index.php\/vandstaer-3\/_dsc4021\/&#039; &gt;_DSC4021&lt;\/a&gt;\" data-photonic-tooltip=\"_DSC4021\">\n\t\t\t\t<img alt='_DSC4021' class='mosaic' data-src='https:\/\/www.kristensen-skjern.dk\/wp-content\/uploads\/2024\/03\/DSC4021.jpg' loading='lazy' width='2048' height='1366' \/>\n\t\t\t<\/a>\n\t\t<\/figure>\n\t\t<figure class='photonic-level-1 photonic-thumb'>\n\t\t\t<a href='https:\/\/www.kristensen-skjern.dk\/wp-content\/uploads\/2024\/03\/DSC4134.jpg' title='_DSC4134' rel='lightbox-photonic-wp-stream-1' class='photonic-lb photonic-baguettebox baguettebox' data-photonic-media-type=\"image\" data-content-type=\"image\" data-photonic-deep=\"gallery[photonic-wp-stream-1]\/1889\/\" data-title=\"&lt;a href=&#039;https:\/\/www.kristensen-skjern.dk\/index.php\/vandstaer-3\/_dsc4134\/&#039; &gt;_DSC4134&lt;\/a&gt;\" data-photonic-tooltip=\"_DSC4134\">\n\t\t\t\t<img alt='_DSC4134' class='mosaic' data-src='https:\/\/www.kristensen-skjern.dk\/wp-content\/uploads\/2024\/03\/DSC4134.jpg' loading='lazy' width='2048' height='1365' \/>\n\t\t\t<\/a>\n\t\t<\/figure>\n\t\t<figure class='photonic-level-1 photonic-thumb'>\n\t\t\t<a href='https:\/\/www.kristensen-skjern.dk\/wp-content\/uploads\/2024\/03\/DSC4174.jpg' title='_DSC4174' rel='lightbox-photonic-wp-stream-1' class='photonic-lb photonic-baguettebox baguettebox' data-photonic-media-type=\"image\" data-content-type=\"image\" data-photonic-deep=\"gallery[photonic-wp-stream-1]\/1890\/\" data-title=\"&lt;a href=&#039;https:\/\/www.kristensen-skjern.dk\/index.php\/vandstaer-3\/_dsc4174\/&#039; &gt;_DSC4174&lt;\/a&gt;\" data-photonic-tooltip=\"_DSC4174\">\n\t\t\t\t<img alt='_DSC4174' class='mosaic' data-src='https:\/\/www.kristensen-skjern.dk\/wp-content\/uploads\/2024\/03\/DSC4174.jpg' loading='lazy' width='2048' height='1366' \/>\n\t\t\t<\/a>\n\t\t<\/figure>\n\t\t<figure class='photonic-level-1 photonic-thumb'>\n\t\t\t<a href='https:\/\/www.kristensen-skjern.dk\/wp-content\/uploads\/2024\/03\/DSC4196-.jpg' title='_DSC4196' rel='lightbox-photonic-wp-stream-1' class='photonic-lb photonic-baguettebox baguettebox' data-photonic-media-type=\"image\" data-content-type=\"image\" data-photonic-deep=\"gallery[photonic-wp-stream-1]\/1891\/\" data-title=\"&lt;a href=&#039;https:\/\/www.kristensen-skjern.dk\/index.php\/vandstaer-3\/_dsc4196\/&#039; &gt;_DSC4196&lt;\/a&gt;\" data-photonic-tooltip=\"_DSC4196\">\n\t\t\t\t<img alt='_DSC4196' class='mosaic' data-src='https:\/\/www.kristensen-skjern.dk\/wp-content\/uploads\/2024\/03\/DSC4196-.jpg' loading='lazy' width='2048' height='1366' \/>\n\t\t\t<\/a>\n\t\t<\/figure>\n\t\t<figure class='photonic-level-1 photonic-thumb'>\n\t\t\t<a href='https:\/\/www.kristensen-skjern.dk\/wp-content\/uploads\/2024\/03\/DSC4223-.jpg' title='_DSC4223' rel='lightbox-photonic-wp-stream-1' class='photonic-lb photonic-baguettebox baguettebox' data-photonic-media-type=\"image\" data-content-type=\"image\" data-photonic-deep=\"gallery[photonic-wp-stream-1]\/1892\/\" data-title=\"&lt;a href=&#039;https:\/\/www.kristensen-skjern.dk\/index.php\/vandstaer-3\/_dsc4223\/&#039; &gt;_DSC4223&lt;\/a&gt;\" data-photonic-tooltip=\"_DSC4223\">\n\t\t\t\t<img alt='_DSC4223' class='mosaic' data-src='https:\/\/www.kristensen-skjern.dk\/wp-content\/uploads\/2024\/03\/DSC4223-.jpg' loading='lazy' width='2048' height='1365' \/>\n\t\t\t<\/a>\n\t\t<\/figure>\n\t\t<figure class='photonic-level-1 photonic-thumb'>\n\t\t\t<a href='https:\/\/www.kristensen-skjern.dk\/wp-content\/uploads\/2024\/03\/DSC4326-.jpg' title='_DSC4326' rel='lightbox-photonic-wp-stream-1' class='photonic-lb photonic-baguettebox baguettebox' data-photonic-media-type=\"image\" data-content-type=\"image\" data-photonic-deep=\"gallery[photonic-wp-stream-1]\/1893\/\" data-title=\"&lt;a href=&#039;https:\/\/www.kristensen-skjern.dk\/index.php\/vandstaer-3\/_dsc4326\/&#039; &gt;_DSC4326&lt;\/a&gt;\" data-photonic-tooltip=\"_DSC4326\">\n\t\t\t\t<img alt='_DSC4326' class='mosaic' data-src='https:\/\/www.kristensen-skjern.dk\/wp-content\/uploads\/2024\/03\/DSC4326-.jpg' loading='lazy' width='2048' height='1365' \/>\n\t\t\t<\/a>\n\t\t<\/figure>\n\n\t<\/div> <!-- .\/photonic-level-1-container -->\n\t<span id='photonic-wp-stream-1-container-end'><\/span>\n<\/div><!-- .photonic-stream or .photonic-panel -->\n\n\n\n<figure class=\"wp-block-embed is-type-video is-provider-youtube wp-block-embed-youtube wp-embed-aspect-16-9 wp-has-aspect-ratio\"><div class=\"wp-block-embed__wrapper\">\n<iframe title=\"Vandst\u00e6ren ved M\u00f8lles\u00f8en i Flynder \u00c5 den 24 02 2024\" width=\"960\" height=\"540\" src=\"https:\/\/www.youtube.com\/embed\/SYpLi9JgFFA?feature=oembed\" frameborder=\"0\" allow=\"accelerometer; autoplay; clipboard-write; encrypted-media; gyroscope; picture-in-picture; web-share\" allowfullscreen><\/iframe>\n<\/div><figcaption class=\"wp-element-caption\">Flynder \u00c5<\/figcaption><\/figure>\n\n\n\n<figure class=\"wp-block-embed is-type-video is-provider-youtube wp-block-embed-youtube wp-embed-aspect-16-9 wp-has-aspect-ratio\"><div class=\"wp-block-embed__wrapper\">\n<iframe title=\"Vandst\u00e6r 30 12 2022\" width=\"960\" height=\"540\" src=\"https:\/\/www.youtube.com\/embed\/yARHl_bZ-Mk?feature=oembed\" frameborder=\"0\" allow=\"accelerometer; autoplay; clipboard-write; encrypted-media; gyroscope; picture-in-picture; web-share\" allowfullscreen><\/iframe>\n<\/div><figcaption class=\"wp-element-caption\">Skjern \u00c5<\/figcaption><\/figure>\n","protected":false},"excerpt":{"rendered":"<p>Vandst\u00e6ren er trods navnet ikke en st\u00e6r, men tilh\u00f8rer sin egen familie med fem arter, hvoraf kun en er repr\u00e6senteret i Europa. Vandst\u00e6ren er dog p\u00e5 st\u00f8rrelse med en st\u00e6r. Den er en buttet, m\u00f8rkebrun fugl med karakteristisk hvidt bryst og kort hale. Den ses typisk siddende p\u00e5 en sten eller gren ved vandl\u00f8b, mens den nerv\u00f8st vipper gumpen op og ned. Denne \u2019kniksende\u2019 adf\u00e6rd g\u00f8r arten let genkendelig. Ofte vil man, selv om vinteren, kunne h\u00f8re vandst\u00e6rens stille sang af varierende, knitrende toner.<\/p>\n","protected":false},"author":1,"featured_media":0,"parent":0,"menu_order":0,"comment_status":"closed","ping_status":"closed","template":"","meta":{"ngg_post_thumbnail":0,"footnotes":""},"class_list":["post-1875","page","type-page","status-publish","hentry"],"_links":{"self":[{"href":"https:\/\/www.kristensen-skjern.dk\/index.php\/wp-json\/wp\/v2\/pages\/1875","targetHints":{"allow":["GET"]}}],"collection":[{"href":"https:\/\/www.kristensen-skjern.dk\/index.php\/wp-json\/wp\/v2\/pages"}],"about":[{"href":"https:\/\/www.kristensen-skjern.dk\/index.php\/wp-json\/wp\/v2\/types\/page"}],"author":[{"embeddable":true,"href":"https:\/\/www.kristensen-skjern.dk\/index.php\/wp-json\/wp\/v2\/users\/1"}],"replies":[{"embeddable":true,"href":"https:\/\/www.kristensen-skjern.dk\/index.php\/wp-json\/wp\/v2\/comments?post=1875"}],"version-history":[{"count":3,"href":"https:\/\/www.kristensen-skjern.dk\/index.php\/wp-json\/wp\/v2\/pages\/1875\/revisions"}],"predecessor-version":[{"id":1899,"href":"https:\/\/www.kristensen-skjern.dk\/index.php\/wp-json\/wp\/v2\/pages\/1875\/revisions\/1899"}],"wp:attachment":[{"href":"https:\/\/www.kristensen-skjern.dk\/index.php\/wp-json\/wp\/v2\/media?parent=1875"}],"curies":[{"name":"wp","href":"https:\/\/api.w.org\/{rel}","templated":true}]}}