{"id":1935,"date":"2024-04-30T06:09:26","date_gmt":"2024-04-30T07:09:26","guid":{"rendered":"https:\/\/www.kristensen-skjern.dk\/?page_id=1935"},"modified":"2024-04-30T06:11:46","modified_gmt":"2024-04-30T07:11:46","slug":"mariehoeneedderkop","status":"publish","type":"page","link":"https:\/\/www.kristensen-skjern.dk\/index.php\/mariehoeneedderkop\/","title":{"rendered":"Marieh\u00f8needderkop"},"content":{"rendered":"<div class='photonic-wp-stream photonic-stream ' id='photonic-wp-stream-1'>\n\n\t<div id='photonic-wp-stream-1-container' class='title-display-tooltip photonic-level-1-container sizes-present photonic-mosaic-layout photonic-thumbnail-effect-zoom' data-photonic-platform=\"wp\" data-photonic-gallery-columns=\"auto\" data-photonic-query=\"order=ASC&amp;orderby=post__in&amp;id=1935&amp;itemtag=figure&amp;icontag=div&amp;captiontag=figcaption&amp;size=thumbnail&amp;include=1936,1937,1938&amp;exclude=&amp;link=&amp;offset=0&amp;layout=mosaic&amp;custom_classes=&amp;alignment=&amp;caption=title&amp;page=1&amp;count=-1&amp;thumb_size=thumbnail&amp;slide_size=large&amp;type=default&amp;style=mosaic&amp;display=local&amp;ids=1936,1937,1938&amp;main_size=full&amp;tile_size=full&amp;show_gallery=Marieh\u00f8needderkop&amp;columns=auto\">\n\t\t<figure class='photonic-level-1 photonic-thumb'>\n\t\t\t<a href='https:\/\/www.kristensen-skjern.dk\/wp-content\/uploads\/2024\/04\/DSC8993-kopier.jpg' title='_DSC8993 kopier' rel='lightbox-photonic-wp-stream-1' class='photonic-lb photonic-baguettebox baguettebox' data-photonic-media-type=\"image\" data-content-type=\"image\" data-photonic-deep=\"gallery[photonic-wp-stream-1]\/1936\/\" data-title=\"&lt;a href=&#039;https:\/\/www.kristensen-skjern.dk\/index.php\/mariehoeneedderkop\/_dsc8993-kopier\/&#039; &gt;_DSC8993 kopier&lt;\/a&gt;\" data-photonic-tooltip=\"_DSC8993 kopier\">\n\t\t\t\t<img alt='_DSC8993 kopier' class='mosaic' data-src='https:\/\/www.kristensen-skjern.dk\/wp-content\/uploads\/2024\/04\/DSC8993-kopier.jpg' loading='lazy' width='2048' height='1366' \/>\n\t\t\t<\/a>\n\t\t<\/figure>\n\t\t<figure class='photonic-level-1 photonic-thumb'>\n\t\t\t<a href='https:\/\/www.kristensen-skjern.dk\/wp-content\/uploads\/2024\/04\/DSC9000-kopier.jpg' title='_DSC9000 kopier' rel='lightbox-photonic-wp-stream-1' class='photonic-lb photonic-baguettebox baguettebox' data-photonic-media-type=\"image\" data-content-type=\"image\" data-photonic-deep=\"gallery[photonic-wp-stream-1]\/1937\/\" data-title=\"&lt;a href=&#039;https:\/\/www.kristensen-skjern.dk\/index.php\/mariehoeneedderkop\/_dsc9000-kopier\/&#039; &gt;_DSC9000 kopier&lt;\/a&gt;\" data-photonic-tooltip=\"_DSC9000 kopier\">\n\t\t\t\t<img alt='_DSC9000 kopier' class='mosaic' data-src='https:\/\/www.kristensen-skjern.dk\/wp-content\/uploads\/2024\/04\/DSC9000-kopier.jpg' loading='lazy' width='2048' height='1366' \/>\n\t\t\t<\/a>\n\t\t<\/figure>\n\t\t<figure class='photonic-level-1 photonic-thumb'>\n\t\t\t<a href='https:\/\/www.kristensen-skjern.dk\/wp-content\/uploads\/2024\/04\/DSC9007-kopier.jpg' title='_DSC9007 kopier' rel='lightbox-photonic-wp-stream-1' class='photonic-lb photonic-baguettebox baguettebox' data-photonic-media-type=\"image\" data-content-type=\"image\" data-photonic-deep=\"gallery[photonic-wp-stream-1]\/1938\/\" data-title=\"&lt;a href=&#039;https:\/\/www.kristensen-skjern.dk\/index.php\/mariehoeneedderkop\/_dsc9007-kopier\/&#039; &gt;_DSC9007 kopier&lt;\/a&gt;\" data-photonic-tooltip=\"_DSC9007 kopier\">\n\t\t\t\t<img alt='_DSC9007 kopier' class='mosaic' data-src='https:\/\/www.kristensen-skjern.dk\/wp-content\/uploads\/2024\/04\/DSC9007-kopier.jpg' loading='lazy' width='2048' height='1367' \/>\n\t\t\t<\/a>\n\t\t<\/figure>\n\n\t<\/div> <!-- .\/photonic-level-1-container -->\n\t<span id='photonic-wp-stream-1-container-end'><\/span>\n<\/div><!-- .photonic-stream or .photonic-panel -->\n\n\n\n<h5 class=\"wp-block-heading\">Marieh\u00f8needderkop er en art af edderkopper som prim\u00e6rt findes i det nordlige og centrale Europa. I Danmark er Marieh\u00f8needderkoppen ret sj\u00e6lden og findes kun i Jylland<\/h5>\n","protected":false},"excerpt":{"rendered":"<p>Marieh\u00f8needderkop er en art af edderkopper som prim\u00e6rt findes i det nordlige og centrale Europa. I Danmark er Marieh\u00f8needderkoppen ret sj\u00e6lden og findes kun i Jylland<\/p>\n","protected":false},"author":1,"featured_media":0,"parent":0,"menu_order":0,"comment_status":"closed","ping_status":"closed","template":"","meta":{"ngg_post_thumbnail":0,"footnotes":""},"class_list":["post-1935","page","type-page","status-publish","hentry"],"_links":{"self":[{"href":"https:\/\/www.kristensen-skjern.dk\/index.php\/wp-json\/wp\/v2\/pages\/1935","targetHints":{"allow":["GET"]}}],"collection":[{"href":"https:\/\/www.kristensen-skjern.dk\/index.php\/wp-json\/wp\/v2\/pages"}],"about":[{"href":"https:\/\/www.kristensen-skjern.dk\/index.php\/wp-json\/wp\/v2\/types\/page"}],"author":[{"embeddable":true,"href":"https:\/\/www.kristensen-skjern.dk\/index.php\/wp-json\/wp\/v2\/users\/1"}],"replies":[{"embeddable":true,"href":"https:\/\/www.kristensen-skjern.dk\/index.php\/wp-json\/wp\/v2\/comments?post=1935"}],"version-history":[{"count":2,"href":"https:\/\/www.kristensen-skjern.dk\/index.php\/wp-json\/wp\/v2\/pages\/1935\/revisions"}],"predecessor-version":[{"id":1942,"href":"https:\/\/www.kristensen-skjern.dk\/index.php\/wp-json\/wp\/v2\/pages\/1935\/revisions\/1942"}],"wp:attachment":[{"href":"https:\/\/www.kristensen-skjern.dk\/index.php\/wp-json\/wp\/v2\/media?parent=1935"}],"curies":[{"name":"wp","href":"https:\/\/api.w.org\/{rel}","templated":true}]}}