{"id":1948,"date":"2024-07-06T08:14:13","date_gmt":"2024-07-06T09:14:13","guid":{"rendered":"https:\/\/www.kristensen-skjern.dk\/?page_id=1948"},"modified":"2024-07-06T08:17:48","modified_gmt":"2024-07-06T09:17:48","slug":"stor-flagspaette","status":"publish","type":"page","link":"https:\/\/www.kristensen-skjern.dk\/index.php\/stor-flagspaette\/","title":{"rendered":"Stor flagsp\u00e6tte"},"content":{"rendered":"\n<h5 class=\"wp-block-heading\">Stor flagsp\u00e6tte er den almindeligste danske sp\u00e6tteart og en af vores meget karakteristiske fugle. Det g\u00e6lder b\u00e5de udseendet og dens trommen, hvormed den markerer sit territorium. Fjerdragten er spraglet i sorte, hvide og r\u00f8de farver. Hannen har en r\u00f8d plet i nakken, mens ungfugle har r\u00f8d isse.<\/h5>\n\n\n<div class='photonic-wp-stream photonic-stream ' id='photonic-wp-stream-1'>\n\n\t<div id='photonic-wp-stream-1-container' class='title-display-tooltip photonic-level-1-container sizes-present photonic-mosaic-layout photonic-thumbnail-effect-zoom' data-photonic-platform=\"wp\" data-photonic-gallery-columns=\"auto\" data-photonic-query=\"order=ASC&amp;orderby=post__in&amp;id=1948&amp;itemtag=figure&amp;icontag=div&amp;captiontag=figcaption&amp;size=thumbnail&amp;include=1949,1950,1951,1952,1953,1954&amp;exclude=&amp;link=&amp;offset=0&amp;layout=mosaic&amp;custom_classes=&amp;alignment=&amp;caption=title&amp;page=1&amp;count=-1&amp;thumb_size=thumbnail&amp;slide_size=large&amp;type=default&amp;style=mosaic&amp;display=local&amp;ids=1949,1950,1951,1952,1953,1954&amp;more=Stor flagsp\u00e6tte&amp;main_size=full&amp;tile_size=full&amp;columns=auto\">\n\t\t<figure class='photonic-level-1 photonic-thumb'>\n\t\t\t<a href='https:\/\/www.kristensen-skjern.dk\/wp-content\/uploads\/2024\/07\/DSC9193-kopier.jpg' title='_DSC9193 kopier' rel='lightbox-photonic-wp-stream-1' class='photonic-lb photonic-baguettebox baguettebox' data-photonic-media-type=\"image\" data-content-type=\"image\" data-photonic-deep=\"gallery[photonic-wp-stream-1]\/1949\/\" data-title=\"&lt;a href=&#039;https:\/\/www.kristensen-skjern.dk\/index.php\/stor-flagspaette\/_dsc9193-kopier\/&#039; &gt;_DSC9193 kopier&lt;\/a&gt;\" data-photonic-tooltip=\"_DSC9193 kopier\">\n\t\t\t\t<img alt='_DSC9193 kopier' class='mosaic' data-src='https:\/\/www.kristensen-skjern.dk\/wp-content\/uploads\/2024\/07\/DSC9193-kopier.jpg' loading='lazy' width='2048' height='1366' \/>\n\t\t\t<\/a>\n\t\t<\/figure>\n\t\t<figure class='photonic-level-1 photonic-thumb'>\n\t\t\t<a href='https:\/\/www.kristensen-skjern.dk\/wp-content\/uploads\/2024\/07\/DSC0242-kopier.jpg' title='_DSC0242 kopier' rel='lightbox-photonic-wp-stream-1' class='photonic-lb photonic-baguettebox baguettebox' data-photonic-media-type=\"image\" data-content-type=\"image\" data-photonic-deep=\"gallery[photonic-wp-stream-1]\/1950\/\" data-title=\"&lt;a href=&#039;https:\/\/www.kristensen-skjern.dk\/index.php\/stor-flagspaette\/_dsc0242-kopier\/&#039; &gt;_DSC0242 kopier&lt;\/a&gt;\" data-photonic-tooltip=\"_DSC0242 kopier\">\n\t\t\t\t<img alt='_DSC0242 kopier' class='mosaic' data-src='https:\/\/www.kristensen-skjern.dk\/wp-content\/uploads\/2024\/07\/DSC0242-kopier.jpg' loading='lazy' width='2048' height='1365' \/>\n\t\t\t<\/a>\n\t\t<\/figure>\n\t\t<figure class='photonic-level-1 photonic-thumb'>\n\t\t\t<a href='https:\/\/www.kristensen-skjern.dk\/wp-content\/uploads\/2024\/07\/DSC1249-kopier.jpg' title='_DSC1249 kopier' rel='lightbox-photonic-wp-stream-1' class='photonic-lb photonic-baguettebox baguettebox' data-photonic-media-type=\"image\" data-content-type=\"image\" data-photonic-deep=\"gallery[photonic-wp-stream-1]\/1951\/\" data-title=\"&lt;a href=&#039;https:\/\/www.kristensen-skjern.dk\/index.php\/stor-flagspaette\/_dsc1249-kopier\/&#039; &gt;_DSC1249 kopier&lt;\/a&gt;\" data-photonic-tooltip=\"_DSC1249 kopier\">\n\t\t\t\t<img alt='_DSC1249 kopier' class='mosaic' data-src='https:\/\/www.kristensen-skjern.dk\/wp-content\/uploads\/2024\/07\/DSC1249-kopier.jpg' loading='lazy' width='1365' height='2048' \/>\n\t\t\t<\/a>\n\t\t<\/figure>\n\t\t<figure class='photonic-level-1 photonic-thumb'>\n\t\t\t<a href='https:\/\/www.kristensen-skjern.dk\/wp-content\/uploads\/2024\/07\/DSC6695.jpg' title='_DSC6695' rel='lightbox-photonic-wp-stream-1' class='photonic-lb photonic-baguettebox baguettebox' data-photonic-media-type=\"image\" data-content-type=\"image\" data-photonic-deep=\"gallery[photonic-wp-stream-1]\/1952\/\" data-title=\"&lt;a href=&#039;https:\/\/www.kristensen-skjern.dk\/index.php\/stor-flagspaette\/_dsc6695\/&#039; &gt;_DSC6695&lt;\/a&gt;\" data-photonic-tooltip=\"_DSC6695\">\n\t\t\t\t<img alt='_DSC6695' class='mosaic' data-src='https:\/\/www.kristensen-skjern.dk\/wp-content\/uploads\/2024\/07\/DSC6695.jpg' loading='lazy' width='2048' height='1365' \/>\n\t\t\t<\/a>\n\t\t<\/figure>\n\t\t<figure class='photonic-level-1 photonic-thumb'>\n\t\t\t<a href='https:\/\/www.kristensen-skjern.dk\/wp-content\/uploads\/2024\/07\/DSC9220-kopier.jpg' title='_DSC9220 kopier' rel='lightbox-photonic-wp-stream-1' class='photonic-lb photonic-baguettebox baguettebox' data-photonic-media-type=\"image\" data-content-type=\"image\" data-photonic-deep=\"gallery[photonic-wp-stream-1]\/1953\/\" data-title=\"&lt;a href=&#039;https:\/\/www.kristensen-skjern.dk\/index.php\/stor-flagspaette\/_dsc9220-kopier\/&#039; &gt;_DSC9220 kopier&lt;\/a&gt;\" data-photonic-tooltip=\"_DSC9220 kopier\">\n\t\t\t\t<img alt='_DSC9220 kopier' class='mosaic' data-src='https:\/\/www.kristensen-skjern.dk\/wp-content\/uploads\/2024\/07\/DSC9220-kopier.jpg' loading='lazy' width='1365' height='2048' \/>\n\t\t\t<\/a>\n\t\t<\/figure>\n\t\t<figure class='photonic-level-1 photonic-thumb'>\n\t\t\t<a href='https:\/\/www.kristensen-skjern.dk\/wp-content\/uploads\/2024\/07\/DSC1260-kopier.jpg' title='_DSC1260 kopier' rel='lightbox-photonic-wp-stream-1' class='photonic-lb photonic-baguettebox baguettebox' data-photonic-media-type=\"image\" data-content-type=\"image\" data-photonic-deep=\"gallery[photonic-wp-stream-1]\/1954\/\" data-title=\"&lt;a href=&#039;https:\/\/www.kristensen-skjern.dk\/index.php\/stor-flagspaette\/_dsc1260-kopier\/&#039; &gt;_DSC1260 kopier&lt;\/a&gt;\" data-photonic-tooltip=\"_DSC1260 kopier\">\n\t\t\t\t<img alt='_DSC1260 kopier' class='mosaic' data-src='https:\/\/www.kristensen-skjern.dk\/wp-content\/uploads\/2024\/07\/DSC1260-kopier.jpg' loading='lazy' width='1365' height='2048' \/>\n\t\t\t<\/a>\n\t\t<\/figure>\n\n\t<\/div> <!-- .\/photonic-level-1-container -->\n\t<span id='photonic-wp-stream-1-container-end'><\/span>\n<\/div><!-- .photonic-stream or .photonic-panel -->\n","protected":false},"excerpt":{"rendered":"<p>Stor flagsp\u00e6tte er den almindeligste danske sp\u00e6tteart og en af vores meget karakteristiske fugle. Det g\u00e6lder b\u00e5de udseendet og dens trommen, hvormed den markerer sit territorium. Fjerdragten er spraglet i sorte, hvide og r\u00f8de farver. Hannen har en r\u00f8d plet i nakken, mens ungfugle har r\u00f8d isse.<\/p>\n","protected":false},"author":1,"featured_media":0,"parent":0,"menu_order":0,"comment_status":"closed","ping_status":"closed","template":"","meta":{"ngg_post_thumbnail":0,"footnotes":""},"class_list":["post-1948","page","type-page","status-publish","hentry"],"_links":{"self":[{"href":"https:\/\/www.kristensen-skjern.dk\/index.php\/wp-json\/wp\/v2\/pages\/1948","targetHints":{"allow":["GET"]}}],"collection":[{"href":"https:\/\/www.kristensen-skjern.dk\/index.php\/wp-json\/wp\/v2\/pages"}],"about":[{"href":"https:\/\/www.kristensen-skjern.dk\/index.php\/wp-json\/wp\/v2\/types\/page"}],"author":[{"embeddable":true,"href":"https:\/\/www.kristensen-skjern.dk\/index.php\/wp-json\/wp\/v2\/users\/1"}],"replies":[{"embeddable":true,"href":"https:\/\/www.kristensen-skjern.dk\/index.php\/wp-json\/wp\/v2\/comments?post=1948"}],"version-history":[{"count":4,"href":"https:\/\/www.kristensen-skjern.dk\/index.php\/wp-json\/wp\/v2\/pages\/1948\/revisions"}],"predecessor-version":[{"id":1959,"href":"https:\/\/www.kristensen-skjern.dk\/index.php\/wp-json\/wp\/v2\/pages\/1948\/revisions\/1959"}],"wp:attachment":[{"href":"https:\/\/www.kristensen-skjern.dk\/index.php\/wp-json\/wp\/v2\/media?parent=1948"}],"curies":[{"name":"wp","href":"https:\/\/api.w.org\/{rel}","templated":true}]}}