{"id":1960,"date":"2024-07-06T08:26:51","date_gmt":"2024-07-06T09:26:51","guid":{"rendered":"https:\/\/www.kristensen-skjern.dk\/?page_id=1960"},"modified":"2024-07-06T08:27:49","modified_gmt":"2024-07-06T09:27:49","slug":"groenspaette","status":"publish","type":"page","link":"https:\/\/www.kristensen-skjern.dk\/index.php\/groenspaette\/","title":{"rendered":"Gr\u00f8nsp\u00e6tte"},"content":{"rendered":"\n<h5 class=\"wp-block-heading\">Gr\u00f8nsp\u00e6tten er en stor sp\u00e6tte, p\u00e5 st\u00f8rrelse med en allike og let kendelig p\u00e5 sin gr\u00f8nne ryg og vinger, sin r\u00f8de isse og nakke og det sorte parti omkring \u00f8jnene. I flugten ses den gule overgump tydeligt, og hannen har desuden r\u00f8d sk\u00e6gstribe. Fuglen, der er sky, ses ofte siddende p\u00e5 jorden, hvor den hovedsagelig finder sin f\u00f8de.<br>Gr\u00f8nsp\u00e6tten trommer sj\u00e6ldnere og svagere end andre sp\u00e6ttearter for at markere territoriet. I territoriet h\u00f8res et kraftigt kald,&nbsp;<em>kly-kly-kly-kly-kly<\/em>, som den ogs\u00e5 tit udst\u00f8der i flugten.<\/h5>\n\n\n<div class='photonic-wp-stream photonic-stream ' id='photonic-wp-stream-1'>\n\n\t<div id='photonic-wp-stream-1-container' class='title-display-tooltip photonic-level-1-container sizes-present photonic-mosaic-layout photonic-thumbnail-effect-zoom' data-photonic-platform=\"wp\" data-photonic-gallery-columns=\"auto\" data-photonic-query=\"order=ASC&amp;orderby=post__in&amp;id=1960&amp;itemtag=figure&amp;icontag=div&amp;captiontag=figcaption&amp;size=thumbnail&amp;include=1961,1963,1964,1965,1962&amp;exclude=&amp;link=&amp;offset=0&amp;layout=mosaic&amp;custom_classes=&amp;alignment=&amp;caption=title&amp;page=1&amp;count=-1&amp;thumb_size=thumbnail&amp;slide_size=large&amp;type=default&amp;style=mosaic&amp;display=local&amp;ids=1961,1963,1964,1965,1962&amp;more=Gr\u00f8nsp\u00e6tten&amp;main_size=full&amp;tile_size=full&amp;columns=auto\">\n\t\t<figure class='photonic-level-1 photonic-thumb'>\n\t\t\t<a href='https:\/\/www.kristensen-skjern.dk\/wp-content\/uploads\/2024\/07\/DSC4259-kopier.jpg' title='_DSC4259 kopier' rel='lightbox-photonic-wp-stream-1' class='photonic-lb photonic-baguettebox baguettebox' data-photonic-media-type=\"image\" data-content-type=\"image\" data-photonic-deep=\"gallery[photonic-wp-stream-1]\/1961\/\" data-title=\"&lt;a href=&#039;https:\/\/www.kristensen-skjern.dk\/index.php\/groenspaette\/_dsc4259-kopier\/&#039; &gt;_DSC4259 kopier&lt;\/a&gt;\" data-photonic-tooltip=\"_DSC4259 kopier\">\n\t\t\t\t<img alt='_DSC4259 kopier' class='mosaic' data-src='https:\/\/www.kristensen-skjern.dk\/wp-content\/uploads\/2024\/07\/DSC4259-kopier.jpg' loading='lazy' width='2048' height='1366' \/>\n\t\t\t<\/a>\n\t\t<\/figure>\n\t\t<figure class='photonic-level-1 photonic-thumb'>\n\t\t\t<a href='https:\/\/www.kristensen-skjern.dk\/wp-content\/uploads\/2024\/07\/DSC4214-kopier.jpg' title='_DSC4214 kopier' rel='lightbox-photonic-wp-stream-1' class='photonic-lb photonic-baguettebox baguettebox' data-photonic-media-type=\"image\" data-content-type=\"image\" data-photonic-deep=\"gallery[photonic-wp-stream-1]\/1963\/\" data-title=\"&lt;a href=&#039;https:\/\/www.kristensen-skjern.dk\/index.php\/groenspaette\/_dsc4214-kopier\/&#039; &gt;_DSC4214 kopier&lt;\/a&gt;\" data-photonic-tooltip=\"_DSC4214 kopier\">\n\t\t\t\t<img alt='_DSC4214 kopier' class='mosaic' data-src='https:\/\/www.kristensen-skjern.dk\/wp-content\/uploads\/2024\/07\/DSC4214-kopier.jpg' loading='lazy' width='2048' height='1365' \/>\n\t\t\t<\/a>\n\t\t<\/figure>\n\t\t<figure class='photonic-level-1 photonic-thumb'>\n\t\t\t<a href='https:\/\/www.kristensen-skjern.dk\/wp-content\/uploads\/2024\/07\/DSC4241-kopier.jpg' title='_DSC4241 kopier' rel='lightbox-photonic-wp-stream-1' class='photonic-lb photonic-baguettebox baguettebox' data-photonic-media-type=\"image\" data-content-type=\"image\" data-photonic-deep=\"gallery[photonic-wp-stream-1]\/1964\/\" data-title=\"&lt;a href=&#039;https:\/\/www.kristensen-skjern.dk\/index.php\/groenspaette\/_dsc4241-kopier\/&#039; &gt;_DSC4241 kopier&lt;\/a&gt;\" data-photonic-tooltip=\"_DSC4241 kopier\">\n\t\t\t\t<img alt='_DSC4241 kopier' class='mosaic' data-src='https:\/\/www.kristensen-skjern.dk\/wp-content\/uploads\/2024\/07\/DSC4241-kopier.jpg' loading='lazy' width='2048' height='1365' \/>\n\t\t\t<\/a>\n\t\t<\/figure>\n\t\t<figure class='photonic-level-1 photonic-thumb'>\n\t\t\t<a href='https:\/\/www.kristensen-skjern.dk\/wp-content\/uploads\/2024\/07\/DSC4650-kopier.jpg' title='_DSC4650 kopier' rel='lightbox-photonic-wp-stream-1' class='photonic-lb photonic-baguettebox baguettebox' data-photonic-media-type=\"image\" data-content-type=\"image\" data-photonic-deep=\"gallery[photonic-wp-stream-1]\/1965\/\" data-title=\"&lt;a href=&#039;https:\/\/www.kristensen-skjern.dk\/index.php\/groenspaette\/_dsc4650-kopier\/&#039; &gt;_DSC4650 kopier&lt;\/a&gt;\" data-photonic-tooltip=\"_DSC4650 kopier\">\n\t\t\t\t<img alt='_DSC4650 kopier' class='mosaic' data-src='https:\/\/www.kristensen-skjern.dk\/wp-content\/uploads\/2024\/07\/DSC4650-kopier.jpg' loading='lazy' width='1365' height='2048' \/>\n\t\t\t<\/a>\n\t\t<\/figure>\n\t\t<figure class='photonic-level-1 photonic-thumb'>\n\t\t\t<a href='https:\/\/www.kristensen-skjern.dk\/wp-content\/uploads\/2024\/07\/DSC4267-kopier.jpg' title='_DSC4267 kopier' rel='lightbox-photonic-wp-stream-1' class='photonic-lb photonic-baguettebox baguettebox' data-photonic-media-type=\"image\" data-content-type=\"image\" data-photonic-deep=\"gallery[photonic-wp-stream-1]\/1962\/\" data-title=\"&lt;a href=&#039;https:\/\/www.kristensen-skjern.dk\/index.php\/groenspaette\/_dsc4267-kopier\/&#039; &gt;_DSC4267 kopier&lt;\/a&gt;\" data-photonic-tooltip=\"_DSC4267 kopier\">\n\t\t\t\t<img alt='_DSC4267 kopier' class='mosaic' data-src='https:\/\/www.kristensen-skjern.dk\/wp-content\/uploads\/2024\/07\/DSC4267-kopier.jpg' loading='lazy' width='2306' height='1537' \/>\n\t\t\t<\/a>\n\t\t<\/figure>\n\n\t<\/div> <!-- .\/photonic-level-1-container -->\n\t<span id='photonic-wp-stream-1-container-end'><\/span>\n<\/div><!-- .photonic-stream or .photonic-panel -->\n","protected":false},"excerpt":{"rendered":"<p>Gr\u00f8nsp\u00e6tten er en stor sp\u00e6tte, p\u00e5 st\u00f8rrelse med en allike og let kendelig p\u00e5 sin gr\u00f8nne ryg og vinger, sin r\u00f8de isse og nakke og det sorte parti omkring \u00f8jnene. I flugten ses den gule overgump tydeligt, og hannen har desuden r\u00f8d sk\u00e6gstribe. Fuglen, der er sky, ses ofte siddende p\u00e5 jorden, hvor den hovedsagelig finder sin f\u00f8de.Gr\u00f8nsp\u00e6tten trommer sj\u00e6ldnere og svagere end andre sp\u00e6ttearter for at markere territoriet. I territoriet h\u00f8res et kraftigt kald,&nbsp;kly-kly-kly-kly-kly, som den ogs\u00e5 tit udst\u00f8der i flugten.<\/p>\n","protected":false},"author":1,"featured_media":0,"parent":0,"menu_order":0,"comment_status":"closed","ping_status":"closed","template":"","meta":{"ngg_post_thumbnail":0,"footnotes":""},"class_list":["post-1960","page","type-page","status-publish","hentry"],"_links":{"self":[{"href":"https:\/\/www.kristensen-skjern.dk\/index.php\/wp-json\/wp\/v2\/pages\/1960","targetHints":{"allow":["GET"]}}],"collection":[{"href":"https:\/\/www.kristensen-skjern.dk\/index.php\/wp-json\/wp\/v2\/pages"}],"about":[{"href":"https:\/\/www.kristensen-skjern.dk\/index.php\/wp-json\/wp\/v2\/types\/page"}],"author":[{"embeddable":true,"href":"https:\/\/www.kristensen-skjern.dk\/index.php\/wp-json\/wp\/v2\/users\/1"}],"replies":[{"embeddable":true,"href":"https:\/\/www.kristensen-skjern.dk\/index.php\/wp-json\/wp\/v2\/comments?post=1960"}],"version-history":[{"count":2,"href":"https:\/\/www.kristensen-skjern.dk\/index.php\/wp-json\/wp\/v2\/pages\/1960\/revisions"}],"predecessor-version":[{"id":1968,"href":"https:\/\/www.kristensen-skjern.dk\/index.php\/wp-json\/wp\/v2\/pages\/1960\/revisions\/1968"}],"wp:attachment":[{"href":"https:\/\/www.kristensen-skjern.dk\/index.php\/wp-json\/wp\/v2\/media?parent=1960"}],"curies":[{"name":"wp","href":"https:\/\/api.w.org\/{rel}","templated":true}]}}