{"id":380,"date":"2021-09-15T16:42:56","date_gmt":"2021-09-15T17:42:56","guid":{"rendered":"https:\/\/www.kristensen-skjern.dk\/?page_id=380"},"modified":"2021-09-27T13:33:51","modified_gmt":"2021-09-27T14:33:51","slug":"rider","status":"publish","type":"page","link":"https:\/\/www.kristensen-skjern.dk\/index.php\/rider\/","title":{"rendered":"Rider"},"content":{"rendered":"\n<h5 class=\"wp-block-heading\">Riden er verdens almindeligste m\u00e5geart. Den lever i st\u00f8rre eller mindre kolonier langs de nordlige kyster af is\u00e6r Nordamerika og Europa. Riden er i Danmark en f\u00e5tallig ynglefugl, men almindelig som vinterg\u00e6st fra ynglepladserne i Nordatlanten.<\/h5>\n\n\n\n<h5 class=\"wp-block-heading\">Disse er fra Helgoland 2020<\/h5>\n\n\n<div class='photonic-wp-stream photonic-stream ' id='photonic-wp-stream-1'>\n\n\t<div id='photonic-wp-stream-1-container' class='title-display-tooltip photonic-level-1-container sizes-present photonic-mosaic-layout photonic-thumbnail-effect-zoom' data-photonic-platform=\"wp\" data-photonic-gallery-columns=\"auto\" data-photonic-query=\"order=ASC&amp;orderby=post__in&amp;id=380&amp;itemtag=figure&amp;icontag=div&amp;captiontag=figcaption&amp;size=thumbnail&amp;include=355,356,357,358,359,360,361,362&amp;exclude=&amp;link=&amp;offset=0&amp;layout=mosaic&amp;custom_classes=&amp;alignment=&amp;caption=title&amp;page=1&amp;count=-1&amp;thumb_size=thumbnail&amp;slide_size=large&amp;type=default&amp;style=mosaic&amp;display=local&amp;ids=355,356,357,358,359,360,361,362&amp;main_size=full&amp;tile_size=full&amp;show_gallery=Rider&amp;columns=auto\">\n\t\t<figure class='photonic-level-1 photonic-thumb'>\n\t\t\t<a href='https:\/\/www.kristensen-skjern.dk\/wp-content\/uploads\/2021\/09\/DSC_5336.jpg' title='DSC_5336' rel='lightbox-photonic-wp-stream-1' class='photonic-lb photonic-baguettebox baguettebox' data-photonic-media-type=\"image\" data-content-type=\"image\" data-photonic-deep=\"gallery[photonic-wp-stream-1]\/355\/\" data-title=\"&lt;a href=&#039;https:\/\/www.kristensen-skjern.dk\/index.php\/helgoland\/dsc_5336\/&#039; &gt;DSC_5336&lt;\/a&gt;\" data-photonic-tooltip=\"DSC_5336\">\n\t\t\t\t<img alt='DSC_5336' class='mosaic' data-src='https:\/\/www.kristensen-skjern.dk\/wp-content\/uploads\/2021\/09\/DSC_5336.jpg' loading='lazy' width='2048' height='1365' \/>\n\t\t\t<\/a>\n\t\t<\/figure>\n\t\t<figure class='photonic-level-1 photonic-thumb'>\n\t\t\t<a href='https:\/\/www.kristensen-skjern.dk\/wp-content\/uploads\/2021\/09\/DSC_5411.jpg' title='DSC_5411' rel='lightbox-photonic-wp-stream-1' class='photonic-lb photonic-baguettebox baguettebox' data-photonic-media-type=\"image\" data-content-type=\"image\" data-photonic-deep=\"gallery[photonic-wp-stream-1]\/356\/\" data-title=\"&lt;a href=&#039;https:\/\/www.kristensen-skjern.dk\/index.php\/helgoland\/dsc_5411\/&#039; &gt;DSC_5411&lt;\/a&gt;\" data-photonic-tooltip=\"DSC_5411\">\n\t\t\t\t<img alt='DSC_5411' class='mosaic' data-src='https:\/\/www.kristensen-skjern.dk\/wp-content\/uploads\/2021\/09\/DSC_5411.jpg' loading='lazy' width='2048' height='1365' \/>\n\t\t\t<\/a>\n\t\t<\/figure>\n\t\t<figure class='photonic-level-1 photonic-thumb'>\n\t\t\t<a href='https:\/\/www.kristensen-skjern.dk\/wp-content\/uploads\/2021\/09\/DSC_5414.jpg' title='DSC_5414' rel='lightbox-photonic-wp-stream-1' class='photonic-lb photonic-baguettebox baguettebox' data-photonic-media-type=\"image\" data-content-type=\"image\" data-photonic-deep=\"gallery[photonic-wp-stream-1]\/357\/\" data-title=\"&lt;a href=&#039;https:\/\/www.kristensen-skjern.dk\/index.php\/helgoland\/dsc_5414\/&#039; &gt;DSC_5414&lt;\/a&gt;\" data-photonic-tooltip=\"DSC_5414\">\n\t\t\t\t<img alt='DSC_5414' class='mosaic' data-src='https:\/\/www.kristensen-skjern.dk\/wp-content\/uploads\/2021\/09\/DSC_5414.jpg' loading='lazy' width='2048' height='1365' \/>\n\t\t\t<\/a>\n\t\t<\/figure>\n\t\t<figure class='photonic-level-1 photonic-thumb'>\n\t\t\t<a href='https:\/\/www.kristensen-skjern.dk\/wp-content\/uploads\/2021\/09\/DSC_5496.jpg' title='DSC_5496' rel='lightbox-photonic-wp-stream-1' class='photonic-lb photonic-baguettebox baguettebox' data-photonic-media-type=\"image\" data-content-type=\"image\" data-photonic-deep=\"gallery[photonic-wp-stream-1]\/358\/\" data-title=\"&lt;a href=&#039;https:\/\/www.kristensen-skjern.dk\/index.php\/helgoland\/dsc_5496\/&#039; &gt;DSC_5496&lt;\/a&gt;\" data-photonic-tooltip=\"DSC_5496\">\n\t\t\t\t<img alt='DSC_5496' class='mosaic' data-src='https:\/\/www.kristensen-skjern.dk\/wp-content\/uploads\/2021\/09\/DSC_5496.jpg' loading='lazy' width='2048' height='1366' \/>\n\t\t\t<\/a>\n\t\t<\/figure>\n\t\t<figure class='photonic-level-1 photonic-thumb'>\n\t\t\t<a href='https:\/\/www.kristensen-skjern.dk\/wp-content\/uploads\/2021\/09\/DSC_5801.jpg' title='DSC_5801' rel='lightbox-photonic-wp-stream-1' class='photonic-lb photonic-baguettebox baguettebox' data-photonic-media-type=\"image\" data-content-type=\"image\" data-photonic-deep=\"gallery[photonic-wp-stream-1]\/359\/\" data-title=\"&lt;a href=&#039;https:\/\/www.kristensen-skjern.dk\/index.php\/helgoland\/dsc_5801\/&#039; &gt;DSC_5801&lt;\/a&gt;\" data-photonic-tooltip=\"DSC_5801\">\n\t\t\t\t<img alt='DSC_5801' class='mosaic' data-src='https:\/\/www.kristensen-skjern.dk\/wp-content\/uploads\/2021\/09\/DSC_5801.jpg' loading='lazy' width='2048' height='1365' \/>\n\t\t\t<\/a>\n\t\t<\/figure>\n\t\t<figure class='photonic-level-1 photonic-thumb'>\n\t\t\t<a href='https:\/\/www.kristensen-skjern.dk\/wp-content\/uploads\/2021\/09\/DSC_5863.jpg' title='DSC_5863' rel='lightbox-photonic-wp-stream-1' class='photonic-lb photonic-baguettebox baguettebox' data-photonic-media-type=\"image\" data-content-type=\"image\" data-photonic-deep=\"gallery[photonic-wp-stream-1]\/360\/\" data-title=\"&lt;a href=&#039;https:\/\/www.kristensen-skjern.dk\/index.php\/helgoland\/dsc_5863\/&#039; &gt;DSC_5863&lt;\/a&gt;\" data-photonic-tooltip=\"DSC_5863\">\n\t\t\t\t<img alt='DSC_5863' class='mosaic' data-src='https:\/\/www.kristensen-skjern.dk\/wp-content\/uploads\/2021\/09\/DSC_5863.jpg' loading='lazy' width='2048' height='1366' \/>\n\t\t\t<\/a>\n\t\t<\/figure>\n\t\t<figure class='photonic-level-1 photonic-thumb'>\n\t\t\t<a href='https:\/\/www.kristensen-skjern.dk\/wp-content\/uploads\/2021\/09\/DSC_5970.jpg' title='DSC_5970' rel='lightbox-photonic-wp-stream-1' class='photonic-lb photonic-baguettebox baguettebox' data-photonic-media-type=\"image\" data-content-type=\"image\" data-photonic-deep=\"gallery[photonic-wp-stream-1]\/361\/\" data-title=\"&lt;a href=&#039;https:\/\/www.kristensen-skjern.dk\/index.php\/helgoland\/dsc_5970\/&#039; &gt;DSC_5970&lt;\/a&gt;\" data-photonic-tooltip=\"DSC_5970\">\n\t\t\t\t<img alt='DSC_5970' class='mosaic' data-src='https:\/\/www.kristensen-skjern.dk\/wp-content\/uploads\/2021\/09\/DSC_5970.jpg' loading='lazy' width='2048' height='1365' \/>\n\t\t\t<\/a>\n\t\t<\/figure>\n\t\t<figure class='photonic-level-1 photonic-thumb'>\n\t\t\t<a href='https:\/\/www.kristensen-skjern.dk\/wp-content\/uploads\/2021\/09\/DSC_6004.jpg' title='DSC_6004' rel='lightbox-photonic-wp-stream-1' class='photonic-lb photonic-baguettebox baguettebox' data-photonic-media-type=\"image\" data-content-type=\"image\" data-photonic-deep=\"gallery[photonic-wp-stream-1]\/362\/\" data-title=\"&lt;a href=&#039;https:\/\/www.kristensen-skjern.dk\/index.php\/helgoland\/dsc_6004\/&#039; &gt;DSC_6004&lt;\/a&gt;\" data-photonic-tooltip=\"DSC_6004\">\n\t\t\t\t<img alt='DSC_6004' class='mosaic' data-src='https:\/\/www.kristensen-skjern.dk\/wp-content\/uploads\/2021\/09\/DSC_6004.jpg' loading='lazy' width='2048' height='1365' \/>\n\t\t\t<\/a>\n\t\t<\/figure>\n\n\t<\/div> <!-- .\/photonic-level-1-container -->\n\t<span id='photonic-wp-stream-1-container-end'><\/span>\n<\/div><!-- .photonic-stream or .photonic-panel -->\n\n\n\n<h5 class=\"wp-block-heading\">Bulbjerg 2020<\/h5>\n\n\n<div class='photonic-wp-stream photonic-stream ' id='photonic-wp-stream-2'>\n\n\t<div id='photonic-wp-stream-2-container' class='title-display-tooltip photonic-level-1-container sizes-present photonic-mosaic-layout photonic-thumbnail-effect-zoom' data-photonic-platform=\"wp\" data-photonic-gallery-columns=\"auto\" data-photonic-query=\"order=ASC&amp;orderby=post__in&amp;id=380&amp;itemtag=figure&amp;icontag=div&amp;captiontag=figcaption&amp;size=thumbnail&amp;include=388,389,390,391,392,393&amp;exclude=&amp;link=&amp;offset=0&amp;layout=mosaic&amp;custom_classes=&amp;alignment=&amp;caption=title&amp;page=1&amp;count=-1&amp;thumb_size=thumbnail&amp;slide_size=large&amp;type=default&amp;style=mosaic&amp;display=local&amp;ids=388,389,390,391,392,393&amp;main_size=full&amp;tile_size=full&amp;show_gallery=Bulbjerg&amp;columns=auto\">\n\t\t<figure class='photonic-level-1 photonic-thumb'>\n\t\t\t<a href='https:\/\/www.kristensen-skjern.dk\/wp-content\/uploads\/2021\/09\/DSC_6694.jpg' title='DSC_6694' rel='lightbox-photonic-wp-stream-2' class='photonic-lb photonic-baguettebox baguettebox' data-photonic-media-type=\"image\" data-content-type=\"image\" data-photonic-deep=\"gallery[photonic-wp-stream-2]\/388\/\" data-title=\"&lt;a href=&#039;https:\/\/www.kristensen-skjern.dk\/index.php\/rider\/dsc_6694\/&#039; &gt;DSC_6694&lt;\/a&gt;\" data-photonic-tooltip=\"DSC_6694\">\n\t\t\t\t<img alt='DSC_6694' class='mosaic' data-src='https:\/\/www.kristensen-skjern.dk\/wp-content\/uploads\/2021\/09\/DSC_6694.jpg' loading='lazy' width='2048' height='1365' \/>\n\t\t\t<\/a>\n\t\t<\/figure>\n\t\t<figure class='photonic-level-1 photonic-thumb'>\n\t\t\t<a href='https:\/\/www.kristensen-skjern.dk\/wp-content\/uploads\/2021\/09\/DSC_6703.jpg' title='DSC_6703' rel='lightbox-photonic-wp-stream-2' class='photonic-lb photonic-baguettebox baguettebox' data-photonic-media-type=\"image\" data-content-type=\"image\" data-photonic-deep=\"gallery[photonic-wp-stream-2]\/389\/\" data-title=\"&lt;a href=&#039;https:\/\/www.kristensen-skjern.dk\/index.php\/rider\/dsc_6703\/&#039; &gt;DSC_6703&lt;\/a&gt;\" data-photonic-tooltip=\"DSC_6703\">\n\t\t\t\t<img alt='DSC_6703' class='mosaic' data-src='https:\/\/www.kristensen-skjern.dk\/wp-content\/uploads\/2021\/09\/DSC_6703.jpg' loading='lazy' width='2048' height='1365' \/>\n\t\t\t<\/a>\n\t\t<\/figure>\n\t\t<figure class='photonic-level-1 photonic-thumb'>\n\t\t\t<a href='https:\/\/www.kristensen-skjern.dk\/wp-content\/uploads\/2021\/09\/DSC_6735.jpg' title='DSC_6735' rel='lightbox-photonic-wp-stream-2' class='photonic-lb photonic-baguettebox baguettebox' data-photonic-media-type=\"image\" data-content-type=\"image\" data-photonic-deep=\"gallery[photonic-wp-stream-2]\/390\/\" data-title=\"&lt;a href=&#039;https:\/\/www.kristensen-skjern.dk\/index.php\/rider\/dsc_6735\/&#039; &gt;DSC_6735&lt;\/a&gt;\" data-photonic-tooltip=\"DSC_6735\">\n\t\t\t\t<img alt='DSC_6735' class='mosaic' data-src='https:\/\/www.kristensen-skjern.dk\/wp-content\/uploads\/2021\/09\/DSC_6735.jpg' loading='lazy' width='2048' height='1365' \/>\n\t\t\t<\/a>\n\t\t<\/figure>\n\t\t<figure class='photonic-level-1 photonic-thumb'>\n\t\t\t<a href='https:\/\/www.kristensen-skjern.dk\/wp-content\/uploads\/2021\/09\/DSC_6756.jpg' title='DSC_6756' rel='lightbox-photonic-wp-stream-2' class='photonic-lb photonic-baguettebox baguettebox' data-photonic-media-type=\"image\" data-content-type=\"image\" data-photonic-deep=\"gallery[photonic-wp-stream-2]\/391\/\" data-title=\"&lt;a href=&#039;https:\/\/www.kristensen-skjern.dk\/index.php\/rider\/dsc_6756\/&#039; &gt;DSC_6756&lt;\/a&gt;\" data-photonic-tooltip=\"DSC_6756\">\n\t\t\t\t<img alt='DSC_6756' class='mosaic' data-src='https:\/\/www.kristensen-skjern.dk\/wp-content\/uploads\/2021\/09\/DSC_6756.jpg' loading='lazy' width='2048' height='1365' \/>\n\t\t\t<\/a>\n\t\t<\/figure>\n\t\t<figure class='photonic-level-1 photonic-thumb'>\n\t\t\t<a href='https:\/\/www.kristensen-skjern.dk\/wp-content\/uploads\/2021\/09\/DSC_6768.jpg' title='DSC_6768' rel='lightbox-photonic-wp-stream-2' class='photonic-lb photonic-baguettebox baguettebox' data-photonic-media-type=\"image\" data-content-type=\"image\" data-photonic-deep=\"gallery[photonic-wp-stream-2]\/392\/\" data-title=\"&lt;a href=&#039;https:\/\/www.kristensen-skjern.dk\/index.php\/rider\/dsc_6768\/&#039; &gt;DSC_6768&lt;\/a&gt;\" data-photonic-tooltip=\"DSC_6768\">\n\t\t\t\t<img alt='DSC_6768' class='mosaic' data-src='https:\/\/www.kristensen-skjern.dk\/wp-content\/uploads\/2021\/09\/DSC_6768.jpg' loading='lazy' width='2048' height='1366' \/>\n\t\t\t<\/a>\n\t\t<\/figure>\n\t\t<figure class='photonic-level-1 photonic-thumb'>\n\t\t\t<a href='https:\/\/www.kristensen-skjern.dk\/wp-content\/uploads\/2021\/09\/DSC_6772.jpg' title='DSC_6772' rel='lightbox-photonic-wp-stream-2' class='photonic-lb photonic-baguettebox baguettebox' data-photonic-media-type=\"image\" data-content-type=\"image\" data-photonic-deep=\"gallery[photonic-wp-stream-2]\/393\/\" data-title=\"&lt;a href=&#039;https:\/\/www.kristensen-skjern.dk\/index.php\/rider\/dsc_6772\/&#039; &gt;DSC_6772&lt;\/a&gt;\" data-photonic-tooltip=\"DSC_6772\">\n\t\t\t\t<img alt='DSC_6772' class='mosaic' data-src='https:\/\/www.kristensen-skjern.dk\/wp-content\/uploads\/2021\/09\/DSC_6772.jpg' loading='lazy' width='2048' height='1365' \/>\n\t\t\t<\/a>\n\t\t<\/figure>\n\n\t<\/div> <!-- .\/photonic-level-1-container -->\n\t<span id='photonic-wp-stream-2-container-end'><\/span>\n<\/div><!-- .photonic-stream or .photonic-panel -->\n\n\n\n<p><\/p>\n","protected":false},"excerpt":{"rendered":"<p>Riden er verdens almindeligste m\u00e5geart. Den lever i st\u00f8rre eller mindre kolonier langs de nordlige kyster af is\u00e6r Nordamerika og Europa. Riden er i Danmark en f\u00e5tallig ynglefugl, men almindelig som vinterg\u00e6st fra ynglepladserne i Nordatlanten. Disse er fra Helgoland 2020 Bulbjerg 2020<\/p>\n","protected":false},"author":1,"featured_media":0,"parent":0,"menu_order":0,"comment_status":"closed","ping_status":"closed","template":"","meta":{"ngg_post_thumbnail":0,"footnotes":""},"class_list":["post-380","page","type-page","status-publish","hentry"],"_links":{"self":[{"href":"https:\/\/www.kristensen-skjern.dk\/index.php\/wp-json\/wp\/v2\/pages\/380","targetHints":{"allow":["GET"]}}],"collection":[{"href":"https:\/\/www.kristensen-skjern.dk\/index.php\/wp-json\/wp\/v2\/pages"}],"about":[{"href":"https:\/\/www.kristensen-skjern.dk\/index.php\/wp-json\/wp\/v2\/types\/page"}],"author":[{"embeddable":true,"href":"https:\/\/www.kristensen-skjern.dk\/index.php\/wp-json\/wp\/v2\/users\/1"}],"replies":[{"embeddable":true,"href":"https:\/\/www.kristensen-skjern.dk\/index.php\/wp-json\/wp\/v2\/comments?post=380"}],"version-history":[{"count":5,"href":"https:\/\/www.kristensen-skjern.dk\/index.php\/wp-json\/wp\/v2\/pages\/380\/revisions"}],"predecessor-version":[{"id":583,"href":"https:\/\/www.kristensen-skjern.dk\/index.php\/wp-json\/wp\/v2\/pages\/380\/revisions\/583"}],"wp:attachment":[{"href":"https:\/\/www.kristensen-skjern.dk\/index.php\/wp-json\/wp\/v2\/media?parent=380"}],"curies":[{"name":"wp","href":"https:\/\/api.w.org\/{rel}","templated":true}]}}