{"id":481,"date":"2021-09-26T06:49:57","date_gmt":"2021-09-26T07:49:57","guid":{"rendered":"https:\/\/www.kristensen-skjern.dk\/?page_id=481"},"modified":"2021-09-27T13:16:47","modified_gmt":"2021-09-27T14:16:47","slug":"lomvie","status":"publish","type":"page","link":"https:\/\/www.kristensen-skjern.dk\/index.php\/lomvie\/","title":{"rendered":"Lomvie"},"content":{"rendered":"\n<h5 class=\"wp-block-heading\">Helgoland 2020<\/h5>\n\n\n\n<h5 class=\"wp-block-heading\">Lomvien er en stor alkefugl, der lever i verdens nordlige have i et antal af ca. 3-4 millioner. Den yngler i t\u00e6tte kolonier p\u00e5 stejle klippesider ud til havet eller understenblokke, men mest p\u00e5 stejle klippekyster, fuglefjelde. Uden for yngletiden lever den udelukkende p\u00e5 havet<\/h5>\n\n\n<div class='photonic-wp-stream photonic-stream ' id='photonic-wp-stream-1'>\n\n\t<div id='photonic-wp-stream-1-container' class='title-display-tooltip photonic-level-1-container sizes-present photonic-mosaic-layout photonic-thumbnail-effect-zoom' data-photonic-platform=\"wp\" data-photonic-gallery-columns=\"auto\" data-photonic-query=\"order=ASC&amp;orderby=post__in&amp;id=481&amp;itemtag=figure&amp;icontag=div&amp;captiontag=figcaption&amp;size=thumbnail&amp;include=346,347,348,349,350,351,352&amp;exclude=&amp;link=&amp;offset=0&amp;layout=mosaic&amp;custom_classes=&amp;alignment=&amp;caption=title&amp;page=1&amp;count=-1&amp;thumb_size=thumbnail&amp;slide_size=large&amp;type=default&amp;style=mosaic&amp;display=local&amp;ids=346,347,348,349,350,351,352&amp;main_size=full&amp;tile_size=full&amp;show_gallery=Lomvie&amp;columns=auto\">\n\t\t<figure class='photonic-level-1 photonic-thumb'>\n\t\t\t<a href='https:\/\/www.kristensen-skjern.dk\/wp-content\/uploads\/2021\/09\/DSC_5242.jpg' title='DSC_5242' rel='lightbox-photonic-wp-stream-1' class='photonic-lb photonic-baguettebox baguettebox' data-photonic-media-type=\"image\" data-content-type=\"image\" data-photonic-deep=\"gallery[photonic-wp-stream-1]\/346\/\" data-title=\"&lt;a href=&#039;https:\/\/www.kristensen-skjern.dk\/index.php\/helgoland\/dsc_5242\/&#039; &gt;DSC_5242&lt;\/a&gt;\" data-photonic-tooltip=\"DSC_5242\">\n\t\t\t\t<img alt='DSC_5242' class='mosaic' data-src='https:\/\/www.kristensen-skjern.dk\/wp-content\/uploads\/2021\/09\/DSC_5242.jpg' loading='lazy' width='2048' height='1365' \/>\n\t\t\t<\/a>\n\t\t<\/figure>\n\t\t<figure class='photonic-level-1 photonic-thumb'>\n\t\t\t<a href='https:\/\/www.kristensen-skjern.dk\/wp-content\/uploads\/2021\/09\/DSC_5244.jpg' title='DSC_5244' rel='lightbox-photonic-wp-stream-1' class='photonic-lb photonic-baguettebox baguettebox' data-photonic-media-type=\"image\" data-content-type=\"image\" data-photonic-deep=\"gallery[photonic-wp-stream-1]\/347\/\" data-title=\"&lt;a href=&#039;https:\/\/www.kristensen-skjern.dk\/index.php\/helgoland\/dsc_5244\/&#039; &gt;DSC_5244&lt;\/a&gt;\" data-photonic-tooltip=\"DSC_5244\">\n\t\t\t\t<img alt='DSC_5244' class='mosaic' data-src='https:\/\/www.kristensen-skjern.dk\/wp-content\/uploads\/2021\/09\/DSC_5244.jpg' loading='lazy' width='2048' height='1365' \/>\n\t\t\t<\/a>\n\t\t<\/figure>\n\t\t<figure class='photonic-level-1 photonic-thumb'>\n\t\t\t<a href='https:\/\/www.kristensen-skjern.dk\/wp-content\/uploads\/2021\/09\/DSC_5441.jpg' title='DSC_5441' rel='lightbox-photonic-wp-stream-1' class='photonic-lb photonic-baguettebox baguettebox' data-photonic-media-type=\"image\" data-content-type=\"image\" data-photonic-deep=\"gallery[photonic-wp-stream-1]\/348\/\" data-title=\"&lt;a href=&#039;https:\/\/www.kristensen-skjern.dk\/index.php\/helgoland\/dsc_5441\/&#039; &gt;DSC_5441&lt;\/a&gt;\" data-photonic-tooltip=\"DSC_5441\">\n\t\t\t\t<img alt='DSC_5441' class='mosaic' data-src='https:\/\/www.kristensen-skjern.dk\/wp-content\/uploads\/2021\/09\/DSC_5441.jpg' loading='lazy' width='2048' height='1365' \/>\n\t\t\t<\/a>\n\t\t<\/figure>\n\t\t<figure class='photonic-level-1 photonic-thumb'>\n\t\t\t<a href='https:\/\/www.kristensen-skjern.dk\/wp-content\/uploads\/2021\/09\/DSC_5443.jpg' title='DSC_5443' rel='lightbox-photonic-wp-stream-1' class='photonic-lb photonic-baguettebox baguettebox' data-photonic-media-type=\"image\" data-content-type=\"image\" data-photonic-deep=\"gallery[photonic-wp-stream-1]\/349\/\" data-title=\"&lt;a href=&#039;https:\/\/www.kristensen-skjern.dk\/index.php\/helgoland\/dsc_5443\/&#039; &gt;DSC_5443&lt;\/a&gt;\" data-photonic-tooltip=\"DSC_5443\">\n\t\t\t\t<img alt='DSC_5443' class='mosaic' data-src='https:\/\/www.kristensen-skjern.dk\/wp-content\/uploads\/2021\/09\/DSC_5443.jpg' loading='lazy' width='2048' height='1365' \/>\n\t\t\t<\/a>\n\t\t<\/figure>\n\t\t<figure class='photonic-level-1 photonic-thumb'>\n\t\t\t<a href='https:\/\/www.kristensen-skjern.dk\/wp-content\/uploads\/2021\/09\/DSC_5519.jpg' title='DSC_5519' rel='lightbox-photonic-wp-stream-1' class='photonic-lb photonic-baguettebox baguettebox' data-photonic-media-type=\"image\" data-content-type=\"image\" data-photonic-deep=\"gallery[photonic-wp-stream-1]\/350\/\" data-title=\"&lt;a href=&#039;https:\/\/www.kristensen-skjern.dk\/index.php\/helgoland\/dsc_5519\/&#039; &gt;DSC_5519&lt;\/a&gt;\" data-photonic-tooltip=\"DSC_5519\">\n\t\t\t\t<img alt='DSC_5519' class='mosaic' data-src='https:\/\/www.kristensen-skjern.dk\/wp-content\/uploads\/2021\/09\/DSC_5519.jpg' loading='lazy' width='2048' height='1366' \/>\n\t\t\t<\/a>\n\t\t<\/figure>\n\t\t<figure class='photonic-level-1 photonic-thumb'>\n\t\t\t<a href='https:\/\/www.kristensen-skjern.dk\/wp-content\/uploads\/2021\/09\/DSC_5527.jpg' title='DSC_5527' rel='lightbox-photonic-wp-stream-1' class='photonic-lb photonic-baguettebox baguettebox' data-photonic-media-type=\"image\" data-content-type=\"image\" data-photonic-deep=\"gallery[photonic-wp-stream-1]\/351\/\" data-title=\"&lt;a href=&#039;https:\/\/www.kristensen-skjern.dk\/index.php\/helgoland\/dsc_5527\/&#039; &gt;DSC_5527&lt;\/a&gt;\" data-photonic-tooltip=\"DSC_5527\">\n\t\t\t\t<img alt='DSC_5527' class='mosaic' data-src='https:\/\/www.kristensen-skjern.dk\/wp-content\/uploads\/2021\/09\/DSC_5527.jpg' loading='lazy' width='2048' height='1366' \/>\n\t\t\t<\/a>\n\t\t<\/figure>\n\t\t<figure class='photonic-level-1 photonic-thumb'>\n\t\t\t<a href='https:\/\/www.kristensen-skjern.dk\/wp-content\/uploads\/2021\/09\/DSC_5808.jpg' title='DSC_5808' rel='lightbox-photonic-wp-stream-1' class='photonic-lb photonic-baguettebox baguettebox' data-photonic-media-type=\"image\" data-content-type=\"image\" data-photonic-deep=\"gallery[photonic-wp-stream-1]\/352\/\" data-title=\"&lt;a href=&#039;https:\/\/www.kristensen-skjern.dk\/index.php\/helgoland\/dsc_5808\/&#039; &gt;DSC_5808&lt;\/a&gt;\" data-photonic-tooltip=\"DSC_5808\">\n\t\t\t\t<img alt='DSC_5808' class='mosaic' data-src='https:\/\/www.kristensen-skjern.dk\/wp-content\/uploads\/2021\/09\/DSC_5808.jpg' loading='lazy' width='2048' height='1365' \/>\n\t\t\t<\/a>\n\t\t<\/figure>\n\n\t<\/div> <!-- .\/photonic-level-1-container -->\n\t<span id='photonic-wp-stream-1-container-end'><\/span>\n<\/div><!-- .photonic-stream or .photonic-panel -->\n","protected":false},"excerpt":{"rendered":"<p>Helgoland 2020 Lomvien er en stor alkefugl, der lever i verdens nordlige have i et antal af ca. 3-4 millioner. Den yngler i t\u00e6tte kolonier p\u00e5 stejle klippesider ud til havet eller understenblokke, men mest p\u00e5 stejle klippekyster, fuglefjelde. Uden for yngletiden lever den udelukkende p\u00e5 havet<\/p>\n","protected":false},"author":1,"featured_media":0,"parent":0,"menu_order":0,"comment_status":"closed","ping_status":"closed","template":"","meta":{"ngg_post_thumbnail":0,"footnotes":""},"class_list":["post-481","page","type-page","status-publish","hentry"],"_links":{"self":[{"href":"https:\/\/www.kristensen-skjern.dk\/index.php\/wp-json\/wp\/v2\/pages\/481","targetHints":{"allow":["GET"]}}],"collection":[{"href":"https:\/\/www.kristensen-skjern.dk\/index.php\/wp-json\/wp\/v2\/pages"}],"about":[{"href":"https:\/\/www.kristensen-skjern.dk\/index.php\/wp-json\/wp\/v2\/types\/page"}],"author":[{"embeddable":true,"href":"https:\/\/www.kristensen-skjern.dk\/index.php\/wp-json\/wp\/v2\/users\/1"}],"replies":[{"embeddable":true,"href":"https:\/\/www.kristensen-skjern.dk\/index.php\/wp-json\/wp\/v2\/comments?post=481"}],"version-history":[{"count":4,"href":"https:\/\/www.kristensen-skjern.dk\/index.php\/wp-json\/wp\/v2\/pages\/481\/revisions"}],"predecessor-version":[{"id":576,"href":"https:\/\/www.kristensen-skjern.dk\/index.php\/wp-json\/wp\/v2\/pages\/481\/revisions\/576"}],"wp:attachment":[{"href":"https:\/\/www.kristensen-skjern.dk\/index.php\/wp-json\/wp\/v2\/media?parent=481"}],"curies":[{"name":"wp","href":"https:\/\/api.w.org\/{rel}","templated":true}]}}