{"id":673,"date":"2021-10-03T14:48:23","date_gmt":"2021-10-03T15:48:23","guid":{"rendered":"https:\/\/www.kristensen-skjern.dk\/?page_id=673"},"modified":"2021-10-03T16:19:06","modified_gmt":"2021-10-03T17:19:06","slug":"daadyr","status":"publish","type":"page","link":"https:\/\/www.kristensen-skjern.dk\/index.php\/daadyr\/","title":{"rendered":"D\u00e5dyr"},"content":{"rendered":"\n<h5 class=\"wp-block-heading\">D\u00e5dyr er en dr\u00f8vtygger, der tilh\u00f8rer hjortefamilien. D\u00e5dyret ligner p\u00e5 mange punkter kronhjorten, men det er mere n\u00f8jsomt og mindre sky. D\u00e5dyret er derfor nemt at t\u00e6mme og findes i mange dyreparker, hvor det er muligt at komme helt t\u00e6t p\u00e5 det<\/h5>\n\n\n<div class='photonic-wp-stream photonic-stream ' id='photonic-wp-stream-1'>\n\n\t<div id='photonic-wp-stream-1-container' class='title-display-tooltip photonic-level-1-container sizes-present photonic-mosaic-layout photonic-thumbnail-effect-zoom' data-photonic-platform=\"wp\" data-photonic-gallery-columns=\"auto\" data-photonic-query=\"order=ASC&amp;orderby=post__in&amp;id=673&amp;itemtag=figure&amp;icontag=div&amp;captiontag=figcaption&amp;size=thumbnail&amp;include=679,680,681,682,683,717,718,719,720,721,722,723&amp;exclude=&amp;link=&amp;offset=0&amp;layout=mosaic&amp;custom_classes=&amp;alignment=&amp;caption=title&amp;page=1&amp;count=-1&amp;thumb_size=thumbnail&amp;slide_size=large&amp;type=default&amp;style=mosaic&amp;display=local&amp;ids=679,680,681,682,683,717,718,719,720,721,722,723&amp;main_size=full&amp;tile_size=full&amp;show_gallery=D\u00e5dyr&amp;columns=auto\">\n\t\t<figure class='photonic-level-1 photonic-thumb'>\n\t\t\t<a href='https:\/\/www.kristensen-skjern.dk\/wp-content\/uploads\/2021\/10\/DSC_6525-1.jpg' title='DSC_6525' rel='lightbox-photonic-wp-stream-1' class='photonic-lb photonic-baguettebox baguettebox' data-photonic-media-type=\"image\" data-content-type=\"image\" data-photonic-deep=\"gallery[photonic-wp-stream-1]\/679\/\" data-title=\"&lt;a href=&#039;https:\/\/www.kristensen-skjern.dk\/index.php\/daadyr\/dsc_6525-2\/&#039; &gt;DSC_6525&lt;\/a&gt;\" data-photonic-tooltip=\"DSC_6525\">\n\t\t\t\t<img alt='DSC_6525' class='mosaic' data-src='https:\/\/www.kristensen-skjern.dk\/wp-content\/uploads\/2021\/10\/DSC_6525-1.jpg' loading='lazy' width='1920' height='1280' \/>\n\t\t\t<\/a>\n\t\t<\/figure>\n\t\t<figure class='photonic-level-1 photonic-thumb'>\n\t\t\t<a href='https:\/\/www.kristensen-skjern.dk\/wp-content\/uploads\/2021\/10\/DSC_6526.jpg' title='DSC_6526' rel='lightbox-photonic-wp-stream-1' class='photonic-lb photonic-baguettebox baguettebox' data-photonic-media-type=\"image\" data-content-type=\"image\" data-photonic-deep=\"gallery[photonic-wp-stream-1]\/680\/\" data-title=\"&lt;a href=&#039;https:\/\/www.kristensen-skjern.dk\/index.php\/daadyr\/dsc_6526\/&#039; &gt;DSC_6526&lt;\/a&gt;\" data-photonic-tooltip=\"DSC_6526\">\n\t\t\t\t<img alt='DSC_6526' class='mosaic' data-src='https:\/\/www.kristensen-skjern.dk\/wp-content\/uploads\/2021\/10\/DSC_6526.jpg' loading='lazy' width='1920' height='1280' \/>\n\t\t\t<\/a>\n\t\t<\/figure>\n\t\t<figure class='photonic-level-1 photonic-thumb'>\n\t\t\t<a href='https:\/\/www.kristensen-skjern.dk\/wp-content\/uploads\/2021\/10\/DSC_6529.jpg' title='DSC_6529' rel='lightbox-photonic-wp-stream-1' class='photonic-lb photonic-baguettebox baguettebox' data-photonic-media-type=\"image\" data-content-type=\"image\" data-photonic-deep=\"gallery[photonic-wp-stream-1]\/681\/\" data-title=\"&lt;a href=&#039;https:\/\/www.kristensen-skjern.dk\/index.php\/daadyr\/dsc_6529\/&#039; &gt;DSC_6529&lt;\/a&gt;\" data-photonic-tooltip=\"DSC_6529\">\n\t\t\t\t<img alt='DSC_6529' class='mosaic' data-src='https:\/\/www.kristensen-skjern.dk\/wp-content\/uploads\/2021\/10\/DSC_6529.jpg' loading='lazy' width='1920' height='1280' \/>\n\t\t\t<\/a>\n\t\t<\/figure>\n\t\t<figure class='photonic-level-1 photonic-thumb'>\n\t\t\t<a href='https:\/\/www.kristensen-skjern.dk\/wp-content\/uploads\/2021\/10\/DSC_6573.jpg' title='DSC_6573' rel='lightbox-photonic-wp-stream-1' class='photonic-lb photonic-baguettebox baguettebox' data-photonic-media-type=\"image\" data-content-type=\"image\" data-photonic-deep=\"gallery[photonic-wp-stream-1]\/682\/\" data-title=\"&lt;a href=&#039;https:\/\/www.kristensen-skjern.dk\/index.php\/daadyr\/dsc_6573\/&#039; &gt;DSC_6573&lt;\/a&gt;\" data-photonic-tooltip=\"DSC_6573\">\n\t\t\t\t<img alt='DSC_6573' class='mosaic' data-src='https:\/\/www.kristensen-skjern.dk\/wp-content\/uploads\/2021\/10\/DSC_6573.jpg' loading='lazy' width='1920' height='1280' \/>\n\t\t\t<\/a>\n\t\t<\/figure>\n\t\t<figure class='photonic-level-1 photonic-thumb'>\n\t\t\t<a href='https:\/\/www.kristensen-skjern.dk\/wp-content\/uploads\/2021\/10\/DSC_6583.jpg' title='DSC_6583' rel='lightbox-photonic-wp-stream-1' class='photonic-lb photonic-baguettebox baguettebox' data-photonic-media-type=\"image\" data-content-type=\"image\" data-photonic-deep=\"gallery[photonic-wp-stream-1]\/683\/\" data-title=\"&lt;a href=&#039;https:\/\/www.kristensen-skjern.dk\/index.php\/daadyr\/dsc_6583\/&#039; &gt;DSC_6583&lt;\/a&gt;\" data-photonic-tooltip=\"DSC_6583\">\n\t\t\t\t<img alt='DSC_6583' class='mosaic' data-src='https:\/\/www.kristensen-skjern.dk\/wp-content\/uploads\/2021\/10\/DSC_6583.jpg' loading='lazy' width='1920' height='1280' \/>\n\t\t\t<\/a>\n\t\t<\/figure>\n\t\t<figure class='photonic-level-1 photonic-thumb'>\n\t\t\t<a href='https:\/\/www.kristensen-skjern.dk\/wp-content\/uploads\/2021\/10\/DSC3499.jpg' title='_DSC3499' rel='lightbox-photonic-wp-stream-1' class='photonic-lb photonic-baguettebox baguettebox' data-photonic-media-type=\"image\" data-content-type=\"image\" data-photonic-deep=\"gallery[photonic-wp-stream-1]\/717\/\" data-title=\"&lt;a href=&#039;https:\/\/www.kristensen-skjern.dk\/index.php\/daadyr\/_dsc3499\/&#039; &gt;_DSC3499&lt;\/a&gt;\" data-photonic-tooltip=\"_DSC3499\">\n\t\t\t\t<img alt='_DSC3499' class='mosaic' data-src='https:\/\/www.kristensen-skjern.dk\/wp-content\/uploads\/2021\/10\/DSC3499.jpg' loading='lazy' width='2048' height='1366' \/>\n\t\t\t<\/a>\n\t\t<\/figure>\n\t\t<figure class='photonic-level-1 photonic-thumb'>\n\t\t\t<a href='https:\/\/www.kristensen-skjern.dk\/wp-content\/uploads\/2021\/10\/DSC3540.jpg' title='_DSC3540' rel='lightbox-photonic-wp-stream-1' class='photonic-lb photonic-baguettebox baguettebox' data-photonic-media-type=\"image\" data-content-type=\"image\" data-photonic-deep=\"gallery[photonic-wp-stream-1]\/718\/\" data-title=\"&lt;a href=&#039;https:\/\/www.kristensen-skjern.dk\/index.php\/daadyr\/_dsc3540\/&#039; &gt;_DSC3540&lt;\/a&gt;\" data-photonic-tooltip=\"_DSC3540\">\n\t\t\t\t<img alt='_DSC3540' class='mosaic' data-src='https:\/\/www.kristensen-skjern.dk\/wp-content\/uploads\/2021\/10\/DSC3540.jpg' loading='lazy' width='2048' height='1366' \/>\n\t\t\t<\/a>\n\t\t<\/figure>\n\t\t<figure class='photonic-level-1 photonic-thumb'>\n\t\t\t<a href='https:\/\/www.kristensen-skjern.dk\/wp-content\/uploads\/2021\/10\/DSC3705.jpg' title='_DSC3705' rel='lightbox-photonic-wp-stream-1' class='photonic-lb photonic-baguettebox baguettebox' data-photonic-media-type=\"image\" data-content-type=\"image\" data-photonic-deep=\"gallery[photonic-wp-stream-1]\/719\/\" data-title=\"&lt;a href=&#039;https:\/\/www.kristensen-skjern.dk\/index.php\/daadyr\/_dsc3705\/&#039; &gt;_DSC3705&lt;\/a&gt;\" data-photonic-tooltip=\"_DSC3705\">\n\t\t\t\t<img alt='_DSC3705' class='mosaic' data-src='https:\/\/www.kristensen-skjern.dk\/wp-content\/uploads\/2021\/10\/DSC3705.jpg' loading='lazy' width='2048' height='1365' \/>\n\t\t\t<\/a>\n\t\t<\/figure>\n\t\t<figure class='photonic-level-1 photonic-thumb'>\n\t\t\t<a href='https:\/\/www.kristensen-skjern.dk\/wp-content\/uploads\/2021\/10\/DSC3782.jpg' title='_DSC3782' rel='lightbox-photonic-wp-stream-1' class='photonic-lb photonic-baguettebox baguettebox' data-photonic-media-type=\"image\" data-content-type=\"image\" data-photonic-deep=\"gallery[photonic-wp-stream-1]\/720\/\" data-title=\"&lt;a href=&#039;https:\/\/www.kristensen-skjern.dk\/index.php\/daadyr\/_dsc3782\/&#039; &gt;_DSC3782&lt;\/a&gt;\" data-photonic-tooltip=\"_DSC3782\">\n\t\t\t\t<img alt='_DSC3782' class='mosaic' data-src='https:\/\/www.kristensen-skjern.dk\/wp-content\/uploads\/2021\/10\/DSC3782.jpg' loading='lazy' width='2048' height='1365' \/>\n\t\t\t<\/a>\n\t\t<\/figure>\n\t\t<figure class='photonic-level-1 photonic-thumb'>\n\t\t\t<a href='https:\/\/www.kristensen-skjern.dk\/wp-content\/uploads\/2021\/10\/DSC3784.jpg' title='_DSC3784' rel='lightbox-photonic-wp-stream-1' class='photonic-lb photonic-baguettebox baguettebox' data-photonic-media-type=\"image\" data-content-type=\"image\" data-photonic-deep=\"gallery[photonic-wp-stream-1]\/721\/\" data-title=\"&lt;a href=&#039;https:\/\/www.kristensen-skjern.dk\/index.php\/daadyr\/_dsc3784\/&#039; &gt;_DSC3784&lt;\/a&gt;\" data-photonic-tooltip=\"_DSC3784\">\n\t\t\t\t<img alt='_DSC3784' class='mosaic' data-src='https:\/\/www.kristensen-skjern.dk\/wp-content\/uploads\/2021\/10\/DSC3784.jpg' loading='lazy' width='2048' height='1365' \/>\n\t\t\t<\/a>\n\t\t<\/figure>\n\t\t<figure class='photonic-level-1 photonic-thumb'>\n\t\t\t<a href='https:\/\/www.kristensen-skjern.dk\/wp-content\/uploads\/2021\/10\/DSC5456.jpg' title='_DSC5456' rel='lightbox-photonic-wp-stream-1' class='photonic-lb photonic-baguettebox baguettebox' data-photonic-media-type=\"image\" data-content-type=\"image\" data-photonic-deep=\"gallery[photonic-wp-stream-1]\/722\/\" data-title=\"&lt;a href=&#039;https:\/\/www.kristensen-skjern.dk\/index.php\/daadyr\/_dsc5456\/&#039; &gt;_DSC5456&lt;\/a&gt;\" data-photonic-tooltip=\"_DSC5456\">\n\t\t\t\t<img alt='_DSC5456' class='mosaic' data-src='https:\/\/www.kristensen-skjern.dk\/wp-content\/uploads\/2021\/10\/DSC5456.jpg' loading='lazy' width='2048' height='1365' \/>\n\t\t\t<\/a>\n\t\t<\/figure>\n\t\t<figure class='photonic-level-1 photonic-thumb'>\n\t\t\t<a href='https:\/\/www.kristensen-skjern.dk\/wp-content\/uploads\/2021\/10\/DSC5513.jpg' title='_DSC5513' rel='lightbox-photonic-wp-stream-1' class='photonic-lb photonic-baguettebox baguettebox' data-photonic-media-type=\"image\" data-content-type=\"image\" data-photonic-deep=\"gallery[photonic-wp-stream-1]\/723\/\" data-title=\"&lt;a href=&#039;https:\/\/www.kristensen-skjern.dk\/index.php\/daadyr\/_dsc5513\/&#039; &gt;_DSC5513&lt;\/a&gt;\" data-photonic-tooltip=\"_DSC5513\">\n\t\t\t\t<img alt='_DSC5513' class='mosaic' data-src='https:\/\/www.kristensen-skjern.dk\/wp-content\/uploads\/2021\/10\/DSC5513.jpg' loading='lazy' width='2048' height='1365' \/>\n\t\t\t<\/a>\n\t\t<\/figure>\n\n\t<\/div> <!-- .\/photonic-level-1-container -->\n\t<span id='photonic-wp-stream-1-container-end'><\/span>\n<\/div><!-- .photonic-stream or .photonic-panel -->\n","protected":false},"excerpt":{"rendered":"<p>D\u00e5dyr er en dr\u00f8vtygger, der tilh\u00f8rer hjortefamilien. D\u00e5dyret ligner p\u00e5 mange punkter kronhjorten, men det er mere n\u00f8jsomt og mindre sky. D\u00e5dyret er derfor nemt at t\u00e6mme og findes i mange dyreparker, hvor det er muligt at komme helt t\u00e6t p\u00e5 det<\/p>\n","protected":false},"author":1,"featured_media":0,"parent":0,"menu_order":0,"comment_status":"closed","ping_status":"closed","template":"","meta":{"ngg_post_thumbnail":0,"footnotes":""},"class_list":["post-673","page","type-page","status-publish","hentry"],"_links":{"self":[{"href":"https:\/\/www.kristensen-skjern.dk\/index.php\/wp-json\/wp\/v2\/pages\/673","targetHints":{"allow":["GET"]}}],"collection":[{"href":"https:\/\/www.kristensen-skjern.dk\/index.php\/wp-json\/wp\/v2\/pages"}],"about":[{"href":"https:\/\/www.kristensen-skjern.dk\/index.php\/wp-json\/wp\/v2\/types\/page"}],"author":[{"embeddable":true,"href":"https:\/\/www.kristensen-skjern.dk\/index.php\/wp-json\/wp\/v2\/users\/1"}],"replies":[{"embeddable":true,"href":"https:\/\/www.kristensen-skjern.dk\/index.php\/wp-json\/wp\/v2\/comments?post=673"}],"version-history":[{"count":3,"href":"https:\/\/www.kristensen-skjern.dk\/index.php\/wp-json\/wp\/v2\/pages\/673\/revisions"}],"predecessor-version":[{"id":724,"href":"https:\/\/www.kristensen-skjern.dk\/index.php\/wp-json\/wp\/v2\/pages\/673\/revisions\/724"}],"wp:attachment":[{"href":"https:\/\/www.kristensen-skjern.dk\/index.php\/wp-json\/wp\/v2\/media?parent=673"}],"curies":[{"name":"wp","href":"https:\/\/api.w.org\/{rel}","templated":true}]}}