{"id":748,"date":"2022-02-07T08:55:43","date_gmt":"2022-02-07T09:55:43","guid":{"rendered":"https:\/\/www.kristensen-skjern.dk\/?page_id=748"},"modified":"2023-10-07T16:32:52","modified_gmt":"2023-10-07T17:32:52","slug":"saeler-2","status":"publish","type":"page","link":"https:\/\/www.kristensen-skjern.dk\/index.php\/saeler-2\/","title":{"rendered":"S\u00e6ler"},"content":{"rendered":"\n<h4 class=\"wp-block-heading\" id=\"saeler-i-danmark-16-000-spaettede-saeler-og-ca-500-grasaeler-hvalros-en-sjaeldne-gaest-i-danmark\">S\u00e6ler i Danmark&nbsp;16.000 sp\u00e6ttede&nbsp;s\u00e6ler&nbsp;og ca. 500 gr\u00e5s\u00e6ler&nbsp;<br>Hvalros en sj\u00e6ldne g\u00e6st i Danmark<\/h4>\n\n\n\n<figure class=\"wp-block-gallery has-nested-images columns-default is-cropped wp-block-gallery-1 is-layout-flex wp-block-gallery-is-layout-flex\">\n<figure class=\"wp-block-image size-large\"><a href=\"https:\/\/www.kristensen-skjern.dk\/index.php\/saeler\/\"><img fetchpriority=\"high\" decoding=\"async\" width=\"2048\" height=\"1365\" data-id=\"402\" src=\"https:\/\/www.kristensen-skjern.dk\/wp-content\/uploads\/2021\/09\/DSC_2217.jpg\" alt=\"\" class=\"wp-image-402\" srcset=\"https:\/\/www.kristensen-skjern.dk\/wp-content\/uploads\/2021\/09\/DSC_2217.jpg 2048w, https:\/\/www.kristensen-skjern.dk\/wp-content\/uploads\/2021\/09\/DSC_2217-300x200.jpg 300w, https:\/\/www.kristensen-skjern.dk\/wp-content\/uploads\/2021\/09\/DSC_2217-1024x683.jpg 1024w, https:\/\/www.kristensen-skjern.dk\/wp-content\/uploads\/2021\/09\/DSC_2217-768x512.jpg 768w, https:\/\/www.kristensen-skjern.dk\/wp-content\/uploads\/2021\/09\/DSC_2217-1536x1024.jpg 1536w, https:\/\/www.kristensen-skjern.dk\/wp-content\/uploads\/2021\/09\/DSC_2217-1140x760.jpg 1140w\" sizes=\"(max-width: 2048px) 100vw, 2048px\" \/><\/a><\/figure>\n\n\n\n<figure class=\"wp-block-image size-large\"><a href=\"https:\/\/www.kristensen-skjern.dk\/index.php\/hvalros\/\"><img decoding=\"async\" width=\"2048\" height=\"1365\" data-id=\"729\" src=\"https:\/\/www.kristensen-skjern.dk\/wp-content\/uploads\/2022\/02\/DSC2722.jpg\" alt=\"\" class=\"wp-image-729\" srcset=\"https:\/\/www.kristensen-skjern.dk\/wp-content\/uploads\/2022\/02\/DSC2722.jpg 2048w, https:\/\/www.kristensen-skjern.dk\/wp-content\/uploads\/2022\/02\/DSC2722-300x200.jpg 300w, https:\/\/www.kristensen-skjern.dk\/wp-content\/uploads\/2022\/02\/DSC2722-1024x683.jpg 1024w, https:\/\/www.kristensen-skjern.dk\/wp-content\/uploads\/2022\/02\/DSC2722-768x512.jpg 768w, https:\/\/www.kristensen-skjern.dk\/wp-content\/uploads\/2022\/02\/DSC2722-1536x1024.jpg 1536w, https:\/\/www.kristensen-skjern.dk\/wp-content\/uploads\/2022\/02\/DSC2722-1140x760.jpg 1140w\" sizes=\"(max-width: 2048px) 100vw, 2048px\" \/><\/a><\/figure>\n<\/figure>\n","protected":false},"excerpt":{"rendered":"<p>S\u00e6ler i Danmark&nbsp;16.000 sp\u00e6ttede&nbsp;s\u00e6ler&nbsp;og ca. 500 gr\u00e5s\u00e6ler&nbsp;Hvalros en sj\u00e6ldne g\u00e6st i Danmark<\/p>\n","protected":false},"author":1,"featured_media":0,"parent":0,"menu_order":0,"comment_status":"closed","ping_status":"closed","template":"","meta":{"ngg_post_thumbnail":0,"footnotes":""},"class_list":["post-748","page","type-page","status-publish","hentry"],"_links":{"self":[{"href":"https:\/\/www.kristensen-skjern.dk\/index.php\/wp-json\/wp\/v2\/pages\/748","targetHints":{"allow":["GET"]}}],"collection":[{"href":"https:\/\/www.kristensen-skjern.dk\/index.php\/wp-json\/wp\/v2\/pages"}],"about":[{"href":"https:\/\/www.kristensen-skjern.dk\/index.php\/wp-json\/wp\/v2\/types\/page"}],"author":[{"embeddable":true,"href":"https:\/\/www.kristensen-skjern.dk\/index.php\/wp-json\/wp\/v2\/users\/1"}],"replies":[{"embeddable":true,"href":"https:\/\/www.kristensen-skjern.dk\/index.php\/wp-json\/wp\/v2\/comments?post=748"}],"version-history":[{"count":5,"href":"https:\/\/www.kristensen-skjern.dk\/index.php\/wp-json\/wp\/v2\/pages\/748\/revisions"}],"predecessor-version":[{"id":1487,"href":"https:\/\/www.kristensen-skjern.dk\/index.php\/wp-json\/wp\/v2\/pages\/748\/revisions\/1487"}],"wp:attachment":[{"href":"https:\/\/www.kristensen-skjern.dk\/index.php\/wp-json\/wp\/v2\/media?parent=748"}],"curies":[{"name":"wp","href":"https:\/\/api.w.org\/{rel}","templated":true}]}}