{"id":755,"date":"2022-02-07T09:24:18","date_gmt":"2022-02-07T10:24:18","guid":{"rendered":"https:\/\/www.kristensen-skjern.dk\/?page_id=755"},"modified":"2022-02-07T09:35:11","modified_gmt":"2022-02-07T10:35:11","slug":"spurvefugle","status":"publish","type":"page","link":"https:\/\/www.kristensen-skjern.dk\/index.php\/spurvefugle\/","title":{"rendered":"Spurvefugle"},"content":{"rendered":"\n<h5 class=\"wp-block-heading\" id=\"spurvefugle-latin-passeriformes-er-den-storste-orden-inden-for-fuglene-med-mere-end-6000-forskellige-arter-til-spurvefuglene-horer-eksempelvis-sangere-kragefugle-laerker-og-svaler-de-varierer-i-storrelse-fra-4-5-gram-hos-fuglekongen-til-omkring-1000-gram-hos-ravnen-spurvefuglene-findes-pa-alle-kontinenter-hovedparten-af-arterne-lever-i-skove-og-krat-eksempelvis-er-44-procent-af-ynglefuglene-i-danmark-spurvefugle-men-i-skovene-dominerer-de-med-69-af-alle-arter\">Spurvefugle&nbsp;(latin:&nbsp;<em>Passeriformes<\/em>) er den st\u00f8rste&nbsp;orden&nbsp;inden for&nbsp;fuglene&nbsp;med mere end 6000 forskellige&nbsp;arter.<br><br>Til spurvefuglene h\u00f8rer eksempelvis&nbsp;sangere,&nbsp;kragefugle,&nbsp;l\u00e6rker&nbsp;og&nbsp;svaler. De varierer i st\u00f8rrelse fra 4-5 gram hos&nbsp;fuglekongen&nbsp;til omkring 1000 gram hos&nbsp;ravnen. Spurvefuglene findes p\u00e5 alle&nbsp;kontinenter. Hovedparten af arterne lever i&nbsp;skove&nbsp;og&nbsp;krat. Eksempelvis er 44 procent af&nbsp;ynglefuglene&nbsp;i&nbsp;Danmark&nbsp;spurvefugle, men i skovene dominerer de med 69&nbsp;% af alle arter.<\/h5>\n\n\n\n<figure class=\"wp-block-gallery has-nested-images columns-default is-cropped wp-block-gallery-1 is-layout-flex wp-block-gallery-is-layout-flex\">\n<figure class=\"wp-block-image size-large\"><img fetchpriority=\"high\" decoding=\"async\" width=\"1024\" height=\"683\" data-id=\"763\" src=\"https:\/\/www.kristensen-skjern.dk\/wp-content\/uploads\/2022\/02\/DSC_4714-1024x683.jpg\" alt=\"\" class=\"wp-image-763\" srcset=\"https:\/\/www.kristensen-skjern.dk\/wp-content\/uploads\/2022\/02\/DSC_4714-1024x683.jpg 1024w, https:\/\/www.kristensen-skjern.dk\/wp-content\/uploads\/2022\/02\/DSC_4714-300x200.jpg 300w, https:\/\/www.kristensen-skjern.dk\/wp-content\/uploads\/2022\/02\/DSC_4714-768x512.jpg 768w, https:\/\/www.kristensen-skjern.dk\/wp-content\/uploads\/2022\/02\/DSC_4714-1536x1025.jpg 1536w, https:\/\/www.kristensen-skjern.dk\/wp-content\/uploads\/2022\/02\/DSC_4714-1140x760.jpg 1140w, https:\/\/www.kristensen-skjern.dk\/wp-content\/uploads\/2022\/02\/DSC_4714.jpg 2048w\" sizes=\"(max-width: 1024px) 100vw, 1024px\" \/><\/figure>\n\n\n\n<figure class=\"wp-block-image size-large\"><img decoding=\"async\" width=\"1024\" height=\"683\" data-id=\"764\" src=\"https:\/\/www.kristensen-skjern.dk\/wp-content\/uploads\/2022\/02\/DSC_0554-1024x683.jpg\" alt=\"\" class=\"wp-image-764\" srcset=\"https:\/\/www.kristensen-skjern.dk\/wp-content\/uploads\/2022\/02\/DSC_0554-1024x683.jpg 1024w, https:\/\/www.kristensen-skjern.dk\/wp-content\/uploads\/2022\/02\/DSC_0554-300x200.jpg 300w, https:\/\/www.kristensen-skjern.dk\/wp-content\/uploads\/2022\/02\/DSC_0554-768x512.jpg 768w, https:\/\/www.kristensen-skjern.dk\/wp-content\/uploads\/2022\/02\/DSC_0554-1536x1024.jpg 1536w, https:\/\/www.kristensen-skjern.dk\/wp-content\/uploads\/2022\/02\/DSC_0554-1140x760.jpg 1140w, https:\/\/www.kristensen-skjern.dk\/wp-content\/uploads\/2022\/02\/DSC_0554.jpg 2048w\" sizes=\"(max-width: 1024px) 100vw, 1024px\" \/><\/figure>\n\n\n\n<figure class=\"wp-block-image size-large\"><img decoding=\"async\" width=\"1024\" height=\"683\" data-id=\"765\" src=\"https:\/\/www.kristensen-skjern.dk\/wp-content\/uploads\/2022\/02\/DSC_0416-1024x683.jpg\" alt=\"\" class=\"wp-image-765\" srcset=\"https:\/\/www.kristensen-skjern.dk\/wp-content\/uploads\/2022\/02\/DSC_0416-1024x683.jpg 1024w, https:\/\/www.kristensen-skjern.dk\/wp-content\/uploads\/2022\/02\/DSC_0416-300x200.jpg 300w, https:\/\/www.kristensen-skjern.dk\/wp-content\/uploads\/2022\/02\/DSC_0416-768x512.jpg 768w, https:\/\/www.kristensen-skjern.dk\/wp-content\/uploads\/2022\/02\/DSC_0416-1536x1024.jpg 1536w, https:\/\/www.kristensen-skjern.dk\/wp-content\/uploads\/2022\/02\/DSC_0416-1140x760.jpg 1140w, https:\/\/www.kristensen-skjern.dk\/wp-content\/uploads\/2022\/02\/DSC_0416.jpg 2048w\" sizes=\"(max-width: 1024px) 100vw, 1024px\" \/><\/figure>\n\n\n\n<figure class=\"wp-block-image size-large\"><img loading=\"lazy\" decoding=\"async\" width=\"1024\" height=\"683\" data-id=\"766\" src=\"https:\/\/www.kristensen-skjern.dk\/wp-content\/uploads\/2022\/02\/DSC_0425--1024x683.jpg\" alt=\"\" class=\"wp-image-766\" srcset=\"https:\/\/www.kristensen-skjern.dk\/wp-content\/uploads\/2022\/02\/DSC_0425--1024x683.jpg 1024w, https:\/\/www.kristensen-skjern.dk\/wp-content\/uploads\/2022\/02\/DSC_0425--300x200.jpg 300w, https:\/\/www.kristensen-skjern.dk\/wp-content\/uploads\/2022\/02\/DSC_0425--768x512.jpg 768w, https:\/\/www.kristensen-skjern.dk\/wp-content\/uploads\/2022\/02\/DSC_0425--1536x1025.jpg 1536w, https:\/\/www.kristensen-skjern.dk\/wp-content\/uploads\/2022\/02\/DSC_0425--1140x760.jpg 1140w, https:\/\/www.kristensen-skjern.dk\/wp-content\/uploads\/2022\/02\/DSC_0425-.jpg 2048w\" sizes=\"(max-width: 1024px) 100vw, 1024px\" \/><\/figure>\n\n\n\n<figure class=\"wp-block-image size-large\"><img loading=\"lazy\" decoding=\"async\" width=\"1024\" height=\"683\" data-id=\"768\" src=\"https:\/\/www.kristensen-skjern.dk\/wp-content\/uploads\/2022\/02\/DSC2374-1-1024x683.jpg\" alt=\"\" class=\"wp-image-768\" srcset=\"https:\/\/www.kristensen-skjern.dk\/wp-content\/uploads\/2022\/02\/DSC2374-1-1024x683.jpg 1024w, https:\/\/www.kristensen-skjern.dk\/wp-content\/uploads\/2022\/02\/DSC2374-1-300x200.jpg 300w, https:\/\/www.kristensen-skjern.dk\/wp-content\/uploads\/2022\/02\/DSC2374-1-768x512.jpg 768w, https:\/\/www.kristensen-skjern.dk\/wp-content\/uploads\/2022\/02\/DSC2374-1-1536x1025.jpg 1536w, https:\/\/www.kristensen-skjern.dk\/wp-content\/uploads\/2022\/02\/DSC2374-1-1140x760.jpg 1140w, https:\/\/www.kristensen-skjern.dk\/wp-content\/uploads\/2022\/02\/DSC2374-1.jpg 2048w\" sizes=\"(max-width: 1024px) 100vw, 1024px\" \/><\/figure>\n<\/figure>\n","protected":false},"excerpt":{"rendered":"<p>Spurvefugle&nbsp;(latin:&nbsp;Passeriformes) er den st\u00f8rste&nbsp;orden&nbsp;inden for&nbsp;fuglene&nbsp;med mere end 6000 forskellige&nbsp;arter. Til spurvefuglene h\u00f8rer eksempelvis&nbsp;sangere,&nbsp;kragefugle,&nbsp;l\u00e6rker&nbsp;og&nbsp;svaler. De varierer i st\u00f8rrelse fra 4-5 gram hos&nbsp;fuglekongen&nbsp;til omkring 1000 gram hos&nbsp;ravnen. Spurvefuglene findes p\u00e5 alle&nbsp;kontinenter. Hovedparten af arterne lever i&nbsp;skove&nbsp;og&nbsp;krat. Eksempelvis er 44 procent af&nbsp;ynglefuglene&nbsp;i&nbsp;Danmark&nbsp;spurvefugle, men i skovene dominerer de med 69&nbsp;% af alle arter.<\/p>\n","protected":false},"author":1,"featured_media":0,"parent":0,"menu_order":0,"comment_status":"closed","ping_status":"closed","template":"","meta":{"ngg_post_thumbnail":0,"footnotes":""},"class_list":["post-755","page","type-page","status-publish","hentry"],"_links":{"self":[{"href":"https:\/\/www.kristensen-skjern.dk\/index.php\/wp-json\/wp\/v2\/pages\/755","targetHints":{"allow":["GET"]}}],"collection":[{"href":"https:\/\/www.kristensen-skjern.dk\/index.php\/wp-json\/wp\/v2\/pages"}],"about":[{"href":"https:\/\/www.kristensen-skjern.dk\/index.php\/wp-json\/wp\/v2\/types\/page"}],"author":[{"embeddable":true,"href":"https:\/\/www.kristensen-skjern.dk\/index.php\/wp-json\/wp\/v2\/users\/1"}],"replies":[{"embeddable":true,"href":"https:\/\/www.kristensen-skjern.dk\/index.php\/wp-json\/wp\/v2\/comments?post=755"}],"version-history":[{"count":4,"href":"https:\/\/www.kristensen-skjern.dk\/index.php\/wp-json\/wp\/v2\/pages\/755\/revisions"}],"predecessor-version":[{"id":769,"href":"https:\/\/www.kristensen-skjern.dk\/index.php\/wp-json\/wp\/v2\/pages\/755\/revisions\/769"}],"wp:attachment":[{"href":"https:\/\/www.kristensen-skjern.dk\/index.php\/wp-json\/wp\/v2\/media?parent=755"}],"curies":[{"name":"wp","href":"https:\/\/api.w.org\/{rel}","templated":true}]}}