{"id":783,"date":"2022-02-07T14:17:04","date_gmt":"2022-02-07T15:17:04","guid":{"rendered":"https:\/\/www.kristensen-skjern.dk\/?page_id=783"},"modified":"2023-10-29T20:54:51","modified_gmt":"2023-10-29T21:54:51","slug":"ryler","status":"publish","type":"page","link":"https:\/\/www.kristensen-skjern.dk\/index.php\/ryler\/","title":{"rendered":"Sneppefugle"},"content":{"rendered":"\n<h4 class=\"wp-block-heading\" id=\"slaegten-omfatter-19-arter-i-verden-heraf-er-14-truffet-i-danmark-kun-alm-ryle-er-ynglefugl-mens-islandsk-ryle-sandlober-dvaergryle-temmincksryle-krumnaebbet-ryle-og-sortgra-ryle-er-mere-eller-mindre-almindelige-traekgaester\">Sl\u00e6gten omfatter 19 arter i verden . Heraf er 14 truffet i Danmark. Kun alm. ryle er ynglefugl, mens islandsk ryle, sandl\u00f8ber, dv\u00e6rgryle, temmincksryle, krumn\u00e6bbet ryle og sortgr\u00e5 ryle er mere eller mindre almindelige tr\u00e6kg\u00e6ster<\/h4>\n\n\n\n<figure class=\"wp-block-gallery has-nested-images columns-default is-cropped wp-block-gallery-1 is-layout-flex wp-block-gallery-is-layout-flex\">\n<figure class=\"wp-block-image size-large\"><a href=\"https:\/\/www.kristensen-skjern.dk\/index.php\/almindelig-ryle\/\"><img fetchpriority=\"high\" decoding=\"async\" width=\"2048\" height=\"1365\" data-id=\"443\" src=\"https:\/\/www.kristensen-skjern.dk\/wp-content\/uploads\/2021\/09\/DSC7723.jpg\" alt=\"\" class=\"wp-image-443\" srcset=\"https:\/\/www.kristensen-skjern.dk\/wp-content\/uploads\/2021\/09\/DSC7723.jpg 2048w, https:\/\/www.kristensen-skjern.dk\/wp-content\/uploads\/2021\/09\/DSC7723-300x200.jpg 300w, https:\/\/www.kristensen-skjern.dk\/wp-content\/uploads\/2021\/09\/DSC7723-1024x683.jpg 1024w, https:\/\/www.kristensen-skjern.dk\/wp-content\/uploads\/2021\/09\/DSC7723-768x512.jpg 768w, https:\/\/www.kristensen-skjern.dk\/wp-content\/uploads\/2021\/09\/DSC7723-1536x1024.jpg 1536w, https:\/\/www.kristensen-skjern.dk\/wp-content\/uploads\/2021\/09\/DSC7723-1140x760.jpg 1140w\" sizes=\"(max-width: 2048px) 100vw, 2048px\" \/><\/a><\/figure>\n\n\n\n<figure class=\"wp-block-image size-large\"><a href=\"https:\/\/www.kristensen-skjern.dk\/index.php\/sandloeber\/\"><img decoding=\"async\" width=\"1024\" height=\"683\" data-id=\"784\" src=\"https:\/\/www.kristensen-skjern.dk\/wp-content\/uploads\/2022\/02\/DSC1965-1024x683.jpg\" alt=\"\" class=\"wp-image-784\" srcset=\"https:\/\/www.kristensen-skjern.dk\/wp-content\/uploads\/2022\/02\/DSC1965-1024x683.jpg 1024w, https:\/\/www.kristensen-skjern.dk\/wp-content\/uploads\/2022\/02\/DSC1965-300x200.jpg 300w, https:\/\/www.kristensen-skjern.dk\/wp-content\/uploads\/2022\/02\/DSC1965-768x512.jpg 768w, https:\/\/www.kristensen-skjern.dk\/wp-content\/uploads\/2022\/02\/DSC1965-1536x1024.jpg 1536w, https:\/\/www.kristensen-skjern.dk\/wp-content\/uploads\/2022\/02\/DSC1965-1140x760.jpg 1140w, https:\/\/www.kristensen-skjern.dk\/wp-content\/uploads\/2022\/02\/DSC1965.jpg 2048w\" sizes=\"(max-width: 1024px) 100vw, 1024px\" \/><\/a><\/figure>\n<\/figure>\n\n\n\n<p><\/p>\n","protected":false},"excerpt":{"rendered":"<p>Sl\u00e6gten omfatter 19 arter i verden . Heraf er 14 truffet i Danmark. Kun alm. ryle er ynglefugl, mens islandsk ryle, sandl\u00f8ber, dv\u00e6rgryle, temmincksryle, krumn\u00e6bbet ryle og sortgr\u00e5 ryle er mere eller mindre almindelige tr\u00e6kg\u00e6ster<\/p>\n","protected":false},"author":1,"featured_media":0,"parent":0,"menu_order":0,"comment_status":"closed","ping_status":"closed","template":"","meta":{"ngg_post_thumbnail":0,"footnotes":""},"class_list":["post-783","page","type-page","status-publish","hentry"],"_links":{"self":[{"href":"https:\/\/www.kristensen-skjern.dk\/index.php\/wp-json\/wp\/v2\/pages\/783","targetHints":{"allow":["GET"]}}],"collection":[{"href":"https:\/\/www.kristensen-skjern.dk\/index.php\/wp-json\/wp\/v2\/pages"}],"about":[{"href":"https:\/\/www.kristensen-skjern.dk\/index.php\/wp-json\/wp\/v2\/types\/page"}],"author":[{"embeddable":true,"href":"https:\/\/www.kristensen-skjern.dk\/index.php\/wp-json\/wp\/v2\/users\/1"}],"replies":[{"embeddable":true,"href":"https:\/\/www.kristensen-skjern.dk\/index.php\/wp-json\/wp\/v2\/comments?post=783"}],"version-history":[{"count":4,"href":"https:\/\/www.kristensen-skjern.dk\/index.php\/wp-json\/wp\/v2\/pages\/783\/revisions"}],"predecessor-version":[{"id":1746,"href":"https:\/\/www.kristensen-skjern.dk\/index.php\/wp-json\/wp\/v2\/pages\/783\/revisions\/1746"}],"wp:attachment":[{"href":"https:\/\/www.kristensen-skjern.dk\/index.php\/wp-json\/wp\/v2\/media?parent=783"}],"curies":[{"name":"wp","href":"https:\/\/api.w.org\/{rel}","templated":true}]}}