{"id":817,"date":"2022-02-11T14:51:03","date_gmt":"2022-02-11T15:51:03","guid":{"rendered":"https:\/\/www.kristensen-skjern.dk\/?page_id=817"},"modified":"2022-02-21T14:56:15","modified_gmt":"2022-02-21T15:56:15","slug":"egern","status":"publish","type":"page","link":"https:\/\/www.kristensen-skjern.dk\/index.php\/egern\/","title":{"rendered":"Egern"},"content":{"rendered":"\n<h5 class=\"wp-block-heading\" id=\"egern-ogsa-kaldet-europaeisk-egern-eller-almindeligt-egern-er-en-gnaver-i-egernfamilien-med-en-kropslaengde-pa-omkring-22-centimeter-den-store-hale-maler-17-centimeter-det-er-almindeligt-forekommende-i-danmark-bade-i-en-rod-brun-og-sort-farvevariant-vaegt-330-g-voksen\">Egern, ogs\u00e5 kaldet europ\u00e6isk egern eller almindeligt egern, er en gnaver i egernfamilien med en kropsl\u00e6ngde p\u00e5 omkring 22 centimeter. Den store hale m\u00e5ler 17 centimeter. Det er almindeligt forekommende i Danmark, b\u00e5de i en r\u00f8d, brun og sort farvevariant.&nbsp;<br>V\u00e6gt:&nbsp;330&nbsp;g (Voksen)<\/h5>\n\n\n<div class='photonic-wp-stream photonic-stream ' id='photonic-wp-stream-1'>\n\n\t<div id='photonic-wp-stream-1-container' class='title-display-tooltip photonic-level-1-container sizes-present photonic-mosaic-layout photonic-thumbnail-effect-zoom' data-photonic-platform=\"wp\" data-photonic-gallery-columns=\"auto\" data-photonic-query=\"order=ASC&amp;orderby=post__in&amp;id=817&amp;itemtag=figure&amp;icontag=div&amp;captiontag=figcaption&amp;size=thumbnail&amp;include=818,819,820&amp;exclude=&amp;link=&amp;offset=0&amp;layout=mosaic&amp;custom_classes=&amp;alignment=&amp;caption=title&amp;page=1&amp;count=-1&amp;thumb_size=thumbnail&amp;slide_size=large&amp;type=default&amp;style=mosaic&amp;display=local&amp;ids=818,819,820&amp;main_size=full&amp;tile_size=full&amp;show_gallery=Egern&amp;columns=auto\">\n\t\t<figure class='photonic-level-1 photonic-thumb'>\n\t\t\t<a href='https:\/\/www.kristensen-skjern.dk\/wp-content\/uploads\/2022\/02\/DSC_8058A-scaled.jpg' title='DSC_8058A' rel='lightbox-photonic-wp-stream-1' class='photonic-lb photonic-baguettebox baguettebox' data-photonic-media-type=\"image\" data-content-type=\"image\" data-photonic-deep=\"gallery[photonic-wp-stream-1]\/818\/\" data-title=\"&lt;a href=&#039;https:\/\/www.kristensen-skjern.dk\/index.php\/egern\/dsc_8058a\/&#039; &gt;DSC_8058A&lt;\/a&gt;\" data-photonic-tooltip=\"DSC_8058A\">\n\t\t\t\t<img alt='Egern' class='mosaic' data-src='https:\/\/www.kristensen-skjern.dk\/wp-content\/uploads\/2022\/02\/DSC_8058A-scaled.jpg' loading='lazy' width='2560' height='1706' \/>\n\t\t\t<\/a>\n\t\t<\/figure>\n\t\t<figure class='photonic-level-1 photonic-thumb'>\n\t\t\t<a href='https:\/\/www.kristensen-skjern.dk\/wp-content\/uploads\/2022\/02\/DSC_8074.jpg' title='DSC_8074' rel='lightbox-photonic-wp-stream-1' class='photonic-lb photonic-baguettebox baguettebox' data-photonic-media-type=\"image\" data-content-type=\"image\" data-photonic-deep=\"gallery[photonic-wp-stream-1]\/819\/\" data-title=\"&lt;a href=&#039;https:\/\/www.kristensen-skjern.dk\/index.php\/egern\/dsc_8074\/&#039; &gt;DSC_8074&lt;\/a&gt;\" data-photonic-tooltip=\"DSC_8074\">\n\t\t\t\t<img alt='DSC_8074' class='mosaic' data-src='https:\/\/www.kristensen-skjern.dk\/wp-content\/uploads\/2022\/02\/DSC_8074.jpg' loading='lazy' width='2048' height='1365' \/>\n\t\t\t<\/a>\n\t\t<\/figure>\n\t\t<figure class='photonic-level-1 photonic-thumb'>\n\t\t\t<a href='https:\/\/www.kristensen-skjern.dk\/wp-content\/uploads\/2022\/02\/DSC_8053.jpg' title='DSC_8053' rel='lightbox-photonic-wp-stream-1' class='photonic-lb photonic-baguettebox baguettebox' data-photonic-media-type=\"image\" data-content-type=\"image\" data-photonic-deep=\"gallery[photonic-wp-stream-1]\/820\/\" data-title=\"&lt;a href=&#039;https:\/\/www.kristensen-skjern.dk\/index.php\/egern\/dsc_8053\/&#039; &gt;DSC_8053&lt;\/a&gt;\" data-photonic-tooltip=\"DSC_8053\">\n\t\t\t\t<img alt='DSC_8053' class='mosaic' data-src='https:\/\/www.kristensen-skjern.dk\/wp-content\/uploads\/2022\/02\/DSC_8053.jpg' loading='lazy' width='2048' height='1365' \/>\n\t\t\t<\/a>\n\t\t<\/figure>\n\n\t<\/div> <!-- .\/photonic-level-1-container -->\n\t<span id='photonic-wp-stream-1-container-end'><\/span>\n<\/div><!-- .photonic-stream or .photonic-panel -->\n","protected":false},"excerpt":{"rendered":"<p>Egern, ogs\u00e5 kaldet europ\u00e6isk egern eller almindeligt egern, er en gnaver i egernfamilien med en kropsl\u00e6ngde p\u00e5 omkring 22 centimeter. Den store hale m\u00e5ler 17 centimeter. Det er almindeligt forekommende i Danmark, b\u00e5de i en r\u00f8d, brun og sort farvevariant.&nbsp;V\u00e6gt:&nbsp;330&nbsp;g (Voksen)<\/p>\n","protected":false},"author":1,"featured_media":0,"parent":0,"menu_order":0,"comment_status":"closed","ping_status":"closed","template":"","meta":{"ngg_post_thumbnail":0,"footnotes":""},"class_list":["post-817","page","type-page","status-publish","hentry"],"_links":{"self":[{"href":"https:\/\/www.kristensen-skjern.dk\/index.php\/wp-json\/wp\/v2\/pages\/817","targetHints":{"allow":["GET"]}}],"collection":[{"href":"https:\/\/www.kristensen-skjern.dk\/index.php\/wp-json\/wp\/v2\/pages"}],"about":[{"href":"https:\/\/www.kristensen-skjern.dk\/index.php\/wp-json\/wp\/v2\/types\/page"}],"author":[{"embeddable":true,"href":"https:\/\/www.kristensen-skjern.dk\/index.php\/wp-json\/wp\/v2\/users\/1"}],"replies":[{"embeddable":true,"href":"https:\/\/www.kristensen-skjern.dk\/index.php\/wp-json\/wp\/v2\/comments?post=817"}],"version-history":[{"count":3,"href":"https:\/\/www.kristensen-skjern.dk\/index.php\/wp-json\/wp\/v2\/pages\/817\/revisions"}],"predecessor-version":[{"id":1092,"href":"https:\/\/www.kristensen-skjern.dk\/index.php\/wp-json\/wp\/v2\/pages\/817\/revisions\/1092"}],"wp:attachment":[{"href":"https:\/\/www.kristensen-skjern.dk\/index.php\/wp-json\/wp\/v2\/media?parent=817"}],"curies":[{"name":"wp","href":"https:\/\/api.w.org\/{rel}","templated":true}]}}