{"id":852,"date":"2022-02-12T15:20:51","date_gmt":"2022-02-12T16:20:51","guid":{"rendered":"https:\/\/www.kristensen-skjern.dk\/?page_id=852"},"modified":"2022-02-12T15:20:51","modified_gmt":"2022-02-12T16:20:51","slug":"fiskehejre","status":"publish","type":"page","link":"https:\/\/www.kristensen-skjern.dk\/index.php\/fiskehejre\/","title":{"rendered":"Fiskehejre"},"content":{"rendered":"\n<h4 class=\"wp-block-heading\" id=\"fiskehejren-er-en-fugl-der-er-udbredt-i-europa-asien-og-store-dele-af-afrika-syd-for-sahara-den-lever-af-smafisk-froer-og-krebsdyr-som-den-fanger-pa-lavt-vand-i-soer-og-moser-og-ved-havet-langs-kysterne-vingefang-1-6-2-mvaegt-1-2-1-kg\">Fiskehejren er en fugl, der er udbredt i Europa, Asien og store dele af Afrika syd for Sahara. Den lever af sm\u00e5fisk, fr\u00f8er og krebsdyr, som den fanger p\u00e5 lavt vand i s\u00f8er og moser og ved havet langs kysterne.<br>Vingefang:\u00a01,6 \u2013 2\u00a0m<br>V\u00e6gt:\u00a01 \u2013 2,1\u00a0kg<\/h4>\n\n\n<div class='photonic-wp-stream photonic-stream ' id='photonic-wp-stream-1'>\n\n\t<div id='photonic-wp-stream-1-container' class='title-display-tooltip photonic-level-1-container sizes-present photonic-mosaic-layout photonic-thumbnail-effect-zoom' data-photonic-platform=\"wp\" data-photonic-gallery-columns=\"auto\" data-photonic-query=\"order=ASC&amp;orderby=post__in&amp;id=852&amp;itemtag=figure&amp;icontag=div&amp;captiontag=figcaption&amp;size=thumbnail&amp;include=853,854,855,856,857&amp;exclude=&amp;link=&amp;offset=0&amp;layout=mosaic&amp;custom_classes=&amp;alignment=&amp;caption=title&amp;page=1&amp;count=-1&amp;thumb_size=thumbnail&amp;slide_size=large&amp;type=default&amp;style=mosaic&amp;display=local&amp;ids=853,854,855,856,857&amp;main_size=full&amp;tile_size=full&amp;show_gallery=Fiskehejre&amp;columns=auto\">\n\t\t<figure class='photonic-level-1 photonic-thumb'>\n\t\t\t<a href='https:\/\/www.kristensen-skjern.dk\/wp-content\/uploads\/2022\/02\/DSC6188.jpg' title='_DSC6188' rel='lightbox-photonic-wp-stream-1' class='photonic-lb photonic-baguettebox baguettebox' data-photonic-media-type=\"image\" data-content-type=\"image\" data-photonic-deep=\"gallery[photonic-wp-stream-1]\/853\/\" data-title=\"&lt;a href=&#039;https:\/\/www.kristensen-skjern.dk\/index.php\/fiskehejre\/_dsc6188\/&#039; &gt;_DSC6188&lt;\/a&gt;\" data-photonic-tooltip=\"_DSC6188\">\n\t\t\t\t<img alt='_DSC6188' class='mosaic' data-src='https:\/\/www.kristensen-skjern.dk\/wp-content\/uploads\/2022\/02\/DSC6188.jpg' loading='lazy' width='2048' height='1365' \/>\n\t\t\t<\/a>\n\t\t<\/figure>\n\t\t<figure class='photonic-level-1 photonic-thumb'>\n\t\t\t<a href='https:\/\/www.kristensen-skjern.dk\/wp-content\/uploads\/2022\/02\/DSC6209.jpg' title='_DSC6209' rel='lightbox-photonic-wp-stream-1' class='photonic-lb photonic-baguettebox baguettebox' data-photonic-media-type=\"image\" data-content-type=\"image\" data-photonic-deep=\"gallery[photonic-wp-stream-1]\/854\/\" data-title=\"&lt;a href=&#039;https:\/\/www.kristensen-skjern.dk\/index.php\/fiskehejre\/_dsc6209\/&#039; &gt;_DSC6209&lt;\/a&gt;\" data-photonic-tooltip=\"_DSC6209\">\n\t\t\t\t<img alt='_DSC6209' class='mosaic' data-src='https:\/\/www.kristensen-skjern.dk\/wp-content\/uploads\/2022\/02\/DSC6209.jpg' loading='lazy' width='2048' height='1365' \/>\n\t\t\t<\/a>\n\t\t<\/figure>\n\t\t<figure class='photonic-level-1 photonic-thumb'>\n\t\t\t<a href='https:\/\/www.kristensen-skjern.dk\/wp-content\/uploads\/2022\/02\/DSC6211.jpg' title='_DSC6211' rel='lightbox-photonic-wp-stream-1' class='photonic-lb photonic-baguettebox baguettebox' data-photonic-media-type=\"image\" data-content-type=\"image\" data-photonic-deep=\"gallery[photonic-wp-stream-1]\/855\/\" data-title=\"&lt;a href=&#039;https:\/\/www.kristensen-skjern.dk\/index.php\/fiskehejre\/_dsc6211\/&#039; &gt;_DSC6211&lt;\/a&gt;\" data-photonic-tooltip=\"_DSC6211\">\n\t\t\t\t<img alt='_DSC6211' class='mosaic' data-src='https:\/\/www.kristensen-skjern.dk\/wp-content\/uploads\/2022\/02\/DSC6211.jpg' loading='lazy' width='2048' height='1365' \/>\n\t\t\t<\/a>\n\t\t<\/figure>\n\t\t<figure class='photonic-level-1 photonic-thumb'>\n\t\t\t<a href='https:\/\/www.kristensen-skjern.dk\/wp-content\/uploads\/2022\/02\/DSC6213.jpg' title='_DSC6213' rel='lightbox-photonic-wp-stream-1' class='photonic-lb photonic-baguettebox baguettebox' data-photonic-media-type=\"image\" data-content-type=\"image\" data-photonic-deep=\"gallery[photonic-wp-stream-1]\/856\/\" data-title=\"&lt;a href=&#039;https:\/\/www.kristensen-skjern.dk\/index.php\/fiskehejre\/_dsc6213\/&#039; &gt;_DSC6213&lt;\/a&gt;\" data-photonic-tooltip=\"_DSC6213\">\n\t\t\t\t<img alt='_DSC6213' class='mosaic' data-src='https:\/\/www.kristensen-skjern.dk\/wp-content\/uploads\/2022\/02\/DSC6213.jpg' loading='lazy' width='2048' height='1365' \/>\n\t\t\t<\/a>\n\t\t<\/figure>\n\t\t<figure class='photonic-level-1 photonic-thumb'>\n\t\t\t<a href='https:\/\/www.kristensen-skjern.dk\/wp-content\/uploads\/2022\/02\/DSC4359.jpg' title='_DSC4359' rel='lightbox-photonic-wp-stream-1' class='photonic-lb photonic-baguettebox baguettebox' data-photonic-media-type=\"image\" data-content-type=\"image\" data-photonic-deep=\"gallery[photonic-wp-stream-1]\/857\/\" data-title=\"&lt;a href=&#039;https:\/\/www.kristensen-skjern.dk\/index.php\/fiskehejre\/_dsc4359\/&#039; &gt;_DSC4359&lt;\/a&gt;\" data-photonic-tooltip=\"_DSC4359\">\n\t\t\t\t<img alt='_DSC4359' class='mosaic' data-src='https:\/\/www.kristensen-skjern.dk\/wp-content\/uploads\/2022\/02\/DSC4359.jpg' loading='lazy' width='2048' height='1365' \/>\n\t\t\t<\/a>\n\t\t<\/figure>\n\n\t<\/div> <!-- .\/photonic-level-1-container -->\n\t<span id='photonic-wp-stream-1-container-end'><\/span>\n<\/div><!-- .photonic-stream or .photonic-panel -->\n","protected":false},"excerpt":{"rendered":"<p>Fiskehejren er en fugl, der er udbredt i Europa, Asien og store dele af Afrika syd for Sahara. Den lever af sm\u00e5fisk, fr\u00f8er og krebsdyr, som den fanger p\u00e5 lavt vand i s\u00f8er og moser og ved havet langs kysterne.Vingefang:\u00a01,6 \u2013 2\u00a0mV\u00e6gt:\u00a01 \u2013 2,1\u00a0kg<\/p>\n","protected":false},"author":1,"featured_media":0,"parent":0,"menu_order":0,"comment_status":"closed","ping_status":"closed","template":"","meta":{"ngg_post_thumbnail":0,"footnotes":""},"class_list":["post-852","page","type-page","status-publish","hentry"],"_links":{"self":[{"href":"https:\/\/www.kristensen-skjern.dk\/index.php\/wp-json\/wp\/v2\/pages\/852","targetHints":{"allow":["GET"]}}],"collection":[{"href":"https:\/\/www.kristensen-skjern.dk\/index.php\/wp-json\/wp\/v2\/pages"}],"about":[{"href":"https:\/\/www.kristensen-skjern.dk\/index.php\/wp-json\/wp\/v2\/types\/page"}],"author":[{"embeddable":true,"href":"https:\/\/www.kristensen-skjern.dk\/index.php\/wp-json\/wp\/v2\/users\/1"}],"replies":[{"embeddable":true,"href":"https:\/\/www.kristensen-skjern.dk\/index.php\/wp-json\/wp\/v2\/comments?post=852"}],"version-history":[{"count":1,"href":"https:\/\/www.kristensen-skjern.dk\/index.php\/wp-json\/wp\/v2\/pages\/852\/revisions"}],"predecessor-version":[{"id":859,"href":"https:\/\/www.kristensen-skjern.dk\/index.php\/wp-json\/wp\/v2\/pages\/852\/revisions\/859"}],"wp:attachment":[{"href":"https:\/\/www.kristensen-skjern.dk\/index.php\/wp-json\/wp\/v2\/media?parent=852"}],"curies":[{"name":"wp","href":"https:\/\/api.w.org\/{rel}","templated":true}]}}