{"id":860,"date":"2022-02-13T07:38:04","date_gmt":"2022-02-13T08:38:04","guid":{"rendered":"https:\/\/www.kristensen-skjern.dk\/?page_id=860"},"modified":"2022-02-13T07:38:05","modified_gmt":"2022-02-13T08:38:05","slug":"fuglekonge","status":"publish","type":"page","link":"https:\/\/www.kristensen-skjern.dk\/index.php\/fuglekonge\/","title":{"rendered":"Fuglekonge"},"content":{"rendered":"\n<h4 class=\"wp-block-heading\" id=\"fuglekongen-er-med-en-laengde-pa-blot-cirka-9-centimeter-europas-mindste-fugl-fuglekongen-lever-i-det-meste-af-den-tempererede-del-af-europa-og-asien-den-yngler-i-naletraeer-men-faerdes-uden-for-yngletiden-ofte-i-mindre-flokke-i-traeer-og-buske-i-savel-lov-som-naleskove-bade-hojt-til-vejrs-og-taettere-pa-jorden-vaegt-5-5-g\">Fuglekongen er med en l\u00e6ngde p\u00e5 blot cirka 9 centimeter Europas mindste fugl. Fuglekongen lever i det meste af den tempererede del af Europa og Asien. Den yngler i n\u00e5letr\u00e6er, men f\u00e6rdes uden for yngletiden ofte i mindre flokke i tr\u00e6er og buske i s\u00e5vel l\u00f8v- som n\u00e5leskove, b\u00e5de h\u00f8jt til vejrs og t\u00e6ttere p\u00e5 jorden.\u00a0<br>V\u00e6gt:\u00a05,5\u00a0g<\/h4>\n\n\n<div class='photonic-wp-stream photonic-stream ' id='photonic-wp-stream-1'>\n\n\t<div id='photonic-wp-stream-1-container' class='title-display-tooltip photonic-level-1-container sizes-present photonic-mosaic-layout photonic-thumbnail-effect-zoom' data-photonic-platform=\"wp\" data-photonic-gallery-columns=\"auto\" data-photonic-query=\"order=ASC&amp;orderby=post__in&amp;id=860&amp;itemtag=figure&amp;icontag=div&amp;captiontag=figcaption&amp;size=thumbnail&amp;include=861,862,863,864,865,866,867,868,869,870,871,872,873,874,875&amp;exclude=&amp;link=&amp;offset=0&amp;layout=mosaic&amp;custom_classes=&amp;alignment=&amp;caption=title&amp;page=1&amp;count=-1&amp;thumb_size=thumbnail&amp;slide_size=large&amp;type=default&amp;style=mosaic&amp;display=local&amp;ids=861,862,863,864,865,866,867,868,869,870,871,872,873,874,875&amp;main_size=full&amp;tile_size=full&amp;show_gallery=Fuglekonge&amp;columns=auto\">\n\t\t<figure class='photonic-level-1 photonic-thumb'>\n\t\t\t<a href='https:\/\/www.kristensen-skjern.dk\/wp-content\/uploads\/2022\/02\/DSC_5252.jpg' title='DSC_5252' rel='lightbox-photonic-wp-stream-1' class='photonic-lb photonic-baguettebox baguettebox' data-photonic-media-type=\"image\" data-content-type=\"image\" data-photonic-deep=\"gallery[photonic-wp-stream-1]\/861\/\" data-title=\"&lt;a href=&#039;https:\/\/www.kristensen-skjern.dk\/index.php\/fuglekonge\/dsc_5252\/&#039; &gt;DSC_5252&lt;\/a&gt;\" data-photonic-tooltip=\"DSC_5252\">\n\t\t\t\t<img alt='DSC_5252' class='mosaic' data-src='https:\/\/www.kristensen-skjern.dk\/wp-content\/uploads\/2022\/02\/DSC_5252.jpg' loading='lazy' width='2048' height='1365' \/>\n\t\t\t<\/a>\n\t\t<\/figure>\n\t\t<figure class='photonic-level-1 photonic-thumb'>\n\t\t\t<a href='https:\/\/www.kristensen-skjern.dk\/wp-content\/uploads\/2022\/02\/DSC_5251.jpg' title='DSC_5251' rel='lightbox-photonic-wp-stream-1' class='photonic-lb photonic-baguettebox baguettebox' data-photonic-media-type=\"image\" data-content-type=\"image\" data-photonic-deep=\"gallery[photonic-wp-stream-1]\/862\/\" data-title=\"&lt;a href=&#039;https:\/\/www.kristensen-skjern.dk\/index.php\/fuglekonge\/dsc_5251\/&#039; &gt;DSC_5251&lt;\/a&gt;\" data-photonic-tooltip=\"DSC_5251\">\n\t\t\t\t<img alt='DSC_5251' class='mosaic' data-src='https:\/\/www.kristensen-skjern.dk\/wp-content\/uploads\/2022\/02\/DSC_5251.jpg' loading='lazy' width='2048' height='1365' \/>\n\t\t\t<\/a>\n\t\t<\/figure>\n\t\t<figure class='photonic-level-1 photonic-thumb'>\n\t\t\t<a href='https:\/\/www.kristensen-skjern.dk\/wp-content\/uploads\/2022\/02\/DSC_5238.jpg' title='DSC_5238' rel='lightbox-photonic-wp-stream-1' class='photonic-lb photonic-baguettebox baguettebox' data-photonic-media-type=\"image\" data-content-type=\"image\" data-photonic-deep=\"gallery[photonic-wp-stream-1]\/863\/\" data-title=\"&lt;a href=&#039;https:\/\/www.kristensen-skjern.dk\/index.php\/fuglekonge\/dsc_5238\/&#039; &gt;DSC_5238&lt;\/a&gt;\" data-photonic-tooltip=\"DSC_5238\">\n\t\t\t\t<img alt='DSC_5238' class='mosaic' data-src='https:\/\/www.kristensen-skjern.dk\/wp-content\/uploads\/2022\/02\/DSC_5238.jpg' loading='lazy' width='2048' height='1365' \/>\n\t\t\t<\/a>\n\t\t<\/figure>\n\t\t<figure class='photonic-level-1 photonic-thumb'>\n\t\t\t<a href='https:\/\/www.kristensen-skjern.dk\/wp-content\/uploads\/2022\/02\/DSC_5237.jpg' title='DSC_5237' rel='lightbox-photonic-wp-stream-1' class='photonic-lb photonic-baguettebox baguettebox' data-photonic-media-type=\"image\" data-content-type=\"image\" data-photonic-deep=\"gallery[photonic-wp-stream-1]\/864\/\" data-title=\"&lt;a href=&#039;https:\/\/www.kristensen-skjern.dk\/index.php\/fuglekonge\/dsc_5237\/&#039; &gt;DSC_5237&lt;\/a&gt;\" data-photonic-tooltip=\"DSC_5237\">\n\t\t\t\t<img alt='DSC_5237' class='mosaic' data-src='https:\/\/www.kristensen-skjern.dk\/wp-content\/uploads\/2022\/02\/DSC_5237.jpg' loading='lazy' width='2048' height='1365' \/>\n\t\t\t<\/a>\n\t\t<\/figure>\n\t\t<figure class='photonic-level-1 photonic-thumb'>\n\t\t\t<a href='https:\/\/www.kristensen-skjern.dk\/wp-content\/uploads\/2022\/02\/DSC_7298.jpg' title='DSC_7298' rel='lightbox-photonic-wp-stream-1' class='photonic-lb photonic-baguettebox baguettebox' data-photonic-media-type=\"image\" data-content-type=\"image\" data-photonic-deep=\"gallery[photonic-wp-stream-1]\/865\/\" data-title=\"&lt;a href=&#039;https:\/\/www.kristensen-skjern.dk\/index.php\/fuglekonge\/dsc_7298\/&#039; &gt;DSC_7298&lt;\/a&gt;\" data-photonic-tooltip=\"DSC_7298\">\n\t\t\t\t<img alt='DSC_7298' class='mosaic' data-src='https:\/\/www.kristensen-skjern.dk\/wp-content\/uploads\/2022\/02\/DSC_7298.jpg' loading='lazy' width='2048' height='1366' \/>\n\t\t\t<\/a>\n\t\t<\/figure>\n\t\t<figure class='photonic-level-1 photonic-thumb'>\n\t\t\t<a href='https:\/\/www.kristensen-skjern.dk\/wp-content\/uploads\/2022\/02\/DSC_7289.jpg' title='DSC_7289' rel='lightbox-photonic-wp-stream-1' class='photonic-lb photonic-baguettebox baguettebox' data-photonic-media-type=\"image\" data-content-type=\"image\" data-photonic-deep=\"gallery[photonic-wp-stream-1]\/866\/\" data-title=\"&lt;a href=&#039;https:\/\/www.kristensen-skjern.dk\/index.php\/fuglekonge\/dsc_7289\/&#039; &gt;DSC_7289&lt;\/a&gt;\" data-photonic-tooltip=\"DSC_7289\">\n\t\t\t\t<img alt='DSC_7289' class='mosaic' data-src='https:\/\/www.kristensen-skjern.dk\/wp-content\/uploads\/2022\/02\/DSC_7289.jpg' loading='lazy' width='2048' height='1365' \/>\n\t\t\t<\/a>\n\t\t<\/figure>\n\t\t<figure class='photonic-level-1 photonic-thumb'>\n\t\t\t<a href='https:\/\/www.kristensen-skjern.dk\/wp-content\/uploads\/2022\/02\/DSC_7287.jpg' title='DSC_7287' rel='lightbox-photonic-wp-stream-1' class='photonic-lb photonic-baguettebox baguettebox' data-photonic-media-type=\"image\" data-content-type=\"image\" data-photonic-deep=\"gallery[photonic-wp-stream-1]\/867\/\" data-title=\"&lt;a href=&#039;https:\/\/www.kristensen-skjern.dk\/index.php\/fuglekonge\/dsc_7287\/&#039; &gt;DSC_7287&lt;\/a&gt;\" data-photonic-tooltip=\"DSC_7287\">\n\t\t\t\t<img alt='DSC_7287' class='mosaic' data-src='https:\/\/www.kristensen-skjern.dk\/wp-content\/uploads\/2022\/02\/DSC_7287.jpg' loading='lazy' width='2048' height='1365' \/>\n\t\t\t<\/a>\n\t\t<\/figure>\n\t\t<figure class='photonic-level-1 photonic-thumb'>\n\t\t\t<a href='https:\/\/www.kristensen-skjern.dk\/wp-content\/uploads\/2022\/02\/DSC_7279.jpg' title='DSC_7279' rel='lightbox-photonic-wp-stream-1' class='photonic-lb photonic-baguettebox baguettebox' data-photonic-media-type=\"image\" data-content-type=\"image\" data-photonic-deep=\"gallery[photonic-wp-stream-1]\/868\/\" data-title=\"&lt;a href=&#039;https:\/\/www.kristensen-skjern.dk\/index.php\/fuglekonge\/dsc_7279\/&#039; &gt;DSC_7279&lt;\/a&gt;\" data-photonic-tooltip=\"DSC_7279\">\n\t\t\t\t<img alt='DSC_7279' class='mosaic' data-src='https:\/\/www.kristensen-skjern.dk\/wp-content\/uploads\/2022\/02\/DSC_7279.jpg' loading='lazy' width='2048' height='1365' \/>\n\t\t\t<\/a>\n\t\t<\/figure>\n\t\t<figure class='photonic-level-1 photonic-thumb'>\n\t\t\t<a href='https:\/\/www.kristensen-skjern.dk\/wp-content\/uploads\/2022\/02\/DSC_7275.jpg' title='DSC_7275' rel='lightbox-photonic-wp-stream-1' class='photonic-lb photonic-baguettebox baguettebox' data-photonic-media-type=\"image\" data-content-type=\"image\" data-photonic-deep=\"gallery[photonic-wp-stream-1]\/869\/\" data-title=\"&lt;a href=&#039;https:\/\/www.kristensen-skjern.dk\/index.php\/fuglekonge\/dsc_7275\/&#039; &gt;DSC_7275&lt;\/a&gt;\" data-photonic-tooltip=\"DSC_7275\">\n\t\t\t\t<img alt='DSC_7275' class='mosaic' data-src='https:\/\/www.kristensen-skjern.dk\/wp-content\/uploads\/2022\/02\/DSC_7275.jpg' loading='lazy' width='2048' height='1365' \/>\n\t\t\t<\/a>\n\t\t<\/figure>\n\t\t<figure class='photonic-level-1 photonic-thumb'>\n\t\t\t<a href='https:\/\/www.kristensen-skjern.dk\/wp-content\/uploads\/2022\/02\/DSC_4823.jpg' title='DSC_4823' rel='lightbox-photonic-wp-stream-1' class='photonic-lb photonic-baguettebox baguettebox' data-photonic-media-type=\"image\" data-content-type=\"image\" data-photonic-deep=\"gallery[photonic-wp-stream-1]\/870\/\" data-title=\"&lt;a href=&#039;https:\/\/www.kristensen-skjern.dk\/index.php\/fuglekonge\/dsc_4823\/&#039; &gt;DSC_4823&lt;\/a&gt;\" data-photonic-tooltip=\"DSC_4823\">\n\t\t\t\t<img alt='DSC_4823' class='mosaic' data-src='https:\/\/www.kristensen-skjern.dk\/wp-content\/uploads\/2022\/02\/DSC_4823.jpg' loading='lazy' width='2048' height='1365' \/>\n\t\t\t<\/a>\n\t\t<\/figure>\n\t\t<figure class='photonic-level-1 photonic-thumb'>\n\t\t\t<a href='https:\/\/www.kristensen-skjern.dk\/wp-content\/uploads\/2022\/02\/DSC_4822.jpg' title='DSC_4822' rel='lightbox-photonic-wp-stream-1' class='photonic-lb photonic-baguettebox baguettebox' data-photonic-media-type=\"image\" data-content-type=\"image\" data-photonic-deep=\"gallery[photonic-wp-stream-1]\/871\/\" data-title=\"&lt;a href=&#039;https:\/\/www.kristensen-skjern.dk\/index.php\/fuglekonge\/dsc_4822\/&#039; &gt;DSC_4822&lt;\/a&gt;\" data-photonic-tooltip=\"DSC_4822\">\n\t\t\t\t<img alt='DSC_4822' class='mosaic' data-src='https:\/\/www.kristensen-skjern.dk\/wp-content\/uploads\/2022\/02\/DSC_4822.jpg' loading='lazy' width='2048' height='1365' \/>\n\t\t\t<\/a>\n\t\t<\/figure>\n\t\t<figure class='photonic-level-1 photonic-thumb'>\n\t\t\t<a href='https:\/\/www.kristensen-skjern.dk\/wp-content\/uploads\/2022\/02\/DSC_4199.jpg' title='DSC_4199' rel='lightbox-photonic-wp-stream-1' class='photonic-lb photonic-baguettebox baguettebox' data-photonic-media-type=\"image\" data-content-type=\"image\" data-photonic-deep=\"gallery[photonic-wp-stream-1]\/872\/\" data-title=\"&lt;a href=&#039;https:\/\/www.kristensen-skjern.dk\/index.php\/fuglekonge\/dsc_4199\/&#039; &gt;DSC_4199&lt;\/a&gt;\" data-photonic-tooltip=\"DSC_4199\">\n\t\t\t\t<img alt='DSC_4199' class='mosaic' data-src='https:\/\/www.kristensen-skjern.dk\/wp-content\/uploads\/2022\/02\/DSC_4199.jpg' loading='lazy' width='2048' height='1365' \/>\n\t\t\t<\/a>\n\t\t<\/figure>\n\t\t<figure class='photonic-level-1 photonic-thumb'>\n\t\t\t<a href='https:\/\/www.kristensen-skjern.dk\/wp-content\/uploads\/2022\/02\/DSC_4198.jpg' title='DSC_4198' rel='lightbox-photonic-wp-stream-1' class='photonic-lb photonic-baguettebox baguettebox' data-photonic-media-type=\"image\" data-content-type=\"image\" data-photonic-deep=\"gallery[photonic-wp-stream-1]\/873\/\" data-title=\"&lt;a href=&#039;https:\/\/www.kristensen-skjern.dk\/index.php\/fuglekonge\/dsc_4198\/&#039; &gt;DSC_4198&lt;\/a&gt;\" data-photonic-tooltip=\"DSC_4198\">\n\t\t\t\t<img alt='DSC_4198' class='mosaic' data-src='https:\/\/www.kristensen-skjern.dk\/wp-content\/uploads\/2022\/02\/DSC_4198.jpg' loading='lazy' width='2028' height='1352' \/>\n\t\t\t<\/a>\n\t\t<\/figure>\n\t\t<figure class='photonic-level-1 photonic-thumb'>\n\t\t\t<a href='https:\/\/www.kristensen-skjern.dk\/wp-content\/uploads\/2022\/02\/DSC_4195.jpg' title='DSC_4195' rel='lightbox-photonic-wp-stream-1' class='photonic-lb photonic-baguettebox baguettebox' data-photonic-media-type=\"image\" data-content-type=\"image\" data-photonic-deep=\"gallery[photonic-wp-stream-1]\/874\/\" data-title=\"&lt;a href=&#039;https:\/\/www.kristensen-skjern.dk\/index.php\/fuglekonge\/dsc_4195\/&#039; &gt;DSC_4195&lt;\/a&gt;\" data-photonic-tooltip=\"DSC_4195\">\n\t\t\t\t<img alt='DSC_4195' class='mosaic' data-src='https:\/\/www.kristensen-skjern.dk\/wp-content\/uploads\/2022\/02\/DSC_4195.jpg' loading='lazy' width='2048' height='1365' \/>\n\t\t\t<\/a>\n\t\t<\/figure>\n\t\t<figure class='photonic-level-1 photonic-thumb'>\n\t\t\t<a href='https:\/\/www.kristensen-skjern.dk\/wp-content\/uploads\/2022\/02\/DSC_4193.jpg' title='DSC_4193' rel='lightbox-photonic-wp-stream-1' class='photonic-lb photonic-baguettebox baguettebox' data-photonic-media-type=\"image\" data-content-type=\"image\" data-photonic-deep=\"gallery[photonic-wp-stream-1]\/875\/\" data-title=\"&lt;a href=&#039;https:\/\/www.kristensen-skjern.dk\/index.php\/fuglekonge\/dsc_4193\/&#039; &gt;DSC_4193&lt;\/a&gt;\" data-photonic-tooltip=\"DSC_4193\">\n\t\t\t\t<img alt='DSC_4193' class='mosaic' data-src='https:\/\/www.kristensen-skjern.dk\/wp-content\/uploads\/2022\/02\/DSC_4193.jpg' loading='lazy' width='2048' height='1365' \/>\n\t\t\t<\/a>\n\t\t<\/figure>\n\n\t<\/div> <!-- .\/photonic-level-1-container -->\n\t<span id='photonic-wp-stream-1-container-end'><\/span>\n<\/div><!-- .photonic-stream or .photonic-panel -->\n\n\n\n<h2 class=\"wp-block-heading\" id=\"rodtoppet-fuglekonge\">R\u00f8dtoppet fuglekonge<\/h2>\n\n\n\n<h4 class=\"wp-block-heading\" id=\"den-rodtoppede-fuglekonge-er-en-fugl-der-findes-i-europa-og-det-nordligste-afrika-den-minder-om-fuglekongen-men-er-lidt-storre-og-foretraekker-skov-der-bade-bestar-af-lovtraeer-og-naletraeer-arten-kendes-pa-sin-hvide-ojenstribe-og-sorte-ojenbryn-den-maler-cirka-9-centimeter-fra-naebspids-til-halespids-vaegt-5-6-g\">Den r\u00f8dtoppede fuglekonge er en fugl, der findes i Europa og det nordligste Afrika. Den minder om fuglekongen, men er lidt st\u00f8rre og foretr\u00e6kker skov, der b\u00e5de best\u00e5r af l\u00f8vtr\u00e6er og n\u00e5letr\u00e6er. Arten kendes p\u00e5 sin hvide \u00f8jenstribe og sorte \u00f8jenbryn. Den m\u00e5ler cirka 9 centimeter fra n\u00e6bspids til halespids.\u00a0<br>V\u00e6gt:\u00a05,6\u00a0g<\/h4>\n\n\n<div class='photonic-wp-stream photonic-stream ' id='photonic-wp-stream-2'>\n\n\t<div id='photonic-wp-stream-2-container' class='title-display-tooltip photonic-level-1-container sizes-present photonic-mosaic-layout photonic-thumbnail-effect-zoom' data-photonic-platform=\"wp\" data-photonic-gallery-columns=\"auto\" data-photonic-query=\"order=ASC&amp;orderby=post__in&amp;id=860&amp;itemtag=figure&amp;icontag=div&amp;captiontag=figcaption&amp;size=thumbnail&amp;include=876,877,878,879,880,881,882,883,884,885&amp;exclude=&amp;link=&amp;offset=0&amp;layout=mosaic&amp;custom_classes=&amp;alignment=&amp;caption=title&amp;page=1&amp;count=-1&amp;thumb_size=thumbnail&amp;slide_size=large&amp;type=default&amp;style=mosaic&amp;display=local&amp;ids=876,877,878,879,880,881,882,883,884,885&amp;main_size=full&amp;tile_size=full&amp;show_gallery=R\u00f8dtoppet fuglekonge&amp;columns=auto\">\n\t\t<figure class='photonic-level-1 photonic-thumb'>\n\t\t\t<a href='https:\/\/www.kristensen-skjern.dk\/wp-content\/uploads\/2022\/02\/DSC_4946.jpg' title='DSC_4946' rel='lightbox-photonic-wp-stream-2' class='photonic-lb photonic-baguettebox baguettebox' data-photonic-media-type=\"image\" data-content-type=\"image\" data-photonic-deep=\"gallery[photonic-wp-stream-2]\/876\/\" data-title=\"&lt;a href=&#039;https:\/\/www.kristensen-skjern.dk\/index.php\/fuglekonge\/dsc_4946\/&#039; &gt;DSC_4946&lt;\/a&gt;\" data-photonic-tooltip=\"DSC_4946\">\n\t\t\t\t<img alt='DSC_4946' class='mosaic' data-src='https:\/\/www.kristensen-skjern.dk\/wp-content\/uploads\/2022\/02\/DSC_4946.jpg' loading='lazy' width='2048' height='1365' \/>\n\t\t\t<\/a>\n\t\t<\/figure>\n\t\t<figure class='photonic-level-1 photonic-thumb'>\n\t\t\t<a href='https:\/\/www.kristensen-skjern.dk\/wp-content\/uploads\/2022\/02\/DSC_4955.jpg' title='DSC_4955' rel='lightbox-photonic-wp-stream-2' class='photonic-lb photonic-baguettebox baguettebox' data-photonic-media-type=\"image\" data-content-type=\"image\" data-photonic-deep=\"gallery[photonic-wp-stream-2]\/877\/\" data-title=\"&lt;a href=&#039;https:\/\/www.kristensen-skjern.dk\/index.php\/fuglekonge\/dsc_4955\/&#039; &gt;DSC_4955&lt;\/a&gt;\" data-photonic-tooltip=\"DSC_4955\">\n\t\t\t\t<img alt='DSC_4955' class='mosaic' data-src='https:\/\/www.kristensen-skjern.dk\/wp-content\/uploads\/2022\/02\/DSC_4955.jpg' loading='lazy' width='2048' height='1366' \/>\n\t\t\t<\/a>\n\t\t<\/figure>\n\t\t<figure class='photonic-level-1 photonic-thumb'>\n\t\t\t<a href='https:\/\/www.kristensen-skjern.dk\/wp-content\/uploads\/2022\/02\/DSC_4960.jpg' title='DSC_4960' rel='lightbox-photonic-wp-stream-2' class='photonic-lb photonic-baguettebox baguettebox' data-photonic-media-type=\"image\" data-content-type=\"image\" data-photonic-deep=\"gallery[photonic-wp-stream-2]\/878\/\" data-title=\"&lt;a href=&#039;https:\/\/www.kristensen-skjern.dk\/index.php\/fuglekonge\/dsc_4960\/&#039; &gt;DSC_4960&lt;\/a&gt;\" data-photonic-tooltip=\"DSC_4960\">\n\t\t\t\t<img alt='DSC_4960' class='mosaic' data-src='https:\/\/www.kristensen-skjern.dk\/wp-content\/uploads\/2022\/02\/DSC_4960.jpg' loading='lazy' width='2048' height='1365' \/>\n\t\t\t<\/a>\n\t\t<\/figure>\n\t\t<figure class='photonic-level-1 photonic-thumb'>\n\t\t\t<a href='https:\/\/www.kristensen-skjern.dk\/wp-content\/uploads\/2022\/02\/DSC_4961.jpg' title='DSC_4961' rel='lightbox-photonic-wp-stream-2' class='photonic-lb photonic-baguettebox baguettebox' data-photonic-media-type=\"image\" data-content-type=\"image\" data-photonic-deep=\"gallery[photonic-wp-stream-2]\/879\/\" data-title=\"&lt;a href=&#039;https:\/\/www.kristensen-skjern.dk\/index.php\/fuglekonge\/dsc_4961\/&#039; &gt;DSC_4961&lt;\/a&gt;\" data-photonic-tooltip=\"DSC_4961\">\n\t\t\t\t<img alt='DSC_4961' class='mosaic' data-src='https:\/\/www.kristensen-skjern.dk\/wp-content\/uploads\/2022\/02\/DSC_4961.jpg' loading='lazy' width='2048' height='1366' \/>\n\t\t\t<\/a>\n\t\t<\/figure>\n\t\t<figure class='photonic-level-1 photonic-thumb'>\n\t\t\t<a href='https:\/\/www.kristensen-skjern.dk\/wp-content\/uploads\/2022\/02\/DSC_4965.jpg' title='DSC_4965' rel='lightbox-photonic-wp-stream-2' class='photonic-lb photonic-baguettebox baguettebox' data-photonic-media-type=\"image\" data-content-type=\"image\" data-photonic-deep=\"gallery[photonic-wp-stream-2]\/880\/\" data-title=\"&lt;a href=&#039;https:\/\/www.kristensen-skjern.dk\/index.php\/fuglekonge\/dsc_4965\/&#039; &gt;DSC_4965&lt;\/a&gt;\" data-photonic-tooltip=\"DSC_4965\">\n\t\t\t\t<img alt='DSC_4965' class='mosaic' data-src='https:\/\/www.kristensen-skjern.dk\/wp-content\/uploads\/2022\/02\/DSC_4965.jpg' loading='lazy' width='2048' height='1365' \/>\n\t\t\t<\/a>\n\t\t<\/figure>\n\t\t<figure class='photonic-level-1 photonic-thumb'>\n\t\t\t<a href='https:\/\/www.kristensen-skjern.dk\/wp-content\/uploads\/2022\/02\/DSC_4966.jpg' title='DSC_4966' rel='lightbox-photonic-wp-stream-2' class='photonic-lb photonic-baguettebox baguettebox' data-photonic-media-type=\"image\" data-content-type=\"image\" data-photonic-deep=\"gallery[photonic-wp-stream-2]\/881\/\" data-title=\"&lt;a href=&#039;https:\/\/www.kristensen-skjern.dk\/index.php\/fuglekonge\/dsc_4966\/&#039; &gt;DSC_4966&lt;\/a&gt;\" data-photonic-tooltip=\"DSC_4966\">\n\t\t\t\t<img alt='DSC_4966' class='mosaic' data-src='https:\/\/www.kristensen-skjern.dk\/wp-content\/uploads\/2022\/02\/DSC_4966.jpg' loading='lazy' width='2048' height='1366' \/>\n\t\t\t<\/a>\n\t\t<\/figure>\n\t\t<figure class='photonic-level-1 photonic-thumb'>\n\t\t\t<a href='https:\/\/www.kristensen-skjern.dk\/wp-content\/uploads\/2022\/02\/DSC_4968.jpg' title='DSC_4968' rel='lightbox-photonic-wp-stream-2' class='photonic-lb photonic-baguettebox baguettebox' data-photonic-media-type=\"image\" data-content-type=\"image\" data-photonic-deep=\"gallery[photonic-wp-stream-2]\/882\/\" data-title=\"&lt;a href=&#039;https:\/\/www.kristensen-skjern.dk\/index.php\/fuglekonge\/dsc_4968\/&#039; &gt;DSC_4968&lt;\/a&gt;\" data-photonic-tooltip=\"DSC_4968\">\n\t\t\t\t<img alt='DSC_4968' class='mosaic' data-src='https:\/\/www.kristensen-skjern.dk\/wp-content\/uploads\/2022\/02\/DSC_4968.jpg' loading='lazy' width='2048' height='1365' \/>\n\t\t\t<\/a>\n\t\t<\/figure>\n\t\t<figure class='photonic-level-1 photonic-thumb'>\n\t\t\t<a href='https:\/\/www.kristensen-skjern.dk\/wp-content\/uploads\/2022\/02\/DSC_4972.jpg' title='DSC_4972' rel='lightbox-photonic-wp-stream-2' class='photonic-lb photonic-baguettebox baguettebox' data-photonic-media-type=\"image\" data-content-type=\"image\" data-photonic-deep=\"gallery[photonic-wp-stream-2]\/883\/\" data-title=\"&lt;a href=&#039;https:\/\/www.kristensen-skjern.dk\/index.php\/fuglekonge\/dsc_4972\/&#039; &gt;DSC_4972&lt;\/a&gt;\" data-photonic-tooltip=\"DSC_4972\">\n\t\t\t\t<img alt='DSC_4972' class='mosaic' data-src='https:\/\/www.kristensen-skjern.dk\/wp-content\/uploads\/2022\/02\/DSC_4972.jpg' loading='lazy' width='2048' height='1366' \/>\n\t\t\t<\/a>\n\t\t<\/figure>\n\t\t<figure class='photonic-level-1 photonic-thumb'>\n\t\t\t<a href='https:\/\/www.kristensen-skjern.dk\/wp-content\/uploads\/2022\/02\/DSC_4973.jpg' title='DSC_4973' rel='lightbox-photonic-wp-stream-2' class='photonic-lb photonic-baguettebox baguettebox' data-photonic-media-type=\"image\" data-content-type=\"image\" data-photonic-deep=\"gallery[photonic-wp-stream-2]\/884\/\" data-title=\"&lt;a href=&#039;https:\/\/www.kristensen-skjern.dk\/index.php\/fuglekonge\/dsc_4973\/&#039; &gt;DSC_4973&lt;\/a&gt;\" data-photonic-tooltip=\"DSC_4973\">\n\t\t\t\t<img alt='DSC_4973' class='mosaic' data-src='https:\/\/www.kristensen-skjern.dk\/wp-content\/uploads\/2022\/02\/DSC_4973.jpg' loading='lazy' width='2048' height='1365' \/>\n\t\t\t<\/a>\n\t\t<\/figure>\n\t\t<figure class='photonic-level-1 photonic-thumb'>\n\t\t\t<a href='https:\/\/www.kristensen-skjern.dk\/wp-content\/uploads\/2022\/02\/DSC_4982.jpg' title='DSC_4982' rel='lightbox-photonic-wp-stream-2' class='photonic-lb photonic-baguettebox baguettebox' data-photonic-media-type=\"image\" data-content-type=\"image\" data-photonic-deep=\"gallery[photonic-wp-stream-2]\/885\/\" data-title=\"&lt;a href=&#039;https:\/\/www.kristensen-skjern.dk\/index.php\/fuglekonge\/dsc_4982\/&#039; &gt;DSC_4982&lt;\/a&gt;\" data-photonic-tooltip=\"DSC_4982\">\n\t\t\t\t<img alt='DSC_4982' class='mosaic' data-src='https:\/\/www.kristensen-skjern.dk\/wp-content\/uploads\/2022\/02\/DSC_4982.jpg' loading='lazy' width='2048' height='1365' \/>\n\t\t\t<\/a>\n\t\t<\/figure>\n\n\t<\/div> <!-- .\/photonic-level-1-container -->\n\t<span id='photonic-wp-stream-2-container-end'><\/span>\n<\/div><!-- .photonic-stream or .photonic-panel -->\n","protected":false},"excerpt":{"rendered":"<p>Fuglekongen er med en l\u00e6ngde p\u00e5 blot cirka 9 centimeter Europas mindste fugl. Fuglekongen lever i det meste af den tempererede del af Europa og Asien. Den yngler i n\u00e5letr\u00e6er, men f\u00e6rdes uden for yngletiden ofte i mindre flokke i tr\u00e6er og buske i s\u00e5vel l\u00f8v- som n\u00e5leskove, b\u00e5de h\u00f8jt til vejrs og t\u00e6ttere p\u00e5 jorden.\u00a0V\u00e6gt:\u00a05,5\u00a0g R\u00f8dtoppet fuglekonge Den r\u00f8dtoppede fuglekonge er en fugl, der findes i Europa og det nordligste Afrika. Den minder om fuglekongen, men er lidt st\u00f8rre og foretr\u00e6kker skov, der b\u00e5de best\u00e5r af l\u00f8vtr\u00e6er og n\u00e5letr\u00e6er. Arten kendes p\u00e5 sin hvide \u00f8jenstribe og sorte \u00f8jenbryn. Den m\u00e5ler cirka 9 centimeter fra n\u00e6bspids til halespids.\u00a0V\u00e6gt:\u00a05,6\u00a0g<\/p>\n","protected":false},"author":1,"featured_media":0,"parent":0,"menu_order":0,"comment_status":"closed","ping_status":"closed","template":"","meta":{"ngg_post_thumbnail":0,"footnotes":""},"class_list":["post-860","page","type-page","status-publish","hentry"],"_links":{"self":[{"href":"https:\/\/www.kristensen-skjern.dk\/index.php\/wp-json\/wp\/v2\/pages\/860","targetHints":{"allow":["GET"]}}],"collection":[{"href":"https:\/\/www.kristensen-skjern.dk\/index.php\/wp-json\/wp\/v2\/pages"}],"about":[{"href":"https:\/\/www.kristensen-skjern.dk\/index.php\/wp-json\/wp\/v2\/types\/page"}],"author":[{"embeddable":true,"href":"https:\/\/www.kristensen-skjern.dk\/index.php\/wp-json\/wp\/v2\/users\/1"}],"replies":[{"embeddable":true,"href":"https:\/\/www.kristensen-skjern.dk\/index.php\/wp-json\/wp\/v2\/comments?post=860"}],"version-history":[{"count":1,"href":"https:\/\/www.kristensen-skjern.dk\/index.php\/wp-json\/wp\/v2\/pages\/860\/revisions"}],"predecessor-version":[{"id":887,"href":"https:\/\/www.kristensen-skjern.dk\/index.php\/wp-json\/wp\/v2\/pages\/860\/revisions\/887"}],"wp:attachment":[{"href":"https:\/\/www.kristensen-skjern.dk\/index.php\/wp-json\/wp\/v2\/media?parent=860"}],"curies":[{"name":"wp","href":"https:\/\/api.w.org\/{rel}","templated":true}]}}