{"id":888,"date":"2022-02-13T07:41:43","date_gmt":"2022-02-13T08:41:43","guid":{"rendered":"https:\/\/www.kristensen-skjern.dk\/?page_id=888"},"modified":"2022-02-13T07:45:55","modified_gmt":"2022-02-13T08:45:55","slug":"gaerdesmutte","status":"publish","type":"page","link":"https:\/\/www.kristensen-skjern.dk\/index.php\/gaerdesmutte\/","title":{"rendered":"G\u00e6rdesmutte"},"content":{"rendered":"\n<h4 class=\"wp-block-heading\" id=\"gaerdesmutten-er-en-fugleart-i-gaerdesmuttefamilien-den-maler-9-5-12-centimeter-og-er-med-sine-8-13-gram-danmarks-naestmindste-fugl-efter-fuglekongen-gaerdesmutten-yngler-i-skove-parker-og-haver-oftest-i-taet-krat-vaegt-9-1-g-voksen-laengde-8-12-cm\">G\u00e6rdesmutten er en fugleart i g\u00e6rdesmuttefamilien. Den m\u00e5ler 9,5-12 centimeter og er med sine 8-13 gram Danmarks n\u00e6stmindste fugl efter fuglekongen. G\u00e6rdesmutten yngler i skove, parker og haver, oftest i t\u00e6t krat.&nbsp;<br>V\u00e6gt:&nbsp;9,1&nbsp;g (Voksen)&nbsp;<br>L\u00e6ngde:&nbsp;8 \u2013 12&nbsp;cm<\/h4>\n\n\n<div class='photonic-wp-stream photonic-stream ' id='photonic-wp-stream-1'>\n\n\t<div id='photonic-wp-stream-1-container' class='title-display-tooltip photonic-level-1-container sizes-present photonic-mosaic-layout photonic-thumbnail-effect-zoom' data-photonic-platform=\"wp\" data-photonic-gallery-columns=\"auto\" data-photonic-query=\"order=ASC&amp;orderby=post__in&amp;id=888&amp;itemtag=figure&amp;icontag=div&amp;captiontag=figcaption&amp;size=thumbnail&amp;include=892,893,894,895,897,898,899,900&amp;exclude=&amp;link=&amp;offset=0&amp;layout=mosaic&amp;custom_classes=&amp;alignment=&amp;caption=title&amp;page=1&amp;count=-1&amp;thumb_size=thumbnail&amp;slide_size=large&amp;type=default&amp;style=mosaic&amp;display=local&amp;ids=892,893,894,895,897,898,899,900&amp;main_size=full&amp;tile_size=full&amp;show_gallery=G\u00e6rdesmutte&amp;columns=auto\">\n\t\t<figure class='photonic-level-1 photonic-thumb'>\n\t\t\t<a href='https:\/\/www.kristensen-skjern.dk\/wp-content\/uploads\/2022\/02\/DSC1132.jpg' title='_DSC1132' rel='lightbox-photonic-wp-stream-1' class='photonic-lb photonic-baguettebox baguettebox' data-photonic-media-type=\"image\" data-content-type=\"image\" data-photonic-deep=\"gallery[photonic-wp-stream-1]\/892\/\" data-title=\"&lt;a href=&#039;https:\/\/www.kristensen-skjern.dk\/index.php\/gaerdesmutte\/_dsc1132\/&#039; &gt;_DSC1132&lt;\/a&gt;\" data-photonic-tooltip=\"_DSC1132\">\n\t\t\t\t<img alt='_DSC1132' class='mosaic' data-src='https:\/\/www.kristensen-skjern.dk\/wp-content\/uploads\/2022\/02\/DSC1132.jpg' loading='lazy' width='2048' height='1365' \/>\n\t\t\t<\/a>\n\t\t<\/figure>\n\t\t<figure class='photonic-level-1 photonic-thumb'>\n\t\t\t<a href='https:\/\/www.kristensen-skjern.dk\/wp-content\/uploads\/2022\/02\/DSC1138.jpg' title='_DSC1138' rel='lightbox-photonic-wp-stream-1' class='photonic-lb photonic-baguettebox baguettebox' data-photonic-media-type=\"image\" data-content-type=\"image\" data-photonic-deep=\"gallery[photonic-wp-stream-1]\/893\/\" data-title=\"&lt;a href=&#039;https:\/\/www.kristensen-skjern.dk\/index.php\/gaerdesmutte\/_dsc1138\/&#039; &gt;_DSC1138&lt;\/a&gt;\" data-photonic-tooltip=\"_DSC1138\">\n\t\t\t\t<img alt='_DSC1138' class='mosaic' data-src='https:\/\/www.kristensen-skjern.dk\/wp-content\/uploads\/2022\/02\/DSC1138.jpg' loading='lazy' width='2048' height='1365' \/>\n\t\t\t<\/a>\n\t\t<\/figure>\n\t\t<figure class='photonic-level-1 photonic-thumb'>\n\t\t\t<a href='https:\/\/www.kristensen-skjern.dk\/wp-content\/uploads\/2022\/02\/DSC_4710.jpg' title='DSC_4710' rel='lightbox-photonic-wp-stream-1' class='photonic-lb photonic-baguettebox baguettebox' data-photonic-media-type=\"image\" data-content-type=\"image\" data-photonic-deep=\"gallery[photonic-wp-stream-1]\/894\/\" data-title=\"&lt;a href=&#039;https:\/\/www.kristensen-skjern.dk\/index.php\/gaerdesmutte\/dsc_4710\/&#039; &gt;DSC_4710&lt;\/a&gt;\" data-photonic-tooltip=\"DSC_4710\">\n\t\t\t\t<img alt='DSC_4710' class='mosaic' data-src='https:\/\/www.kristensen-skjern.dk\/wp-content\/uploads\/2022\/02\/DSC_4710.jpg' loading='lazy' width='2048' height='1365' \/>\n\t\t\t<\/a>\n\t\t<\/figure>\n\t\t<figure class='photonic-level-1 photonic-thumb'>\n\t\t\t<a href='https:\/\/www.kristensen-skjern.dk\/wp-content\/uploads\/2022\/02\/DSC_4714-1.jpg' title='DSC_4714' rel='lightbox-photonic-wp-stream-1' class='photonic-lb photonic-baguettebox baguettebox' data-photonic-media-type=\"image\" data-content-type=\"image\" data-photonic-deep=\"gallery[photonic-wp-stream-1]\/895\/\" data-title=\"&lt;a href=&#039;https:\/\/www.kristensen-skjern.dk\/index.php\/gaerdesmutte\/dsc_4714-2\/&#039; &gt;DSC_4714&lt;\/a&gt;\" data-photonic-tooltip=\"DSC_4714\">\n\t\t\t\t<img alt='DSC_4714' class='mosaic' data-src='https:\/\/www.kristensen-skjern.dk\/wp-content\/uploads\/2022\/02\/DSC_4714-1.jpg' loading='lazy' width='2048' height='1366' \/>\n\t\t\t<\/a>\n\t\t<\/figure>\n\t\t<figure class='photonic-level-1 photonic-thumb'>\n\t\t\t<a href='https:\/\/www.kristensen-skjern.dk\/wp-content\/uploads\/2022\/02\/DSC_2092.jpg' title='DSC_2092' rel='lightbox-photonic-wp-stream-1' class='photonic-lb photonic-baguettebox baguettebox' data-photonic-media-type=\"image\" data-content-type=\"image\" data-photonic-deep=\"gallery[photonic-wp-stream-1]\/897\/\" data-title=\"&lt;a href=&#039;https:\/\/www.kristensen-skjern.dk\/index.php\/gaerdesmutte\/dsc_2092\/&#039; &gt;DSC_2092&lt;\/a&gt;\" data-photonic-tooltip=\"DSC_2092\">\n\t\t\t\t<img alt='DSC_2092' class='mosaic' data-src='https:\/\/www.kristensen-skjern.dk\/wp-content\/uploads\/2022\/02\/DSC_2092.jpg' loading='lazy' width='2048' height='1365' \/>\n\t\t\t<\/a>\n\t\t<\/figure>\n\t\t<figure class='photonic-level-1 photonic-thumb'>\n\t\t\t<a href='https:\/\/www.kristensen-skjern.dk\/wp-content\/uploads\/2022\/02\/DSC_2097.jpg' title='DSC_2097' rel='lightbox-photonic-wp-stream-1' class='photonic-lb photonic-baguettebox baguettebox' data-photonic-media-type=\"image\" data-content-type=\"image\" data-photonic-deep=\"gallery[photonic-wp-stream-1]\/898\/\" data-title=\"&lt;a href=&#039;https:\/\/www.kristensen-skjern.dk\/index.php\/gaerdesmutte\/dsc_2097\/&#039; &gt;DSC_2097&lt;\/a&gt;\" data-photonic-tooltip=\"DSC_2097\">\n\t\t\t\t<img alt='DSC_2097' class='mosaic' data-src='https:\/\/www.kristensen-skjern.dk\/wp-content\/uploads\/2022\/02\/DSC_2097.jpg' loading='lazy' width='2048' height='1365' \/>\n\t\t\t<\/a>\n\t\t<\/figure>\n\t\t<figure class='photonic-level-1 photonic-thumb'>\n\t\t\t<a href='https:\/\/www.kristensen-skjern.dk\/wp-content\/uploads\/2022\/02\/DSC_2099.jpg' title='DSC_2099' rel='lightbox-photonic-wp-stream-1' class='photonic-lb photonic-baguettebox baguettebox' data-photonic-media-type=\"image\" data-content-type=\"image\" data-photonic-deep=\"gallery[photonic-wp-stream-1]\/899\/\" data-title=\"&lt;a href=&#039;https:\/\/www.kristensen-skjern.dk\/index.php\/gaerdesmutte\/dsc_2099\/&#039; &gt;DSC_2099&lt;\/a&gt;\" data-photonic-tooltip=\"DSC_2099\">\n\t\t\t\t<img alt='DSC_2099' class='mosaic' data-src='https:\/\/www.kristensen-skjern.dk\/wp-content\/uploads\/2022\/02\/DSC_2099.jpg' loading='lazy' width='2048' height='1366' \/>\n\t\t\t<\/a>\n\t\t<\/figure>\n\t\t<figure class='photonic-level-1 photonic-thumb'>\n\t\t\t<a href='https:\/\/www.kristensen-skjern.dk\/wp-content\/uploads\/2022\/02\/DSC_3420.jpg' title='DSC_3420' rel='lightbox-photonic-wp-stream-1' class='photonic-lb photonic-baguettebox baguettebox' data-photonic-media-type=\"image\" data-content-type=\"image\" data-photonic-deep=\"gallery[photonic-wp-stream-1]\/900\/\" data-title=\"&lt;a href=&#039;https:\/\/www.kristensen-skjern.dk\/index.php\/gaerdesmutte\/dsc_3420\/&#039; &gt;DSC_3420&lt;\/a&gt;\" data-photonic-tooltip=\"DSC_3420\">\n\t\t\t\t<img alt='DSC_3420' class='mosaic' data-src='https:\/\/www.kristensen-skjern.dk\/wp-content\/uploads\/2022\/02\/DSC_3420.jpg' loading='lazy' width='2048' height='1365' \/>\n\t\t\t<\/a>\n\t\t<\/figure>\n\n\t<\/div> <!-- .\/photonic-level-1-container -->\n\t<span id='photonic-wp-stream-1-container-end'><\/span>\n<\/div><!-- .photonic-stream or .photonic-panel -->\n","protected":false},"excerpt":{"rendered":"<p>G\u00e6rdesmutten er en fugleart i g\u00e6rdesmuttefamilien. Den m\u00e5ler 9,5-12 centimeter og er med sine 8-13 gram Danmarks n\u00e6stmindste fugl efter fuglekongen. G\u00e6rdesmutten yngler i skove, parker og haver, oftest i t\u00e6t krat.&nbsp;V\u00e6gt:&nbsp;9,1&nbsp;g (Voksen)&nbsp;L\u00e6ngde:&nbsp;8 \u2013 12&nbsp;cm<\/p>\n","protected":false},"author":1,"featured_media":0,"parent":0,"menu_order":0,"comment_status":"closed","ping_status":"closed","template":"","meta":{"ngg_post_thumbnail":0,"footnotes":""},"class_list":["post-888","page","type-page","status-publish","hentry"],"_links":{"self":[{"href":"https:\/\/www.kristensen-skjern.dk\/index.php\/wp-json\/wp\/v2\/pages\/888","targetHints":{"allow":["GET"]}}],"collection":[{"href":"https:\/\/www.kristensen-skjern.dk\/index.php\/wp-json\/wp\/v2\/pages"}],"about":[{"href":"https:\/\/www.kristensen-skjern.dk\/index.php\/wp-json\/wp\/v2\/types\/page"}],"author":[{"embeddable":true,"href":"https:\/\/www.kristensen-skjern.dk\/index.php\/wp-json\/wp\/v2\/users\/1"}],"replies":[{"embeddable":true,"href":"https:\/\/www.kristensen-skjern.dk\/index.php\/wp-json\/wp\/v2\/comments?post=888"}],"version-history":[{"count":3,"href":"https:\/\/www.kristensen-skjern.dk\/index.php\/wp-json\/wp\/v2\/pages\/888\/revisions"}],"predecessor-version":[{"id":901,"href":"https:\/\/www.kristensen-skjern.dk\/index.php\/wp-json\/wp\/v2\/pages\/888\/revisions\/901"}],"wp:attachment":[{"href":"https:\/\/www.kristensen-skjern.dk\/index.php\/wp-json\/wp\/v2\/media?parent=888"}],"curies":[{"name":"wp","href":"https:\/\/api.w.org\/{rel}","templated":true}]}}