{"id":951,"date":"2022-02-14T07:23:59","date_gmt":"2022-02-14T08:23:59","guid":{"rendered":"https:\/\/www.kristensen-skjern.dk\/?page_id=951"},"modified":"2022-02-14T07:23:59","modified_gmt":"2022-02-14T08:23:59","slug":"skestork","status":"publish","type":"page","link":"https:\/\/www.kristensen-skjern.dk\/index.php\/skestork\/","title":{"rendered":"Skestork"},"content":{"rendered":"\n<h4 class=\"wp-block-heading\" id=\"skestorken-er-en-fugl-pa-storrelse-med-fiskehejren-den-er-hvid-og-har-et-bredt-langt-naeb-naebspidsen-er-gul-og-ligeledes-det-nederste-af-halsen-og-i-yngletiden-ogsa-nakketoppen-skestorken-lever-af-smafisk-muslinger-snegle-haletudser-og-insekter-vaegt-1-9-kg\">Skestorken er en fugl p\u00e5 st\u00f8rrelse med fiskehejren. Den er hvid og har et bredt langt n\u00e6b. N\u00e6bspidsen er gul og ligeledes det nederste af halsen og i yngletiden ogs\u00e5 nakketoppen. Skestorken lever af sm\u00e5fisk, muslinger, snegle, haletudser og insekter.<br>V\u00e6gt:\u00a01,9\u00a0kg<\/h4>\n\n\n<div class='photonic-wp-stream photonic-stream ' id='photonic-wp-stream-1'>\n\n\t<div id='photonic-wp-stream-1-container' class='title-display-tooltip photonic-level-1-container sizes-present photonic-mosaic-layout photonic-thumbnail-effect-zoom' data-photonic-platform=\"wp\" data-photonic-gallery-columns=\"auto\" data-photonic-query=\"order=ASC&amp;orderby=post__in&amp;id=951&amp;itemtag=figure&amp;icontag=div&amp;captiontag=figcaption&amp;size=thumbnail&amp;include=952,953,954,955,956&amp;exclude=&amp;link=&amp;offset=0&amp;layout=mosaic&amp;custom_classes=&amp;alignment=&amp;caption=title&amp;page=1&amp;count=-1&amp;thumb_size=thumbnail&amp;slide_size=large&amp;type=default&amp;style=mosaic&amp;display=local&amp;ids=952,953,954,955,956&amp;main_size=full&amp;tile_size=full&amp;show_gallery=Skestork&amp;columns=auto\">\n\t\t<figure class='photonic-level-1 photonic-thumb'>\n\t\t\t<a href='https:\/\/www.kristensen-skjern.dk\/wp-content\/uploads\/2022\/02\/DSC1350-scaled.jpg' title='_DSC1350' rel='lightbox-photonic-wp-stream-1' class='photonic-lb photonic-baguettebox baguettebox' data-photonic-media-type=\"image\" data-content-type=\"image\" data-photonic-deep=\"gallery[photonic-wp-stream-1]\/952\/\" data-title=\"&lt;a href=&#039;https:\/\/www.kristensen-skjern.dk\/index.php\/skestork\/_dsc1350\/&#039; &gt;_DSC1350&lt;\/a&gt;\" data-photonic-tooltip=\"_DSC1350\">\n\t\t\t\t<img alt='_DSC1350' class='mosaic' data-src='https:\/\/www.kristensen-skjern.dk\/wp-content\/uploads\/2022\/02\/DSC1350-scaled.jpg' loading='lazy' width='2560' height='1707' \/>\n\t\t\t<\/a>\n\t\t<\/figure>\n\t\t<figure class='photonic-level-1 photonic-thumb'>\n\t\t\t<a href='https:\/\/www.kristensen-skjern.dk\/wp-content\/uploads\/2022\/02\/DSC4116.jpg' title='_DSC4116' rel='lightbox-photonic-wp-stream-1' class='photonic-lb photonic-baguettebox baguettebox' data-photonic-media-type=\"image\" data-content-type=\"image\" data-photonic-deep=\"gallery[photonic-wp-stream-1]\/953\/\" data-title=\"&lt;a href=&#039;https:\/\/www.kristensen-skjern.dk\/index.php\/skestork\/_dsc4116\/&#039; &gt;_DSC4116&lt;\/a&gt;\" data-photonic-tooltip=\"_DSC4116\">\n\t\t\t\t<img alt='_DSC4116' class='mosaic' data-src='https:\/\/www.kristensen-skjern.dk\/wp-content\/uploads\/2022\/02\/DSC4116.jpg' loading='lazy' width='2048' height='1365' \/>\n\t\t\t<\/a>\n\t\t<\/figure>\n\t\t<figure class='photonic-level-1 photonic-thumb'>\n\t\t\t<a href='https:\/\/www.kristensen-skjern.dk\/wp-content\/uploads\/2022\/02\/DSC4112.jpg' title='_DSC4112' rel='lightbox-photonic-wp-stream-1' class='photonic-lb photonic-baguettebox baguettebox' data-photonic-media-type=\"image\" data-content-type=\"image\" data-photonic-deep=\"gallery[photonic-wp-stream-1]\/954\/\" data-title=\"&lt;a href=&#039;https:\/\/www.kristensen-skjern.dk\/index.php\/skestork\/_dsc4112\/&#039; &gt;_DSC4112&lt;\/a&gt;\" data-photonic-tooltip=\"_DSC4112\">\n\t\t\t\t<img alt='_DSC4112' class='mosaic' data-src='https:\/\/www.kristensen-skjern.dk\/wp-content\/uploads\/2022\/02\/DSC4112.jpg' loading='lazy' width='2048' height='1366' \/>\n\t\t\t<\/a>\n\t\t<\/figure>\n\t\t<figure class='photonic-level-1 photonic-thumb'>\n\t\t\t<a href='https:\/\/www.kristensen-skjern.dk\/wp-content\/uploads\/2022\/02\/DSC4562.jpg' title='_DSC4562' rel='lightbox-photonic-wp-stream-1' class='photonic-lb photonic-baguettebox baguettebox' data-photonic-media-type=\"image\" data-content-type=\"image\" data-photonic-deep=\"gallery[photonic-wp-stream-1]\/955\/\" data-title=\"&lt;a href=&#039;https:\/\/www.kristensen-skjern.dk\/index.php\/skestork\/_dsc4562\/&#039; &gt;_DSC4562&lt;\/a&gt;\" data-photonic-tooltip=\"_DSC4562\">\n\t\t\t\t<img alt='_DSC4562' class='mosaic' data-src='https:\/\/www.kristensen-skjern.dk\/wp-content\/uploads\/2022\/02\/DSC4562.jpg' loading='lazy' width='2048' height='1366' \/>\n\t\t\t<\/a>\n\t\t<\/figure>\n\t\t<figure class='photonic-level-1 photonic-thumb'>\n\t\t\t<a href='https:\/\/www.kristensen-skjern.dk\/wp-content\/uploads\/2022\/02\/DSC4296.jpg' title='_DSC4296' rel='lightbox-photonic-wp-stream-1' class='photonic-lb photonic-baguettebox baguettebox' data-photonic-media-type=\"image\" data-content-type=\"image\" data-photonic-deep=\"gallery[photonic-wp-stream-1]\/956\/\" data-title=\"&lt;a href=&#039;https:\/\/www.kristensen-skjern.dk\/index.php\/skestork\/_dsc4296\/&#039; &gt;_DSC4296&lt;\/a&gt;\" data-photonic-tooltip=\"_DSC4296\">\n\t\t\t\t<img alt='_DSC4296' class='mosaic' data-src='https:\/\/www.kristensen-skjern.dk\/wp-content\/uploads\/2022\/02\/DSC4296.jpg' loading='lazy' width='2048' height='1364' \/>\n\t\t\t<\/a>\n\t\t<\/figure>\n\n\t<\/div> <!-- .\/photonic-level-1-container -->\n\t<span id='photonic-wp-stream-1-container-end'><\/span>\n<\/div><!-- .photonic-stream or .photonic-panel -->\n","protected":false},"excerpt":{"rendered":"<p>Skestorken er en fugl p\u00e5 st\u00f8rrelse med fiskehejren. Den er hvid og har et bredt langt n\u00e6b. N\u00e6bspidsen er gul og ligeledes det nederste af halsen og i yngletiden ogs\u00e5 nakketoppen. Skestorken lever af sm\u00e5fisk, muslinger, snegle, haletudser og insekter.V\u00e6gt:\u00a01,9\u00a0kg<\/p>\n","protected":false},"author":1,"featured_media":0,"parent":0,"menu_order":0,"comment_status":"closed","ping_status":"closed","template":"","meta":{"ngg_post_thumbnail":0,"footnotes":""},"class_list":["post-951","page","type-page","status-publish","hentry"],"_links":{"self":[{"href":"https:\/\/www.kristensen-skjern.dk\/index.php\/wp-json\/wp\/v2\/pages\/951","targetHints":{"allow":["GET"]}}],"collection":[{"href":"https:\/\/www.kristensen-skjern.dk\/index.php\/wp-json\/wp\/v2\/pages"}],"about":[{"href":"https:\/\/www.kristensen-skjern.dk\/index.php\/wp-json\/wp\/v2\/types\/page"}],"author":[{"embeddable":true,"href":"https:\/\/www.kristensen-skjern.dk\/index.php\/wp-json\/wp\/v2\/users\/1"}],"replies":[{"embeddable":true,"href":"https:\/\/www.kristensen-skjern.dk\/index.php\/wp-json\/wp\/v2\/comments?post=951"}],"version-history":[{"count":1,"href":"https:\/\/www.kristensen-skjern.dk\/index.php\/wp-json\/wp\/v2\/pages\/951\/revisions"}],"predecessor-version":[{"id":958,"href":"https:\/\/www.kristensen-skjern.dk\/index.php\/wp-json\/wp\/v2\/pages\/951\/revisions\/958"}],"wp:attachment":[{"href":"https:\/\/www.kristensen-skjern.dk\/index.php\/wp-json\/wp\/v2\/media?parent=951"}],"curies":[{"name":"wp","href":"https:\/\/api.w.org\/{rel}","templated":true}]}}