{"id":959,"date":"2022-02-14T07:35:04","date_gmt":"2022-02-14T08:35:04","guid":{"rendered":"https:\/\/www.kristensen-skjern.dk\/?page_id=959"},"modified":"2022-02-18T08:18:50","modified_gmt":"2022-02-18T09:18:50","slug":"hvid-stork","status":"publish","type":"page","link":"https:\/\/www.kristensen-skjern.dk\/index.php\/hvid-stork\/","title":{"rendered":"Hvid stork"},"content":{"rendered":"\n<h4 class=\"wp-block-heading\" id=\"hvid-stork-eller-almindelig-stork-er-en-fugl-i-familien-af-storke-der-er-udbredt-i-dele-af-europa-nordafrika-og-vestasien-i-danmark-var-storken-tidligere-en-almindelig-ynglefugl-men-er-nu-meget-sjaelden-vaegt-3-4-kg-voksen-billederne-er-ved-baekmarksbro\">Hvid stork eller almindelig stork er en fugl i familien af storke, der er udbredt i dele af Europa, Nordafrika og Vestasien. I Danmark var storken tidligere en almindelig ynglefugl, men er nu meget sj\u00e6lden..<br>V\u00e6gt:&nbsp;3,4&nbsp;kg (Voksen)<br>Billederne er ved B\u00e6kmarksbro<\/h4>\n\n\n<div class='photonic-wp-stream photonic-stream ' id='photonic-wp-stream-1'>\n\n\t<div id='photonic-wp-stream-1-container' class='title-display-tooltip photonic-level-1-container sizes-present photonic-mosaic-layout photonic-thumbnail-effect-zoom' data-photonic-platform=\"wp\" data-photonic-gallery-columns=\"auto\" data-photonic-query=\"order=ASC&amp;orderby=post__in&amp;id=959&amp;itemtag=figure&amp;icontag=div&amp;captiontag=figcaption&amp;size=thumbnail&amp;include=960,961,962,963,964,965,966,967,968,969,970,971,1024&amp;exclude=&amp;link=&amp;offset=0&amp;layout=mosaic&amp;custom_classes=&amp;alignment=&amp;caption=title&amp;page=1&amp;count=-1&amp;thumb_size=thumbnail&amp;slide_size=large&amp;type=default&amp;style=mosaic&amp;display=local&amp;ids=960,961,962,963,964,965,966,967,968,969,970,971,1024&amp;main_size=full&amp;tile_size=full&amp;show_gallery=Hvid stork&amp;columns=auto\">\n\t\t<figure class='photonic-level-1 photonic-thumb'>\n\t\t\t<a href='https:\/\/www.kristensen-skjern.dk\/wp-content\/uploads\/2022\/02\/DSC4276.jpg' title='_DSC4276' rel='lightbox-photonic-wp-stream-1' class='photonic-lb photonic-baguettebox baguettebox' data-photonic-media-type=\"image\" data-content-type=\"image\" data-photonic-deep=\"gallery[photonic-wp-stream-1]\/960\/\" data-title=\"&lt;a href=&#039;https:\/\/www.kristensen-skjern.dk\/index.php\/hvid-stork\/_dsc4276\/&#039; &gt;_DSC4276&lt;\/a&gt;\" data-photonic-tooltip=\"_DSC4276\">\n\t\t\t\t<img alt='_DSC4276' class='mosaic' data-src='https:\/\/www.kristensen-skjern.dk\/wp-content\/uploads\/2022\/02\/DSC4276.jpg' loading='lazy' width='2048' height='1366' \/>\n\t\t\t<\/a>\n\t\t<\/figure>\n\t\t<figure class='photonic-level-1 photonic-thumb'>\n\t\t\t<a href='https:\/\/www.kristensen-skjern.dk\/wp-content\/uploads\/2022\/02\/DSC4298.jpg' title='_DSC4298' rel='lightbox-photonic-wp-stream-1' class='photonic-lb photonic-baguettebox baguettebox' data-photonic-media-type=\"image\" data-content-type=\"image\" data-photonic-deep=\"gallery[photonic-wp-stream-1]\/961\/\" data-title=\"&lt;a href=&#039;https:\/\/www.kristensen-skjern.dk\/index.php\/hvid-stork\/_dsc4298\/&#039; &gt;_DSC4298&lt;\/a&gt;\" data-photonic-tooltip=\"_DSC4298\">\n\t\t\t\t<img alt='_DSC4298' class='mosaic' data-src='https:\/\/www.kristensen-skjern.dk\/wp-content\/uploads\/2022\/02\/DSC4298.jpg' loading='lazy' width='2048' height='1365' \/>\n\t\t\t<\/a>\n\t\t<\/figure>\n\t\t<figure class='photonic-level-1 photonic-thumb'>\n\t\t\t<a href='https:\/\/www.kristensen-skjern.dk\/wp-content\/uploads\/2022\/02\/DSC4316.jpg' title='_DSC4316' rel='lightbox-photonic-wp-stream-1' class='photonic-lb photonic-baguettebox baguettebox' data-photonic-media-type=\"image\" data-content-type=\"image\" data-photonic-deep=\"gallery[photonic-wp-stream-1]\/962\/\" data-title=\"&lt;a href=&#039;https:\/\/www.kristensen-skjern.dk\/index.php\/hvid-stork\/_dsc4316\/&#039; &gt;_DSC4316&lt;\/a&gt;\" data-photonic-tooltip=\"_DSC4316\">\n\t\t\t\t<img alt='_DSC4316' class='mosaic' data-src='https:\/\/www.kristensen-skjern.dk\/wp-content\/uploads\/2022\/02\/DSC4316.jpg' loading='lazy' width='2048' height='1366' \/>\n\t\t\t<\/a>\n\t\t<\/figure>\n\t\t<figure class='photonic-level-1 photonic-thumb'>\n\t\t\t<a href='https:\/\/www.kristensen-skjern.dk\/wp-content\/uploads\/2022\/02\/DSC4344.jpg' title='_DSC4344' rel='lightbox-photonic-wp-stream-1' class='photonic-lb photonic-baguettebox baguettebox' data-photonic-media-type=\"image\" data-content-type=\"image\" data-photonic-deep=\"gallery[photonic-wp-stream-1]\/963\/\" data-title=\"&lt;a href=&#039;https:\/\/www.kristensen-skjern.dk\/index.php\/hvid-stork\/_dsc4344\/&#039; &gt;_DSC4344&lt;\/a&gt;\" data-photonic-tooltip=\"_DSC4344\">\n\t\t\t\t<img alt='_DSC4344' class='mosaic' data-src='https:\/\/www.kristensen-skjern.dk\/wp-content\/uploads\/2022\/02\/DSC4344.jpg' loading='lazy' width='2048' height='1366' \/>\n\t\t\t<\/a>\n\t\t<\/figure>\n\t\t<figure class='photonic-level-1 photonic-thumb'>\n\t\t\t<a href='https:\/\/www.kristensen-skjern.dk\/wp-content\/uploads\/2022\/02\/DSC4356.jpg' title='_DSC4356' rel='lightbox-photonic-wp-stream-1' class='photonic-lb photonic-baguettebox baguettebox' data-photonic-media-type=\"image\" data-content-type=\"image\" data-photonic-deep=\"gallery[photonic-wp-stream-1]\/964\/\" data-title=\"&lt;a href=&#039;https:\/\/www.kristensen-skjern.dk\/index.php\/hvid-stork\/_dsc4356\/&#039; &gt;_DSC4356&lt;\/a&gt;\" data-photonic-tooltip=\"_DSC4356\">\n\t\t\t\t<img alt='_DSC4356' class='mosaic' data-src='https:\/\/www.kristensen-skjern.dk\/wp-content\/uploads\/2022\/02\/DSC4356.jpg' loading='lazy' width='2048' height='1365' \/>\n\t\t\t<\/a>\n\t\t<\/figure>\n\t\t<figure class='photonic-level-1 photonic-thumb'>\n\t\t\t<a href='https:\/\/www.kristensen-skjern.dk\/wp-content\/uploads\/2022\/02\/DSC6205.jpg' title='_DSC6205' rel='lightbox-photonic-wp-stream-1' class='photonic-lb photonic-baguettebox baguettebox' data-photonic-media-type=\"image\" data-content-type=\"image\" data-photonic-deep=\"gallery[photonic-wp-stream-1]\/965\/\" data-title=\"&lt;a href=&#039;https:\/\/www.kristensen-skjern.dk\/index.php\/hvid-stork\/_dsc6205\/&#039; &gt;_DSC6205&lt;\/a&gt;\" data-photonic-tooltip=\"_DSC6205\">\n\t\t\t\t<img alt='_DSC6205' class='mosaic' data-src='https:\/\/www.kristensen-skjern.dk\/wp-content\/uploads\/2022\/02\/DSC6205.jpg' loading='lazy' width='2048' height='1366' \/>\n\t\t\t<\/a>\n\t\t<\/figure>\n\t\t<figure class='photonic-level-1 photonic-thumb'>\n\t\t\t<a href='https:\/\/www.kristensen-skjern.dk\/wp-content\/uploads\/2022\/02\/DSC6214.jpg' title='_DSC6214' rel='lightbox-photonic-wp-stream-1' class='photonic-lb photonic-baguettebox baguettebox' data-photonic-media-type=\"image\" data-content-type=\"image\" data-photonic-deep=\"gallery[photonic-wp-stream-1]\/966\/\" data-title=\"&lt;a href=&#039;https:\/\/www.kristensen-skjern.dk\/index.php\/hvid-stork\/_dsc6214\/&#039; &gt;_DSC6214&lt;\/a&gt;\" data-photonic-tooltip=\"_DSC6214\">\n\t\t\t\t<img alt='_DSC6214' class='mosaic' data-src='https:\/\/www.kristensen-skjern.dk\/wp-content\/uploads\/2022\/02\/DSC6214.jpg' loading='lazy' width='2048' height='1366' \/>\n\t\t\t<\/a>\n\t\t<\/figure>\n\t\t<figure class='photonic-level-1 photonic-thumb'>\n\t\t\t<a href='https:\/\/www.kristensen-skjern.dk\/wp-content\/uploads\/2022\/02\/DSC6215.jpg' title='_DSC6215' rel='lightbox-photonic-wp-stream-1' class='photonic-lb photonic-baguettebox baguettebox' data-photonic-media-type=\"image\" data-content-type=\"image\" data-photonic-deep=\"gallery[photonic-wp-stream-1]\/967\/\" data-title=\"&lt;a href=&#039;https:\/\/www.kristensen-skjern.dk\/index.php\/hvid-stork\/_dsc6215\/&#039; &gt;_DSC6215&lt;\/a&gt;\" data-photonic-tooltip=\"_DSC6215\">\n\t\t\t\t<img alt='_DSC6215' class='mosaic' data-src='https:\/\/www.kristensen-skjern.dk\/wp-content\/uploads\/2022\/02\/DSC6215.jpg' loading='lazy' width='2048' height='1365' \/>\n\t\t\t<\/a>\n\t\t<\/figure>\n\t\t<figure class='photonic-level-1 photonic-thumb'>\n\t\t\t<a href='https:\/\/www.kristensen-skjern.dk\/wp-content\/uploads\/2022\/02\/DSC_3342.jpg' title='DSC_3342' rel='lightbox-photonic-wp-stream-1' class='photonic-lb photonic-baguettebox baguettebox' data-photonic-media-type=\"image\" data-content-type=\"image\" data-photonic-deep=\"gallery[photonic-wp-stream-1]\/968\/\" data-title=\"&lt;a href=&#039;https:\/\/www.kristensen-skjern.dk\/index.php\/hvid-stork\/dsc_3342\/&#039; &gt;DSC_3342&lt;\/a&gt;\" data-photonic-tooltip=\"DSC_3342\">\n\t\t\t\t<img alt='DSC_3342' class='mosaic' data-src='https:\/\/www.kristensen-skjern.dk\/wp-content\/uploads\/2022\/02\/DSC_3342.jpg' loading='lazy' width='2048' height='1365' \/>\n\t\t\t<\/a>\n\t\t<\/figure>\n\t\t<figure class='photonic-level-1 photonic-thumb'>\n\t\t\t<a href='https:\/\/www.kristensen-skjern.dk\/wp-content\/uploads\/2022\/02\/DSC_3344.jpg' title='DSC_3344' rel='lightbox-photonic-wp-stream-1' class='photonic-lb photonic-baguettebox baguettebox' data-photonic-media-type=\"image\" data-content-type=\"image\" data-photonic-deep=\"gallery[photonic-wp-stream-1]\/969\/\" data-title=\"&lt;a href=&#039;https:\/\/www.kristensen-skjern.dk\/index.php\/hvid-stork\/dsc_3344\/&#039; &gt;DSC_3344&lt;\/a&gt;\" data-photonic-tooltip=\"DSC_3344\">\n\t\t\t\t<img alt='DSC_3344' class='mosaic' data-src='https:\/\/www.kristensen-skjern.dk\/wp-content\/uploads\/2022\/02\/DSC_3344.jpg' loading='lazy' width='2048' height='1366' \/>\n\t\t\t<\/a>\n\t\t<\/figure>\n\t\t<figure class='photonic-level-1 photonic-thumb'>\n\t\t\t<a href='https:\/\/www.kristensen-skjern.dk\/wp-content\/uploads\/2022\/02\/DSC_6403.jpg' title='DSC_6403' rel='lightbox-photonic-wp-stream-1' class='photonic-lb photonic-baguettebox baguettebox' data-photonic-media-type=\"image\" data-content-type=\"image\" data-photonic-deep=\"gallery[photonic-wp-stream-1]\/970\/\" data-title=\"&lt;a href=&#039;https:\/\/www.kristensen-skjern.dk\/index.php\/hvid-stork\/dsc_6403\/&#039; &gt;DSC_6403&lt;\/a&gt;\" data-photonic-tooltip=\"DSC_6403\">\n\t\t\t\t<img alt='DSC_6403' class='mosaic' data-src='https:\/\/www.kristensen-skjern.dk\/wp-content\/uploads\/2022\/02\/DSC_6403.jpg' loading='lazy' width='2048' height='1365' \/>\n\t\t\t<\/a>\n\t\t<\/figure>\n\t\t<figure class='photonic-level-1 photonic-thumb'>\n\t\t\t<a href='https:\/\/www.kristensen-skjern.dk\/wp-content\/uploads\/2022\/02\/DSC_6405.jpg' title='DSC_6405' rel='lightbox-photonic-wp-stream-1' class='photonic-lb photonic-baguettebox baguettebox' data-photonic-media-type=\"image\" data-content-type=\"image\" data-photonic-deep=\"gallery[photonic-wp-stream-1]\/971\/\" data-title=\"&lt;a href=&#039;https:\/\/www.kristensen-skjern.dk\/index.php\/hvid-stork\/dsc_6405\/&#039; &gt;DSC_6405&lt;\/a&gt;\" data-photonic-tooltip=\"DSC_6405\">\n\t\t\t\t<img alt='DSC_6405' class='mosaic' data-src='https:\/\/www.kristensen-skjern.dk\/wp-content\/uploads\/2022\/02\/DSC_6405.jpg' loading='lazy' width='2048' height='1366' \/>\n\t\t\t<\/a>\n\t\t<\/figure>\n\t\t<figure class='photonic-level-1 photonic-thumb'>\n\t\t\t<a href='https:\/\/www.kristensen-skjern.dk\/wp-content\/uploads\/2022\/02\/DSC_0133.jpg' title='DSC_0133' rel='lightbox-photonic-wp-stream-1' class='photonic-lb photonic-baguettebox baguettebox' data-photonic-media-type=\"image\" data-content-type=\"image\" data-photonic-deep=\"gallery[photonic-wp-stream-1]\/1024\/\" data-title=\"&lt;a href=&#039;https:\/\/www.kristensen-skjern.dk\/index.php\/hvid-stork\/dsc_0133\/&#039; &gt;DSC_0133&lt;\/a&gt;\" data-photonic-tooltip=\"DSC_0133\">\n\t\t\t\t<img alt='DSC_0133' class='mosaic' data-src='https:\/\/www.kristensen-skjern.dk\/wp-content\/uploads\/2022\/02\/DSC_0133.jpg' loading='lazy' width='2048' height='1365' \/>\n\t\t\t<\/a>\n\t\t<\/figure>\n\n\t<\/div> <!-- .\/photonic-level-1-container -->\n\t<span id='photonic-wp-stream-1-container-end'><\/span>\n<\/div><!-- .photonic-stream or .photonic-panel -->\n","protected":false},"excerpt":{"rendered":"<p>Hvid stork eller almindelig stork er en fugl i familien af storke, der er udbredt i dele af Europa, Nordafrika og Vestasien. I Danmark var storken tidligere en almindelig ynglefugl, men er nu meget sj\u00e6lden..V\u00e6gt:&nbsp;3,4&nbsp;kg (Voksen)Billederne er ved B\u00e6kmarksbro<\/p>\n","protected":false},"author":1,"featured_media":0,"parent":0,"menu_order":0,"comment_status":"closed","ping_status":"closed","template":"","meta":{"ngg_post_thumbnail":0,"footnotes":""},"class_list":["post-959","page","type-page","status-publish","hentry"],"_links":{"self":[{"href":"https:\/\/www.kristensen-skjern.dk\/index.php\/wp-json\/wp\/v2\/pages\/959","targetHints":{"allow":["GET"]}}],"collection":[{"href":"https:\/\/www.kristensen-skjern.dk\/index.php\/wp-json\/wp\/v2\/pages"}],"about":[{"href":"https:\/\/www.kristensen-skjern.dk\/index.php\/wp-json\/wp\/v2\/types\/page"}],"author":[{"embeddable":true,"href":"https:\/\/www.kristensen-skjern.dk\/index.php\/wp-json\/wp\/v2\/users\/1"}],"replies":[{"embeddable":true,"href":"https:\/\/www.kristensen-skjern.dk\/index.php\/wp-json\/wp\/v2\/comments?post=959"}],"version-history":[{"count":2,"href":"https:\/\/www.kristensen-skjern.dk\/index.php\/wp-json\/wp\/v2\/pages\/959\/revisions"}],"predecessor-version":[{"id":1025,"href":"https:\/\/www.kristensen-skjern.dk\/index.php\/wp-json\/wp\/v2\/pages\/959\/revisions\/1025"}],"wp:attachment":[{"href":"https:\/\/www.kristensen-skjern.dk\/index.php\/wp-json\/wp\/v2\/media?parent=959"}],"curies":[{"name":"wp","href":"https:\/\/api.w.org\/{rel}","templated":true}]}}